{"id":50629,"date":"2020-09-11T15:38:35","date_gmt":"2020-09-11T15:38:35","guid":{"rendered":"https:\/\/www.deleage.com\/store\/?post_type=product&#038;p=50629"},"modified":"2024-12-24T09:42:57","modified_gmt":"2024-12-24T09:42:57","slug":"location-pupitre-orateur-conferencier","status":"publish","type":"product","link":"https:\/\/www.stratallhub.com\/store\/produit\/location-pupitre-orateur-conferencier\/","title":{"rendered":"Location PUPITRE CONFERENCIER en aluminium"},"content":{"rendered":"<div id='av_section_1'  class='avia-section av-av_section-8118409a20acebe2a1adc166152dd0c5 main_color avia-section-default avia-no-border-styling  avia-builder-el-0  el_before_av_section  avia-builder-el-first  avia-bg-style-scroll container_wrap fullsize'  ><div class='container av-section-cont-open' ><main  role=\"main\" itemprop=\"mainContentOfPage\"  class='template-page content  av-content-full alpha units'><div class='post-entry post-entry-type-page post-entry-50629'><div class='entry-content-wrapper clearfix'><div  class='flex_column av-av_one_full-2a9015ff38129c418a3f2eafba3e9512 av_one_full first flex_column_div  '     ><section  class='av_textblock_section av-av_textblock-18ec860c7e07088d2c0a993b614e8019 '   itemscope=\"itemscope\" itemtype=\"https:\/\/schema.org\/CreativeWork\" ><div class='avia_textblock'  itemprop=\"text\" ><h2 style='text-align: center;'>Nos derni\u00e8res r\u00e9alisations<\/h2>\n<\/div><\/section><\/p><\/div>\n<\/div><\/div><\/main><!-- close content main element --><\/div><\/div>\n<style type=\"text\/css\" data-created_by=\"avia_inline_auto\" id=\"style-css-av-2ljried-0ced8e0ad0902a1e894af520503f13ef\">\n.avia-section.av-2ljried-0ced8e0ad0902a1e894af520503f13ef{\nbackground-color:#e2211c;\nbackground-image:unset;\n}\n<\/style>\n<div id='av_section_2'  class='avia-section av-2ljried-0ced8e0ad0902a1e894af520503f13ef main_color avia-section-small avia-no-border-styling  avia-builder-el-2  el_after_av_section  el_before_av_section  avia-bg-style-scroll av-minimum-height av-minimum-height-custom av-height-custom  container_wrap fullsize'   data-av_minimum_height_px='310'><div class='container av-section-cont-open' style='height:310px'><div class='template-page content  av-content-full alpha units'><div class='post-entry post-entry-type-page post-entry-50629'><div class='entry-content-wrapper clearfix'>\n<div class='flex_column_table av-29vb6zp-e0328ae71a8f300be39e2b68ce3265a5 sc-av_one_half av-equal-height-column-flextable'>\n<style type=\"text\/css\" data-created_by=\"avia_inline_auto\" id=\"style-css-av-29vb6zp-e0328ae71a8f300be39e2b68ce3265a5\">\n.flex_column.av-29vb6zp-e0328ae71a8f300be39e2b68ce3265a5{\nborder-radius:0px 0px 0px 0px;\npadding:20px 0px 15px 0px;\n}\n<\/style>\n<div  class='flex_column av-29vb6zp-e0328ae71a8f300be39e2b68ce3265a5 av_one_half  avia-builder-el-3  avia-builder-el-no-sibling  first flex_column_table_cell av-equal-height-column av-align-top  '     ><style type=\"text\/css\" data-created_by=\"avia_inline_auto\" id=\"style-css-av-1h1gd9h-c70312549d31f05181e3ddc9328438b1\">\n#top .av_textblock_section.av-1h1gd9h-c70312549d31f05181e3ddc9328438b1 .avia_textblock{\ncolor:#ffffff;\n}\n<\/style>\n<section  class='av_textblock_section av-1h1gd9h-c70312549d31f05181e3ddc9328438b1 '   itemscope=\"itemscope\" itemtype=\"https:\/\/schema.org\/CreativeWork\" ><div class='avia_textblock av_inherit_color'  itemprop=\"text\" ><h2>Consultez notre e-catalogue location<\/h2>\n<p>Solutions pour salons, expositions, events : stands modulaires complets, r\u00e9utilisables et portables.<br \/>\nLes exemples ci-contre pr\u00e9sentent des stands fabriqu\u00e9s dans<br \/>\nnos ateliers et con\u00e7us par nos clients agences et partenaires.<\/p>\n<p>Habillage de cloison, cerce, comptoir, kakemono, tour, vitrine, stand parapluie, stand r\u00e9utilisable \u2026<\/p>\n<\/div><\/section><br \/>\n<div  class='avia-button-wrap av-12yo751-561b68d6456d660455be7e55dcccc673-wrap avia-button-left  avia-builder-el-4  avia-builder-el-no-sibling '>\n<style type=\"text\/css\" data-created_by=\"avia_inline_auto\" id=\"style-css-av-12yo751-561b68d6456d660455be7e55dcccc673\">\n#top #wrap_all .avia-button.av-12yo751-561b68d6456d660455be7e55dcccc673{\nbackground-color:#ffffff;\nborder-color:#ffffff;\ncolor:#8031a7;\ntransition:all 0.4s ease-in-out;\n}\n#top #wrap_all .avia-button.av-12yo751-561b68d6456d660455be7e55dcccc673 .avia-svg-icon svg:first-child{\nfill:#8031a7;\nstroke:#8031a7;\n}\n<\/style>\n<a href='https:\/\/www.stratallhub.com\/store\/wp-content\/uploads\/2020\/11\/Plaquette-BD-Location-2019.pdf'  class='avia-button av-12yo751-561b68d6456d660455be7e55dcccc673 av-link-btn avia-icon_select-no avia-size-large avia-position-left'  target=\"_blank\"  rel=\"noopener noreferrer\"  aria-label=\"T\u00c9L\u00c9CHARGER \"><span class='avia_iconbox_title' >T\u00c9L\u00c9CHARGER <\/span><\/a><\/div><\/p><\/div><\/div><!--close column table wrapper. Autoclose: 1 --><div class='flex_column_table av-jknlid-ae7065f77e30c7ff8d74f3634a513b63 sc-av_one_half av-equal-height-column-flextable'><div class='av-flex-placeholder'><\/div>\n<style type=\"text\/css\" data-created_by=\"avia_inline_auto\" id=\"style-css-av-jknlid-ae7065f77e30c7ff8d74f3634a513b63\">\n.flex_column.av-jknlid-ae7065f77e30c7ff8d74f3634a513b63{\nborder-radius:0px 0px 0px 0px;\npadding:0px 0px 0px 0px;\nbackground:url(https:\/\/www.stratallhub.com\/store\/wp-content\/uploads\/2019\/04\/location.png) 100% 100% no-repeat scroll ;\n}\n<\/style>\n<div  class='flex_column av-jknlid-ae7065f77e30c7ff8d74f3634a513b63 av_one_half flex_column_table_cell av-equal-height-column av-align-top av-zero-column-padding  '     ><\/div><\/div><!--close column table wrapper. Autoclose: 1 -->\n\n","protected":false},"excerpt":{"rendered":"","protected":false},"featured_media":45451,"comment_status":"open","ping_status":"closed","template":"","meta":{"_acf_changed":false},"product_brand":[],"product_cat":[232],"product_tag":[],"class_list":{"0":"post-50629","1":"product","2":"type-product","3":"status-publish","4":"has-post-thumbnail","6":"product_cat-comptoirs","7":"product_shipping_class-dpd-jusqua-30-kg-3m-3-cotes","8":"wcpa_has_options","10":"first","11":"instock","12":"taxable","13":"shipping-taxable","14":"purchasable","15":"product-type-simple"},"acf":[],"yoast_head":"<!-- This site is optimized with the Yoast SEO plugin v27.2 - https:\/\/yoast.com\/product\/yoast-seo-wordpress\/ -->\n<title>Location PUPITRE CONFERENCIER en aluminium - Store Del\u00e9age<\/title>\n<meta name=\"description\" content=\"D\u00e9couvrez notre Location PUPITRE CONFERENCIER en aluminium sur le Store Del\u00e9age. Livraison en France, devis en 24H\" \/>\n<meta name=\"robots\" content=\"noindex, follow, max-snippet:-1, max-image-preview:large, max-video-preview:-1\" \/>\n<meta property=\"og:locale\" content=\"fr_FR\" \/>\n<meta property=\"og:type\" content=\"article\" \/>\n<meta property=\"og:title\" content=\"Location PUPITRE CONFERENCIER en aluminium - Store Del\u00e9age\" \/>\n<meta property=\"og:description\" content=\"D\u00e9couvrez notre Location PUPITRE CONFERENCIER en aluminium sur le Store Del\u00e9age. Livraison en France, devis en 24H\" \/>\n<meta property=\"og:url\" content=\"https:\/\/www.stratallhub.com\/store\/produit\/location-pupitre-orateur-conferencier\/\" \/>\n<meta property=\"og:site_name\" content=\"Store Del\u00e9age\" \/>\n<meta property=\"article:publisher\" content=\"http:\/\/facebook.com\/deleageexpansion\" \/>\n<meta property=\"article:modified_time\" content=\"2024-12-24T09:42:57+00:00\" \/>\n<meta property=\"og:image\" content=\"https:\/\/www.stratallhub.com\/store\/wp-content\/uploads\/2022\/02\/pupitre-de-scene-incline.jpg\" \/>\n\t<meta property=\"og:image:width\" content=\"1200\" \/>\n\t<meta property=\"og:image:height\" content=\"1200\" \/>\n\t<meta property=\"og:image:type\" content=\"image\/jpeg\" \/>\n<meta name=\"twitter:card\" content=\"summary_large_image\" \/>\n<meta name=\"twitter:label1\" content=\"Dur\u00e9e de lecture estim\u00e9e\" \/>\n\t<meta name=\"twitter:data1\" content=\"4 minutes\" \/>\n<script type=\"application\/ld+json\" class=\"yoast-schema-graph\">{\"@context\":\"https:\/\/schema.org\",\"@graph\":[{\"@type\":\"WebPage\",\"@id\":\"https:\/\/www.stratallhub.com\/store\/produit\/location-pupitre-orateur-conferencier\/\",\"url\":\"https:\/\/www.stratallhub.com\/store\/produit\/location-pupitre-orateur-conferencier\/\",\"name\":\"Location PUPITRE CONFERENCIER en aluminium - Store Del\u00e9age\",\"isPartOf\":{\"@id\":\"https:\/\/www.stratallhub.com\/store\/#website\"},\"primaryImageOfPage\":{\"@id\":\"https:\/\/www.stratallhub.com\/store\/produit\/location-pupitre-orateur-conferencier\/#primaryimage\"},\"image\":{\"@id\":\"https:\/\/www.stratallhub.com\/store\/produit\/location-pupitre-orateur-conferencier\/#primaryimage\"},\"thumbnailUrl\":\"https:\/\/www.stratallhub.com\/store\/wp-content\/uploads\/2022\/02\/pupitre-de-scene-incline.jpg\",\"datePublished\":\"2020-09-11T15:38:35+00:00\",\"dateModified\":\"2024-12-24T09:42:57+00:00\",\"description\":\"D\u00e9couvrez notre Location PUPITRE CONFERENCIER en aluminium sur le Store Del\u00e9age. Livraison en France, devis en 24H\",\"breadcrumb\":{\"@id\":\"https:\/\/www.stratallhub.com\/store\/produit\/location-pupitre-orateur-conferencier\/#breadcrumb\"},\"inLanguage\":\"fr-FR\",\"potentialAction\":[{\"@type\":\"ReadAction\",\"target\":[\"https:\/\/www.stratallhub.com\/store\/produit\/location-pupitre-orateur-conferencier\/\"]}]},{\"@type\":\"ImageObject\",\"inLanguage\":\"fr-FR\",\"@id\":\"https:\/\/www.stratallhub.com\/store\/produit\/location-pupitre-orateur-conferencier\/#primaryimage\",\"url\":\"https:\/\/www.stratallhub.com\/store\/wp-content\/uploads\/2022\/02\/pupitre-de-scene-incline.jpg\",\"contentUrl\":\"https:\/\/www.stratallhub.com\/store\/wp-content\/uploads\/2022\/02\/pupitre-de-scene-incline.jpg\",\"width\":1200,\"height\":1200,\"caption\":\"Pupitre orateur version inclin\u00e9\"},{\"@type\":\"WebSite\",\"@id\":\"https:\/\/www.stratallhub.com\/store\/#website\",\"url\":\"https:\/\/www.stratallhub.com\/store\/\",\"name\":\"Store Del\u00e9age\",\"description\":\"Just another WordPress site\",\"publisher\":{\"@id\":\"https:\/\/www.stratallhub.com\/store\/#organization\"},\"potentialAction\":[{\"@type\":\"SearchAction\",\"target\":{\"@type\":\"EntryPoint\",\"urlTemplate\":\"https:\/\/www.stratallhub.com\/store\/?s={search_term_string}\"},\"query-input\":{\"@type\":\"PropertyValueSpecification\",\"valueRequired\":true,\"valueName\":\"search_term_string\"}}],\"inLanguage\":\"fr-FR\"},{\"@type\":\"Organization\",\"@id\":\"https:\/\/www.stratallhub.com\/store\/#organization\",\"name\":\"Del\u00e9age Expansion\",\"url\":\"https:\/\/www.stratallhub.com\/store\/\",\"logo\":{\"@type\":\"ImageObject\",\"inLanguage\":\"fr-FR\",\"@id\":\"https:\/\/www.stratallhub.com\/store\/#\/schema\/logo\/image\/\",\"url\":\"https:\/\/www.deleage.com\/store\/wp-content\/uploads\/2018\/04\/logo-violet.png\",\"contentUrl\":\"https:\/\/www.deleage.com\/store\/wp-content\/uploads\/2018\/04\/logo-violet.png\",\"width\":316,\"height\":275,\"caption\":\"Del\u00e9age Expansion\"},\"image\":{\"@id\":\"https:\/\/www.stratallhub.com\/store\/#\/schema\/logo\/image\/\"},\"sameAs\":[\"http:\/\/facebook.com\/deleageexpansion\"]}]}<\/script>\n<!-- \/ Yoast SEO plugin. -->","yoast_head_json":{"title":"Location PUPITRE CONFERENCIER en aluminium - Store Del\u00e9age","description":"D\u00e9couvrez notre Location PUPITRE CONFERENCIER en aluminium sur le Store Del\u00e9age. Livraison en France, devis en 24H","robots":{"index":"noindex","follow":"follow","max-snippet":"max-snippet:-1","max-image-preview":"max-image-preview:large","max-video-preview":"max-video-preview:-1"},"og_locale":"fr_FR","og_type":"article","og_title":"Location PUPITRE CONFERENCIER en aluminium - Store Del\u00e9age","og_description":"D\u00e9couvrez notre Location PUPITRE CONFERENCIER en aluminium sur le Store Del\u00e9age. Livraison en France, devis en 24H","og_url":"https:\/\/www.stratallhub.com\/store\/produit\/location-pupitre-orateur-conferencier\/","og_site_name":"Store Del\u00e9age","article_publisher":"http:\/\/facebook.com\/deleageexpansion","article_modified_time":"2024-12-24T09:42:57+00:00","og_image":[{"width":1200,"height":1200,"url":"https:\/\/www.stratallhub.com\/store\/wp-content\/uploads\/2022\/02\/pupitre-de-scene-incline.jpg","type":"image\/jpeg"}],"twitter_card":"summary_large_image","twitter_misc":{"Dur\u00e9e de lecture estim\u00e9e":"4 minutes"},"schema":{"@context":"https:\/\/schema.org","@graph":[{"@type":"WebPage","@id":"https:\/\/www.stratallhub.com\/store\/produit\/location-pupitre-orateur-conferencier\/","url":"https:\/\/www.stratallhub.com\/store\/produit\/location-pupitre-orateur-conferencier\/","name":"Location PUPITRE CONFERENCIER en aluminium - Store Del\u00e9age","isPartOf":{"@id":"https:\/\/www.stratallhub.com\/store\/#website"},"primaryImageOfPage":{"@id":"https:\/\/www.stratallhub.com\/store\/produit\/location-pupitre-orateur-conferencier\/#primaryimage"},"image":{"@id":"https:\/\/www.stratallhub.com\/store\/produit\/location-pupitre-orateur-conferencier\/#primaryimage"},"thumbnailUrl":"https:\/\/www.stratallhub.com\/store\/wp-content\/uploads\/2022\/02\/pupitre-de-scene-incline.jpg","datePublished":"2020-09-11T15:38:35+00:00","dateModified":"2024-12-24T09:42:57+00:00","description":"D\u00e9couvrez notre Location PUPITRE CONFERENCIER en aluminium sur le Store Del\u00e9age. Livraison en France, devis en 24H","breadcrumb":{"@id":"https:\/\/www.stratallhub.com\/store\/produit\/location-pupitre-orateur-conferencier\/#breadcrumb"},"inLanguage":"fr-FR","potentialAction":[{"@type":"ReadAction","target":["https:\/\/www.stratallhub.com\/store\/produit\/location-pupitre-orateur-conferencier\/"]}]},{"@type":"ImageObject","inLanguage":"fr-FR","@id":"https:\/\/www.stratallhub.com\/store\/produit\/location-pupitre-orateur-conferencier\/#primaryimage","url":"https:\/\/www.stratallhub.com\/store\/wp-content\/uploads\/2022\/02\/pupitre-de-scene-incline.jpg","contentUrl":"https:\/\/www.stratallhub.com\/store\/wp-content\/uploads\/2022\/02\/pupitre-de-scene-incline.jpg","width":1200,"height":1200,"caption":"Pupitre orateur version inclin\u00e9"},{"@type":"WebSite","@id":"https:\/\/www.stratallhub.com\/store\/#website","url":"https:\/\/www.stratallhub.com\/store\/","name":"Store Del\u00e9age","description":"Just another WordPress site","publisher":{"@id":"https:\/\/www.stratallhub.com\/store\/#organization"},"potentialAction":[{"@type":"SearchAction","target":{"@type":"EntryPoint","urlTemplate":"https:\/\/www.stratallhub.com\/store\/?s={search_term_string}"},"query-input":{"@type":"PropertyValueSpecification","valueRequired":true,"valueName":"search_term_string"}}],"inLanguage":"fr-FR"},{"@type":"Organization","@id":"https:\/\/www.stratallhub.com\/store\/#organization","name":"Del\u00e9age Expansion","url":"https:\/\/www.stratallhub.com\/store\/","logo":{"@type":"ImageObject","inLanguage":"fr-FR","@id":"https:\/\/www.stratallhub.com\/store\/#\/schema\/logo\/image\/","url":"https:\/\/www.deleage.com\/store\/wp-content\/uploads\/2018\/04\/logo-violet.png","contentUrl":"https:\/\/www.deleage.com\/store\/wp-content\/uploads\/2018\/04\/logo-violet.png","width":316,"height":275,"caption":"Del\u00e9age Expansion"},"image":{"@id":"https:\/\/www.stratallhub.com\/store\/#\/schema\/logo\/image\/"},"sameAs":["http:\/\/facebook.com\/deleageexpansion"]}]}},"wcpa_form_fields":{"wcpaData":{"product":{"product_price":175,"price_html":"<span class=\"woocommerce-Price-amount amount\"><bdi>175<span class=\"woocommerce-Price-currencySymbol\"> \u20ac<\/span><\/bdi><\/span> <small class=\"woocommerce-price-suffix\">ht<\/small>","original_product_price":175,"price_including_tax":210,"price_excluding_tax":175,"product_id":{"parent":50629,"variation":false},"is_variable":false,"stock_status":"instock","stock_quantity":null,"parent_sku":"pupitre-rectangulaire-1","product_attributes":{"choisir-un-modele":{"is_variation":false,"values":["Avec habillage (imprim\u00e9)","Sans habillage (design)"]},"choisir-un-plateau":{"is_variation":false,"values":["Inclin\u00e9","Horizontal"]}},"custom_fields":[],"is_taxable":true},"fields":{"sec_966f3cd421cda0":{"extra":{"key":"sec_966f3cd421cda0","section_id":"sec_966f3cd421cda0","name":"Default","status":1,"cl_rule":"show","enableCl":false,"relations":[],"toggle":true,"title_tag":"h3","show_title":false,"showPrice":"default","form_id":50656,"form_rules":{"exclude_from_discount":false,"fee_label":"Fee","disp_hide_options_price":true,"disp_show_section_price":false,"disp_show_field_price":false,"layout_option":"standard","pric_use_as_fee":false,"process_fee_as":"woo_fee"},"layout_option":"standard"},"fields":[[{"active":true,"col":6,"relations":false,"cl_rule":"show","enableCl":false,"price":"","enablePrice":true,"className":"titre_relief","label_position":"default","desc_position":"default","type":"image-group","required":false,"elementId":"image_3844448125","label":"Choisir un mod\u00e8le","name":"image_3844448125","enable_popup":"all","multiple":false,"layOut":"inline","img_selection_type":"outline","disp_type":"square","values":[{"label":"Standard imprim\u00e9","value":"habillage","selected":false,"image":"https:\/\/www.stratallhub.com\/store\/wp-content\/uploads\/2022\/02\/PupitreT3-50-det.jpg","thumb":"https:\/\/www.stratallhub.com\/store\/wp-content\/uploads\/2022\/02\/PupitreT3-50-det-80x80.jpg","tempId":"aco_158","image_id":45917,"price":"175","thumb_src":"https:\/\/www.stratallhub.com\/store\/wp-content\/uploads\/2022\/02\/PupitreT3-50-det-180x180.jpg","gt_translate_keys":["label"]},{"label":"Design ","value":"design","selected":false,"image":"https:\/\/www.stratallhub.com\/store\/wp-content\/uploads\/2022\/02\/Pupitre2Det1.jpg","thumb":"https:\/\/www.stratallhub.com\/store\/wp-content\/uploads\/2022\/02\/Pupitre2Det1-80x80.jpg","tempId":"aco_159","image_id":45916,"price":"195","thumb_src":"https:\/\/www.stratallhub.com\/store\/wp-content\/uploads\/2022\/02\/Pupitre2Det1-180x180.jpg","gt_translate_keys":["label"]},{"label":"Design imprim\u00e9","value":"impression","selected":false,"image":"https:\/\/www.stratallhub.com\/store\/wp-content\/uploads\/2024\/10\/Pupitrefacade.jpg","thumb":"https:\/\/www.stratallhub.com\/store\/wp-content\/uploads\/2024\/10\/Pupitrefacade-80x80.jpg","tempId":"aco_58","image_id":50710,"price":"244","thumb_src":"https:\/\/www.stratallhub.com\/store\/wp-content\/uploads\/2024\/10\/Pupitrefacade-180x180.jpg","gt_translate_keys":["label"]}],"disp_size_img":{"width":"150","height":"150"},"error":false,"priceOptions":"different_for_all","pricingType":"fixed","gt_translate_keys":["label"],"price_dependency":false,"cl_dependency":false,"value":""}],[{"type":"radio-group","elementId":"radio-group_266f3cd421cdca","label":"Choisir un plateau","enablePrice":false,"priceOptions":"different_for_all","pricingType":"fixed","className":"titre_relief","name":"radio-group-1722432650001","other_text":"Other","cl_rule":"show","col":6,"values":[{"label":"Inclin\u00e9","value":"option-1","price":"200","pimage":"","pimage_id":"","pthumb":"","tempId":"aco_350","gt_translate_keys":["label"]},{"label":"Horizontal","value":"option-2","price":"280","pimage":"","pimage_id":"","pthumb":"","tempId":"aco_351","gt_translate_keys":["label"]}],"relations":false,"price":0,"active":true,"tooltip":"","layOut":"","checkUi":"","error":false,"gt_translate_keys":["label","tooltip"],"price_dependency":false,"cl_dependency":false,"value":""}]]}},"config":{"price_override":"if_gt_zero","enable_recaptcha":false,"bind_quantity":false,"quantity_bind_formula":"","disp_summ_show_option_price":false,"disp_summ_show_product_price":false,"disp_summ_show_total_price":true,"disp_summ_show_fee":false,"disp_summ_show_discount":false,"summary_title":"","options_total_label":"Options Price","total_label":"Total","options_product_label":"Product Price","fee_label":"Fee","discount_label":"Discount","has_price":true,"has_quantity_formula":false},"mc_unit":1,"tax_rate":1,"tax_rate_real":0.2,"discount":{"percentage":0,"fixed":0},"design":{"conf":{"LabelPosition":"above","DescPosition":"above","UploadField":"custom_1","QuantityFieldStyle":"default"},"css":{"LeftLabelWidth":"120px"}},"formulas":[],"clones":false,"cartKey":false}},"_links":{"self":[{"href":"https:\/\/www.stratallhub.com\/store\/wp-json\/wp\/v2\/product\/50629","targetHints":{"allow":["GET"]}}],"collection":[{"href":"https:\/\/www.stratallhub.com\/store\/wp-json\/wp\/v2\/product"}],"about":[{"href":"https:\/\/www.stratallhub.com\/store\/wp-json\/wp\/v2\/types\/product"}],"replies":[{"embeddable":true,"href":"https:\/\/www.stratallhub.com\/store\/wp-json\/wp\/v2\/comments?post=50629"}],"wp:featuredmedia":[{"embeddable":true,"href":"https:\/\/www.stratallhub.com\/store\/wp-json\/wp\/v2\/media\/45451"}],"wp:attachment":[{"href":"https:\/\/www.stratallhub.com\/store\/wp-json\/wp\/v2\/media?parent=50629"}],"wp:term":[{"taxonomy":"product_brand","embeddable":true,"href":"https:\/\/www.stratallhub.com\/store\/wp-json\/wp\/v2\/product_brand?post=50629"},{"taxonomy":"product_cat","embeddable":true,"href":"https:\/\/www.stratallhub.com\/store\/wp-json\/wp\/v2\/product_cat?post=50629"},{"taxonomy":"product_tag","embeddable":true,"href":"https:\/\/www.stratallhub.com\/store\/wp-json\/wp\/v2\/product_tag?post=50629"}],"curies":[{"name":"wp","href":"https:\/\/api.w.org\/{rel}","templated":true}]}}