{"id":48841,"date":"2023-02-16T11:07:38","date_gmt":"2023-02-16T11:07:38","guid":{"rendered":"https:\/\/www.deleage.com\/store\/?post_type=product&#038;p=48841"},"modified":"2025-05-20T07:39:23","modified_gmt":"2025-05-20T07:39:23","slug":"roue-de-la-fortune-design-en-location","status":"publish","type":"product","link":"https:\/\/www.stratallhub.com\/store\/produit\/roue-de-la-fortune-design-en-location\/","title":{"rendered":"Location ROUE DE LA FORTUNE design et personnalis\u00e9e"},"content":{"rendered":"<div id='av_section_1'  class='avia-section av-av_section-8118409a20acebe2a1adc166152dd0c5 main_color avia-section-default avia-no-border-styling  avia-builder-el-0  el_before_av_section  avia-builder-el-first  avia-bg-style-scroll container_wrap fullsize'  ><div class='container av-section-cont-open' ><main  role=\"main\" itemprop=\"mainContentOfPage\"  class='template-page content  av-content-full alpha units'><div class='post-entry post-entry-type-page post-entry-48841'><div class='entry-content-wrapper clearfix'><div  class='flex_column av-av_one_full-2a9015ff38129c418a3f2eafba3e9512 av_one_full first flex_column_div  '     ><section  class='av_textblock_section av-av_textblock-18ec860c7e07088d2c0a993b614e8019 '   itemscope=\"itemscope\" itemtype=\"https:\/\/schema.org\/CreativeWork\" ><div class='avia_textblock'  itemprop=\"text\" ><h2 style='text-align: center;'>Nos derni\u00e8res r\u00e9alisations<\/h2>\n<\/div><\/section><\/p><\/div>\n<\/div><\/div><\/main><!-- close content main element --><\/div><\/div>\n<style type=\"text\/css\" data-created_by=\"avia_inline_auto\" id=\"style-css-av-2o9rf6x-519b5f708dc8ce603321533a497197d9\">\n.avia-section.av-2o9rf6x-519b5f708dc8ce603321533a497197d9{\nbackground-color:#e2211c;\nbackground-image:unset;\n}\n<\/style>\n<div id='av_section_2'  class='avia-section av-2o9rf6x-519b5f708dc8ce603321533a497197d9 main_color avia-section-small avia-no-border-styling  avia-builder-el-2  el_after_av_section  el_before_av_section  avia-bg-style-scroll av-minimum-height av-minimum-height-custom av-height-custom  container_wrap fullsize'   data-av_minimum_height_px='310'><div class='container av-section-cont-open' style='height:310px'><div class='template-page content  av-content-full alpha units'><div class='post-entry post-entry-type-page post-entry-48841'><div class='entry-content-wrapper clearfix'>\n<div class='flex_column_table av-266jhpl-3e5bbf2598bdc3539bba6c55a0f84faf sc-av_one_half av-equal-height-column-flextable'>\n<style type=\"text\/css\" data-created_by=\"avia_inline_auto\" id=\"style-css-av-266jhpl-3e5bbf2598bdc3539bba6c55a0f84faf\">\n.flex_column.av-266jhpl-3e5bbf2598bdc3539bba6c55a0f84faf{\nborder-radius:0px 0px 0px 0px;\npadding:20px 0px 15px 0px;\n}\n<\/style>\n<div  class='flex_column av-266jhpl-3e5bbf2598bdc3539bba6c55a0f84faf av_one_half  avia-builder-el-3  avia-builder-el-no-sibling  first flex_column_table_cell av-equal-height-column av-align-top  '     ><style type=\"text\/css\" data-created_by=\"avia_inline_auto\" id=\"style-css-av-1rj1fqh-233cb653b6ed76c0f2e17dbb035e49db\">\n#top .av_textblock_section.av-1rj1fqh-233cb653b6ed76c0f2e17dbb035e49db .avia_textblock{\ncolor:#ffffff;\n}\n<\/style>\n<section  class='av_textblock_section av-1rj1fqh-233cb653b6ed76c0f2e17dbb035e49db '   itemscope=\"itemscope\" itemtype=\"https:\/\/schema.org\/CreativeWork\" ><div class='avia_textblock av_inherit_color'  itemprop=\"text\" ><h2>Consultez notre e-catalogue location<\/h2>\n<p>Solutions pour salons, expositions, events : stands modulaires complets, r\u00e9utilisables et portables.<br \/>\nLes exemples ci-contre pr\u00e9sentent des stands fabriqu\u00e9s dans<br \/>\nnos ateliers et con\u00e7us par nos clients agences et partenaires.<\/p>\n<p>Habillage de cloison, cerce, comptoir, kakemono, tour, vitrine, stand parapluie, stand r\u00e9utilisable \u2026<\/p>\n<\/div><\/section><br \/>\n<div  class='avia-button-wrap av-1594p1l-d2d29c0551ebe2430646375b9fb4be4d-wrap avia-button-left  avia-builder-el-4  avia-builder-el-no-sibling '>\n<style type=\"text\/css\" data-created_by=\"avia_inline_auto\" id=\"style-css-av-1594p1l-d2d29c0551ebe2430646375b9fb4be4d\">\n#top #wrap_all .avia-button.av-1594p1l-d2d29c0551ebe2430646375b9fb4be4d{\nbackground-color:#ffffff;\nborder-color:#ffffff;\ncolor:#8031a7;\ntransition:all 0.4s ease-in-out;\n}\n#top #wrap_all .avia-button.av-1594p1l-d2d29c0551ebe2430646375b9fb4be4d .avia-svg-icon svg:first-child{\nfill:#8031a7;\nstroke:#8031a7;\n}\n<\/style>\n<a href='https:\/\/www.stratallhub.com\/store\/wp-content\/uploads\/2020\/11\/Plaquette-BD-Location-2019.pdf'  class='avia-button av-1594p1l-d2d29c0551ebe2430646375b9fb4be4d av-link-btn avia-icon_select-no avia-size-large avia-position-left'  target=\"_blank\"  rel=\"noopener noreferrer\"  aria-label=\"T\u00c9L\u00c9CHARGER \"><span class='avia_iconbox_title' >T\u00c9L\u00c9CHARGER <\/span><\/a><\/div><\/p><\/div><\/div><!--close column table wrapper. Autoclose: 1 --><div class='flex_column_table av-n3y19l-0a1a860125866f200fed9654ff988dfc sc-av_one_half av-equal-height-column-flextable'><div class='av-flex-placeholder'><\/div>\n<style type=\"text\/css\" data-created_by=\"avia_inline_auto\" id=\"style-css-av-n3y19l-0a1a860125866f200fed9654ff988dfc\">\n.flex_column.av-n3y19l-0a1a860125866f200fed9654ff988dfc{\nborder-radius:0px 0px 0px 0px;\npadding:0px 0px 0px 0px;\nbackground:url(https:\/\/www.stratallhub.com\/store\/wp-content\/uploads\/2019\/04\/location.png) 100% 100% no-repeat scroll ;\n}\n<\/style>\n<div  class='flex_column av-n3y19l-0a1a860125866f200fed9654ff988dfc av_one_half flex_column_table_cell av-equal-height-column av-align-top av-zero-column-padding  '     ><\/div><\/div><!--close column table wrapper. Autoclose: 1 -->\n\n","protected":false},"excerpt":{"rendered":"","protected":false},"featured_media":48846,"comment_status":"open","ping_status":"closed","template":"","meta":{"_acf_changed":false},"product_brand":[],"product_cat":[326],"product_tag":[],"class_list":{"0":"post-48841","1":"product","2":"type-product","3":"status-publish","4":"has-post-thumbnail","6":"product_cat-roue-de-fortune","7":"product_shipping_class-dpd-jusqua-30-kg-3m-3-cotes","8":"wcpa_has_options","10":"first","11":"outofstock","12":"taxable","13":"shipping-taxable","14":"purchasable","15":"product-type-simple"},"acf":[],"yoast_head":"<!-- This site is optimized with the Yoast SEO plugin v27.2 - https:\/\/yoast.com\/product\/yoast-seo-wordpress\/ -->\n<title>Location roue de la fortune - Store Del\u00e9age<\/title>\n<meta name=\"description\" content=\"La roue de loterie WHEEL DESIGN est livr\u00e9e mont\u00e9e. Le prix de la location est donn\u00e9 pour une utilisation de 1 \u00e0 15 jours.\" \/>\n<meta name=\"robots\" content=\"noindex, follow, max-snippet:-1, max-image-preview:large, max-video-preview:-1\" \/>\n<meta property=\"og:locale\" content=\"fr_FR\" \/>\n<meta property=\"og:type\" content=\"article\" \/>\n<meta property=\"og:title\" content=\"Location roue de la fortune - Store Del\u00e9age\" \/>\n<meta property=\"og:description\" content=\"La roue de loterie WHEEL DESIGN est livr\u00e9e mont\u00e9e. Le prix de la location est donn\u00e9 pour une utilisation de 1 \u00e0 15 jours.\" \/>\n<meta property=\"og:url\" content=\"https:\/\/www.stratallhub.com\/store\/produit\/roue-de-la-fortune-design-en-location\/\" \/>\n<meta property=\"og:site_name\" content=\"Store Del\u00e9age\" \/>\n<meta property=\"article:publisher\" content=\"http:\/\/facebook.com\/deleageexpansion\" \/>\n<meta property=\"article:modified_time\" content=\"2025-05-20T07:39:23+00:00\" \/>\n<meta property=\"og:image\" content=\"https:\/\/www.stratallhub.com\/store\/wp-content\/uploads\/2023\/01\/roue-de-loterie-personnalisee.png\" \/>\n\t<meta property=\"og:image:width\" content=\"2000\" \/>\n\t<meta property=\"og:image:height\" content=\"2000\" \/>\n\t<meta property=\"og:image:type\" content=\"image\/png\" \/>\n<meta name=\"twitter:card\" content=\"summary_large_image\" \/>\n<meta name=\"twitter:label1\" content=\"Dur\u00e9e de lecture estim\u00e9e\" \/>\n\t<meta name=\"twitter:data1\" content=\"6 minutes\" \/>\n<script type=\"application\/ld+json\" class=\"yoast-schema-graph\">{\"@context\":\"https:\/\/schema.org\",\"@graph\":[{\"@type\":\"WebPage\",\"@id\":\"https:\/\/www.stratallhub.com\/store\/produit\/roue-de-la-fortune-design-en-location\/\",\"url\":\"https:\/\/www.stratallhub.com\/store\/produit\/roue-de-la-fortune-design-en-location\/\",\"name\":\"Location roue de la fortune - Store Del\u00e9age\",\"isPartOf\":{\"@id\":\"https:\/\/www.stratallhub.com\/store\/#website\"},\"primaryImageOfPage\":{\"@id\":\"https:\/\/www.stratallhub.com\/store\/produit\/roue-de-la-fortune-design-en-location\/#primaryimage\"},\"image\":{\"@id\":\"https:\/\/www.stratallhub.com\/store\/produit\/roue-de-la-fortune-design-en-location\/#primaryimage\"},\"thumbnailUrl\":\"https:\/\/www.stratallhub.com\/store\/wp-content\/uploads\/2023\/01\/roue-de-loterie-personnalisee.png\",\"datePublished\":\"2023-02-16T11:07:38+00:00\",\"dateModified\":\"2025-05-20T07:39:23+00:00\",\"description\":\"La roue de loterie WHEEL DESIGN est livr\u00e9e mont\u00e9e. Le prix de la location est donn\u00e9 pour une utilisation de 1 \u00e0 15 jours.\",\"breadcrumb\":{\"@id\":\"https:\/\/www.stratallhub.com\/store\/produit\/roue-de-la-fortune-design-en-location\/#breadcrumb\"},\"inLanguage\":\"fr-FR\",\"potentialAction\":[{\"@type\":\"ReadAction\",\"target\":[\"https:\/\/www.stratallhub.com\/store\/produit\/roue-de-la-fortune-design-en-location\/\"]}]},{\"@type\":\"ImageObject\",\"inLanguage\":\"fr-FR\",\"@id\":\"https:\/\/www.stratallhub.com\/store\/produit\/roue-de-la-fortune-design-en-location\/#primaryimage\",\"url\":\"https:\/\/www.stratallhub.com\/store\/wp-content\/uploads\/2023\/01\/roue-de-loterie-personnalisee.png\",\"contentUrl\":\"https:\/\/www.stratallhub.com\/store\/wp-content\/uploads\/2023\/01\/roue-de-loterie-personnalisee.png\",\"width\":2000,\"height\":2000},{\"@type\":\"WebSite\",\"@id\":\"https:\/\/www.stratallhub.com\/store\/#website\",\"url\":\"https:\/\/www.stratallhub.com\/store\/\",\"name\":\"Store Del\u00e9age\",\"description\":\"Just another WordPress site\",\"publisher\":{\"@id\":\"https:\/\/www.stratallhub.com\/store\/#organization\"},\"potentialAction\":[{\"@type\":\"SearchAction\",\"target\":{\"@type\":\"EntryPoint\",\"urlTemplate\":\"https:\/\/www.stratallhub.com\/store\/?s={search_term_string}\"},\"query-input\":{\"@type\":\"PropertyValueSpecification\",\"valueRequired\":true,\"valueName\":\"search_term_string\"}}],\"inLanguage\":\"fr-FR\"},{\"@type\":\"Organization\",\"@id\":\"https:\/\/www.stratallhub.com\/store\/#organization\",\"name\":\"Del\u00e9age Expansion\",\"url\":\"https:\/\/www.stratallhub.com\/store\/\",\"logo\":{\"@type\":\"ImageObject\",\"inLanguage\":\"fr-FR\",\"@id\":\"https:\/\/www.stratallhub.com\/store\/#\/schema\/logo\/image\/\",\"url\":\"https:\/\/www.deleage.com\/store\/wp-content\/uploads\/2018\/04\/logo-violet.png\",\"contentUrl\":\"https:\/\/www.deleage.com\/store\/wp-content\/uploads\/2018\/04\/logo-violet.png\",\"width\":316,\"height\":275,\"caption\":\"Del\u00e9age Expansion\"},\"image\":{\"@id\":\"https:\/\/www.stratallhub.com\/store\/#\/schema\/logo\/image\/\"},\"sameAs\":[\"http:\/\/facebook.com\/deleageexpansion\"]}]}<\/script>\n<!-- \/ Yoast SEO plugin. -->","yoast_head_json":{"title":"Location roue de la fortune - Store Del\u00e9age","description":"La roue de loterie WHEEL DESIGN est livr\u00e9e mont\u00e9e. Le prix de la location est donn\u00e9 pour une utilisation de 1 \u00e0 15 jours.","robots":{"index":"noindex","follow":"follow","max-snippet":"max-snippet:-1","max-image-preview":"max-image-preview:large","max-video-preview":"max-video-preview:-1"},"og_locale":"fr_FR","og_type":"article","og_title":"Location roue de la fortune - Store Del\u00e9age","og_description":"La roue de loterie WHEEL DESIGN est livr\u00e9e mont\u00e9e. Le prix de la location est donn\u00e9 pour une utilisation de 1 \u00e0 15 jours.","og_url":"https:\/\/www.stratallhub.com\/store\/produit\/roue-de-la-fortune-design-en-location\/","og_site_name":"Store Del\u00e9age","article_publisher":"http:\/\/facebook.com\/deleageexpansion","article_modified_time":"2025-05-20T07:39:23+00:00","og_image":[{"width":2000,"height":2000,"url":"https:\/\/www.stratallhub.com\/store\/wp-content\/uploads\/2023\/01\/roue-de-loterie-personnalisee.png","type":"image\/png"}],"twitter_card":"summary_large_image","twitter_misc":{"Dur\u00e9e de lecture estim\u00e9e":"6 minutes"},"schema":{"@context":"https:\/\/schema.org","@graph":[{"@type":"WebPage","@id":"https:\/\/www.stratallhub.com\/store\/produit\/roue-de-la-fortune-design-en-location\/","url":"https:\/\/www.stratallhub.com\/store\/produit\/roue-de-la-fortune-design-en-location\/","name":"Location roue de la fortune - Store Del\u00e9age","isPartOf":{"@id":"https:\/\/www.stratallhub.com\/store\/#website"},"primaryImageOfPage":{"@id":"https:\/\/www.stratallhub.com\/store\/produit\/roue-de-la-fortune-design-en-location\/#primaryimage"},"image":{"@id":"https:\/\/www.stratallhub.com\/store\/produit\/roue-de-la-fortune-design-en-location\/#primaryimage"},"thumbnailUrl":"https:\/\/www.stratallhub.com\/store\/wp-content\/uploads\/2023\/01\/roue-de-loterie-personnalisee.png","datePublished":"2023-02-16T11:07:38+00:00","dateModified":"2025-05-20T07:39:23+00:00","description":"La roue de loterie WHEEL DESIGN est livr\u00e9e mont\u00e9e. Le prix de la location est donn\u00e9 pour une utilisation de 1 \u00e0 15 jours.","breadcrumb":{"@id":"https:\/\/www.stratallhub.com\/store\/produit\/roue-de-la-fortune-design-en-location\/#breadcrumb"},"inLanguage":"fr-FR","potentialAction":[{"@type":"ReadAction","target":["https:\/\/www.stratallhub.com\/store\/produit\/roue-de-la-fortune-design-en-location\/"]}]},{"@type":"ImageObject","inLanguage":"fr-FR","@id":"https:\/\/www.stratallhub.com\/store\/produit\/roue-de-la-fortune-design-en-location\/#primaryimage","url":"https:\/\/www.stratallhub.com\/store\/wp-content\/uploads\/2023\/01\/roue-de-loterie-personnalisee.png","contentUrl":"https:\/\/www.stratallhub.com\/store\/wp-content\/uploads\/2023\/01\/roue-de-loterie-personnalisee.png","width":2000,"height":2000},{"@type":"WebSite","@id":"https:\/\/www.stratallhub.com\/store\/#website","url":"https:\/\/www.stratallhub.com\/store\/","name":"Store Del\u00e9age","description":"Just another WordPress site","publisher":{"@id":"https:\/\/www.stratallhub.com\/store\/#organization"},"potentialAction":[{"@type":"SearchAction","target":{"@type":"EntryPoint","urlTemplate":"https:\/\/www.stratallhub.com\/store\/?s={search_term_string}"},"query-input":{"@type":"PropertyValueSpecification","valueRequired":true,"valueName":"search_term_string"}}],"inLanguage":"fr-FR"},{"@type":"Organization","@id":"https:\/\/www.stratallhub.com\/store\/#organization","name":"Del\u00e9age Expansion","url":"https:\/\/www.stratallhub.com\/store\/","logo":{"@type":"ImageObject","inLanguage":"fr-FR","@id":"https:\/\/www.stratallhub.com\/store\/#\/schema\/logo\/image\/","url":"https:\/\/www.deleage.com\/store\/wp-content\/uploads\/2018\/04\/logo-violet.png","contentUrl":"https:\/\/www.deleage.com\/store\/wp-content\/uploads\/2018\/04\/logo-violet.png","width":316,"height":275,"caption":"Del\u00e9age Expansion"},"image":{"@id":"https:\/\/www.stratallhub.com\/store\/#\/schema\/logo\/image\/"},"sameAs":["http:\/\/facebook.com\/deleageexpansion"]}]}},"wcpa_form_fields":{"wcpaData":{"product":{"product_price":368,"price_html":"<span class=\"woocommerce-Price-amount amount\"><bdi>368<span class=\"woocommerce-Price-currencySymbol\"> \u20ac<\/span><\/bdi><\/span> <small class=\"woocommerce-price-suffix\">ht<\/small>","original_product_price":368,"price_including_tax":441.6,"price_excluding_tax":368,"product_id":{"parent":48841,"variation":false},"is_variable":false,"stock_status":"outofstock","stock_quantity":null,"parent_sku":"roue-loterie-numerote-4-1-3","product_attributes":{"personnalisez-votre-roue-de-loterie":{"is_variation":false,"values":["Personnalisez votre roue de loterie"]}},"custom_fields":[],"is_taxable":true},"fields":{"sec_9673f4422d4f3a":{"extra":{"key":"sec_9673f4422d4f3a","section_id":"sec_9673f4422d4f3a","name":"Default","status":1,"cl_rule":"show","enableCl":false,"relations":[],"toggle":true,"title_tag":"h3","show_title":false,"showPrice":"default","form_id":48836,"form_rules":{"exclude_from_discount":false,"fee_label":"Fee","disp_hide_options_price":false,"disp_show_section_price":false,"disp_show_field_price":true,"layout_option":"standard","pric_use_as_fee":false,"process_fee_as":"woo_fee"},"layout_option":"standard"},"fields":[[{"type":"checkbox-group","elementId":"wcpa-checkbox-group-1676479585740","label":"Options facultatives","enablePrice":true,"priceOptions":"different_for_all","pricingType":"fixed","className":"titre_bloc","name":"checkbox-group-1676479585740","other_text":"Other","cl_rule":"show","col":"5","values":[{"label":"Plastification effa\u00e7able \u00e0 sec type Velleda","value":"option-1","price":"32","pimage":"","pimage_id":"","pthumb":"","gt_translate_keys":["label"]},{"label":"1 jeu de 18 picots suppl\u00e9mentaires","value":"option-3","price":"64","pimage":"","pimage_id":"","pthumb":"","gt_translate_keys":["label"]}],"relations":false,"price":0,"active":true,"tooltip":"","layOut":"","error":false,"gt_translate_keys":["label","tooltip"],"price_dependency":false,"cl_dependency":false,"value":""}]]}},"config":{"price_override":"","enable_recaptcha":false,"bind_quantity":false,"quantity_bind_formula":"","disp_summ_show_option_price":false,"disp_summ_show_product_price":false,"disp_summ_show_total_price":true,"disp_summ_show_fee":false,"disp_summ_show_discount":false,"summary_title":"","options_total_label":"Options Price","total_label":"Total","options_product_label":"Product Price","fee_label":"Fee","discount_label":"Discount","has_price":true,"has_quantity_formula":false},"mc_unit":1,"tax_rate":1,"tax_rate_real":0.2,"discount":{"percentage":0,"fixed":0},"design":{"conf":{"LabelPosition":"above","DescPosition":"above","UploadField":"custom_1","QuantityFieldStyle":"default"},"css":{"LeftLabelWidth":"120px"}},"formulas":[],"clones":false,"cartKey":false}},"_links":{"self":[{"href":"https:\/\/www.stratallhub.com\/store\/wp-json\/wp\/v2\/product\/48841","targetHints":{"allow":["GET"]}}],"collection":[{"href":"https:\/\/www.stratallhub.com\/store\/wp-json\/wp\/v2\/product"}],"about":[{"href":"https:\/\/www.stratallhub.com\/store\/wp-json\/wp\/v2\/types\/product"}],"replies":[{"embeddable":true,"href":"https:\/\/www.stratallhub.com\/store\/wp-json\/wp\/v2\/comments?post=48841"}],"wp:featuredmedia":[{"embeddable":true,"href":"https:\/\/www.stratallhub.com\/store\/wp-json\/wp\/v2\/media\/48846"}],"wp:attachment":[{"href":"https:\/\/www.stratallhub.com\/store\/wp-json\/wp\/v2\/media?parent=48841"}],"wp:term":[{"taxonomy":"product_brand","embeddable":true,"href":"https:\/\/www.stratallhub.com\/store\/wp-json\/wp\/v2\/product_brand?post=48841"},{"taxonomy":"product_cat","embeddable":true,"href":"https:\/\/www.stratallhub.com\/store\/wp-json\/wp\/v2\/product_cat?post=48841"},{"taxonomy":"product_tag","embeddable":true,"href":"https:\/\/www.stratallhub.com\/store\/wp-json\/wp\/v2\/product_tag?post=48841"}],"curies":[{"name":"wp","href":"https:\/\/api.w.org\/{rel}","templated":true}]}}