{"id":48730,"date":"2023-01-28T12:06:41","date_gmt":"2023-01-28T12:06:41","guid":{"rendered":"https:\/\/www.deleage.com\/store\/?post_type=product&#038;p=48730"},"modified":"2025-09-23T15:58:22","modified_gmt":"2025-09-23T15:58:22","slug":"roue-de-loterie-design-economique","status":"publish","type":"product","link":"https:\/\/www.stratallhub.com\/store\/produit\/roue-de-loterie-design-economique\/","title":{"rendered":"Roue de la chance WHEEL DESIGN la plus \u00e9l\u00e9gante"},"content":{"rendered":"<div id='av_section_1'  class='avia-section av-av_section-8118409a20acebe2a1adc166152dd0c5 main_color avia-section-default avia-no-border-styling  avia-builder-el-0  el_before_av_section  avia-builder-el-first  avia-bg-style-scroll container_wrap fullsize'  ><div class='container av-section-cont-open' ><main  role=\"main\" itemprop=\"mainContentOfPage\"  class='template-page content  av-content-full alpha units'><div class='post-entry post-entry-type-page post-entry-48730'><div class='entry-content-wrapper clearfix'><div  class='flex_column av-av_one_full-2a9015ff38129c418a3f2eafba3e9512 av_one_full first flex_column_div  '     ><section  class='av_textblock_section av-av_textblock-18ec860c7e07088d2c0a993b614e8019 '   itemscope=\"itemscope\" itemtype=\"https:\/\/schema.org\/CreativeWork\" ><div class='avia_textblock'  itemprop=\"text\" ><h2 style='text-align: center;'>Nos derni\u00e8res r\u00e9alisations<\/h2>\n<\/div><\/section><\/p><\/div>\n<\/div><\/div><\/main><!-- close content main element --><\/div><\/div>\n<style type=\"text\/css\" data-created_by=\"avia_inline_auto\" id=\"style-css-av-jt9xxsxv-b715d282477d186c9577ff22fdfda670\">\n.avia-section.av-jt9xxsxv-b715d282477d186c9577ff22fdfda670{\nbackground-color:#dfdd3a;\nbackground-image:unset;\n}\n<\/style>\n<div id='av_section_2'  class='avia-section av-jt9xxsxv-b715d282477d186c9577ff22fdfda670 main_color avia-section-small avia-no-border-styling  avia-builder-el-2  el_after_av_section  el_before_av_section  avia-bg-style-scroll av-minimum-height av-minimum-height-custom av-height-custom  container_wrap fullsize'   data-av_minimum_height_px='310'><div class='container av-section-cont-open' style='height:310px'><div class='template-page content  av-content-full alpha units'><div class='post-entry post-entry-type-page post-entry-48730'><div class='entry-content-wrapper clearfix'>\n<div class='flex_column_table av-2i7mjr-096b2e0a81f44468341c809b2ae351a2 sc-av_one_half av-equal-height-column-flextable'>\n<style type=\"text\/css\" data-created_by=\"avia_inline_auto\" id=\"style-css-av-2i7mjr-096b2e0a81f44468341c809b2ae351a2\">\n.flex_column.av-2i7mjr-096b2e0a81f44468341c809b2ae351a2{\nborder-radius:0px 0px 0px 0px;\npadding:20px 0px 15px 0px;\n}\n<\/style>\n<div  class='flex_column av-2i7mjr-096b2e0a81f44468341c809b2ae351a2 av_one_half  avia-builder-el-3  avia-builder-el-no-sibling  first flex_column_table_cell av-equal-height-column av-align-top  '     ><style type=\"text\/css\" data-created_by=\"avia_inline_auto\" id=\"style-css-av-jt9y1svk-bbd423171a156f14367c228ae70130ed\">\n#top .av_textblock_section.av-jt9y1svk-bbd423171a156f14367c228ae70130ed .avia_textblock{\ncolor:#ffffff;\n}\n<\/style>\n<section  class='av_textblock_section av-jt9y1svk-bbd423171a156f14367c228ae70130ed '   itemscope=\"itemscope\" itemtype=\"https:\/\/schema.org\/CreativeWork\" ><div class='avia_textblock av_inherit_color'  itemprop=\"text\" ><h2>Consultez notre e-catalogue event<\/h2>\n<p>Solutions pour salons, expositions, events : stands modulaires complets, r\u00e9utilisables et portables.<br \/>\nLes exemples ci-contre pr\u00e9sentent des stands fabriqu\u00e9s dans<br \/>\nnos ateliers et con\u00e7us par nos clients agences et partenaires.<\/p>\n<p>Habillage de cloison, cerce, comptoir, kakemono, tour, vitrine, stand parapluie, stand r\u00e9utilisable \u2026<\/p>\n<\/div><\/section><br \/>\n<div  class='avia-button-wrap av-jt9y3e3w-0cfb0bb61eff0de5895436acf263bd0d-wrap avia-button-left  avia-builder-el-4  avia-builder-el-no-sibling '>\n<style type=\"text\/css\" data-created_by=\"avia_inline_auto\" id=\"style-css-av-jt9y3e3w-0cfb0bb61eff0de5895436acf263bd0d\">\n#top #wrap_all .avia-button.av-jt9y3e3w-0cfb0bb61eff0de5895436acf263bd0d{\nbackground-color:#ffffff;\nborder-color:#ffffff;\ncolor:#dfdd3a;\ntransition:all 0.4s ease-in-out;\n}\n#top #wrap_all .avia-button.av-jt9y3e3w-0cfb0bb61eff0de5895436acf263bd0d .avia-svg-icon svg:first-child{\nfill:#dfdd3a;\nstroke:#dfdd3a;\n}\n<\/style>\n<a href='https:\/\/www.stratallhub.com\/store\/wp-content\/uploads\/2020\/11\/Plaquette-BD-Event-2018.pdf'  class='avia-button av-jt9y3e3w-0cfb0bb61eff0de5895436acf263bd0d av-link-btn avia-icon_select-no avia-size-large avia-position-left'  target=\"_blank\"  rel=\"noopener noreferrer\"  aria-label=\"T\u00c9L\u00c9CHARGER \"><span class='avia_iconbox_title' >T\u00c9L\u00c9CHARGER <\/span><\/a><\/div><\/p><\/div><\/div><!--close column table wrapper. Autoclose: 1 --><div class='flex_column_table av-2i7mjr-1-98eec3afdac8ddc49d77aa55e8a09818 sc-av_one_half av-equal-height-column-flextable'><div class='av-flex-placeholder'><\/div>\n<style type=\"text\/css\" data-created_by=\"avia_inline_auto\" id=\"style-css-av-2i7mjr-1-98eec3afdac8ddc49d77aa55e8a09818\">\n.flex_column.av-2i7mjr-1-98eec3afdac8ddc49d77aa55e8a09818{\nborder-radius:0px 0px 0px 0px;\npadding:0px 0px 0px 0px;\nbackground:url(https:\/\/www.stratallhub.com\/store\/wp-content\/uploads\/2019\/04\/event.png) 100% 100% no-repeat scroll ;\n}\n<\/style>\n<div  class='flex_column av-2i7mjr-1-98eec3afdac8ddc49d77aa55e8a09818 av_one_half flex_column_table_cell av-equal-height-column av-align-top av-zero-column-padding  '     ><\/div><\/div><!--close column table wrapper. Autoclose: 1 -->\n\n","protected":false},"excerpt":{"rendered":"","protected":false},"featured_media":48846,"comment_status":"open","ping_status":"closed","template":"","meta":{"_acf_changed":false},"product_brand":[],"product_cat":[97,169],"product_tag":[],"class_list":{"0":"post-48730","1":"product","2":"type-product","3":"status-publish","4":"has-post-thumbnail","6":"product_cat-accueil","7":"product_cat-roue-de-loterie","8":"product_shipping_class-messagerie-au-kilo","9":"wcpa_has_options","11":"first","12":"instock","13":"sale","14":"taxable","15":"shipping-taxable","16":"purchasable","17":"product-type-simple"},"acf":[],"yoast_head":"<!-- This site is optimized with the Yoast SEO plugin v27.2 - https:\/\/yoast.com\/product\/yoast-seo-wordpress\/ -->\n<title>Roue de la fortune \u00e9conomique - Store Del\u00e9age<\/title>\n<meta name=\"description\" content=\"D\u00e9couvrez la roue de loterie Wheel Design, design et personnalisable, id\u00e9ale pour animer vos \u00e9v\u00e9nements avec \u00e9l\u00e9gance et facilit\u00e9 de montage.\" \/>\n<meta name=\"robots\" content=\"noindex, follow, max-snippet:-1, max-image-preview:large, max-video-preview:-1\" \/>\n<meta property=\"og:locale\" content=\"fr_FR\" \/>\n<meta property=\"og:type\" content=\"article\" \/>\n<meta property=\"og:title\" content=\"Roue de la fortune \u00e9conomique - Store Del\u00e9age\" \/>\n<meta property=\"og:description\" content=\"D\u00e9couvrez la roue de loterie Wheel Design, design et personnalisable, id\u00e9ale pour animer vos \u00e9v\u00e9nements avec \u00e9l\u00e9gance et facilit\u00e9 de montage.\" \/>\n<meta property=\"og:url\" content=\"https:\/\/www.stratallhub.com\/store\/produit\/roue-de-loterie-design-economique\/\" \/>\n<meta property=\"og:site_name\" content=\"Store Del\u00e9age\" \/>\n<meta property=\"article:publisher\" content=\"http:\/\/facebook.com\/deleageexpansion\" \/>\n<meta property=\"article:modified_time\" content=\"2025-09-23T15:58:22+00:00\" \/>\n<meta property=\"og:image\" content=\"https:\/\/www.stratallhub.com\/store\/wp-content\/uploads\/2023\/01\/roue-de-loterie-personnalisee.png\" \/>\n\t<meta property=\"og:image:width\" content=\"2000\" \/>\n\t<meta property=\"og:image:height\" content=\"2000\" \/>\n\t<meta property=\"og:image:type\" content=\"image\/png\" \/>\n<meta name=\"twitter:card\" content=\"summary_large_image\" \/>\n<meta name=\"twitter:label1\" content=\"Dur\u00e9e de lecture estim\u00e9e\" \/>\n\t<meta name=\"twitter:data1\" content=\"7 minutes\" \/>\n<script type=\"application\/ld+json\" class=\"yoast-schema-graph\">{\"@context\":\"https:\/\/schema.org\",\"@graph\":[{\"@type\":\"WebPage\",\"@id\":\"https:\/\/www.stratallhub.com\/store\/produit\/roue-de-loterie-design-economique\/\",\"url\":\"https:\/\/www.stratallhub.com\/store\/produit\/roue-de-loterie-design-economique\/\",\"name\":\"Roue de la fortune \u00e9conomique - Store Del\u00e9age\",\"isPartOf\":{\"@id\":\"https:\/\/www.stratallhub.com\/store\/#website\"},\"primaryImageOfPage\":{\"@id\":\"https:\/\/www.stratallhub.com\/store\/produit\/roue-de-loterie-design-economique\/#primaryimage\"},\"image\":{\"@id\":\"https:\/\/www.stratallhub.com\/store\/produit\/roue-de-loterie-design-economique\/#primaryimage\"},\"thumbnailUrl\":\"https:\/\/www.stratallhub.com\/store\/wp-content\/uploads\/2023\/01\/roue-de-loterie-personnalisee.png\",\"datePublished\":\"2023-01-28T12:06:41+00:00\",\"dateModified\":\"2025-09-23T15:58:22+00:00\",\"description\":\"D\u00e9couvrez la roue de loterie Wheel Design, design et personnalisable, id\u00e9ale pour animer vos \u00e9v\u00e9nements avec \u00e9l\u00e9gance et facilit\u00e9 de montage.\",\"breadcrumb\":{\"@id\":\"https:\/\/www.stratallhub.com\/store\/produit\/roue-de-loterie-design-economique\/#breadcrumb\"},\"inLanguage\":\"fr-FR\",\"potentialAction\":[{\"@type\":\"ReadAction\",\"target\":[\"https:\/\/www.stratallhub.com\/store\/produit\/roue-de-loterie-design-economique\/\"]}]},{\"@type\":\"ImageObject\",\"inLanguage\":\"fr-FR\",\"@id\":\"https:\/\/www.stratallhub.com\/store\/produit\/roue-de-loterie-design-economique\/#primaryimage\",\"url\":\"https:\/\/www.stratallhub.com\/store\/wp-content\/uploads\/2023\/01\/roue-de-loterie-personnalisee.png\",\"contentUrl\":\"https:\/\/www.stratallhub.com\/store\/wp-content\/uploads\/2023\/01\/roue-de-loterie-personnalisee.png\",\"width\":2000,\"height\":2000},{\"@type\":\"WebSite\",\"@id\":\"https:\/\/www.stratallhub.com\/store\/#website\",\"url\":\"https:\/\/www.stratallhub.com\/store\/\",\"name\":\"Store Del\u00e9age\",\"description\":\"Just another WordPress site\",\"publisher\":{\"@id\":\"https:\/\/www.stratallhub.com\/store\/#organization\"},\"potentialAction\":[{\"@type\":\"SearchAction\",\"target\":{\"@type\":\"EntryPoint\",\"urlTemplate\":\"https:\/\/www.stratallhub.com\/store\/?s={search_term_string}\"},\"query-input\":{\"@type\":\"PropertyValueSpecification\",\"valueRequired\":true,\"valueName\":\"search_term_string\"}}],\"inLanguage\":\"fr-FR\"},{\"@type\":\"Organization\",\"@id\":\"https:\/\/www.stratallhub.com\/store\/#organization\",\"name\":\"Del\u00e9age Expansion\",\"url\":\"https:\/\/www.stratallhub.com\/store\/\",\"logo\":{\"@type\":\"ImageObject\",\"inLanguage\":\"fr-FR\",\"@id\":\"https:\/\/www.stratallhub.com\/store\/#\/schema\/logo\/image\/\",\"url\":\"https:\/\/www.deleage.com\/store\/wp-content\/uploads\/2018\/04\/logo-violet.png\",\"contentUrl\":\"https:\/\/www.deleage.com\/store\/wp-content\/uploads\/2018\/04\/logo-violet.png\",\"width\":316,\"height\":275,\"caption\":\"Del\u00e9age Expansion\"},\"image\":{\"@id\":\"https:\/\/www.stratallhub.com\/store\/#\/schema\/logo\/image\/\"},\"sameAs\":[\"http:\/\/facebook.com\/deleageexpansion\"]}]}<\/script>\n<!-- \/ Yoast SEO plugin. -->","yoast_head_json":{"title":"Roue de la fortune \u00e9conomique - Store Del\u00e9age","description":"D\u00e9couvrez la roue de loterie Wheel Design, design et personnalisable, id\u00e9ale pour animer vos \u00e9v\u00e9nements avec \u00e9l\u00e9gance et facilit\u00e9 de montage.","robots":{"index":"noindex","follow":"follow","max-snippet":"max-snippet:-1","max-image-preview":"max-image-preview:large","max-video-preview":"max-video-preview:-1"},"og_locale":"fr_FR","og_type":"article","og_title":"Roue de la fortune \u00e9conomique - Store Del\u00e9age","og_description":"D\u00e9couvrez la roue de loterie Wheel Design, design et personnalisable, id\u00e9ale pour animer vos \u00e9v\u00e9nements avec \u00e9l\u00e9gance et facilit\u00e9 de montage.","og_url":"https:\/\/www.stratallhub.com\/store\/produit\/roue-de-loterie-design-economique\/","og_site_name":"Store Del\u00e9age","article_publisher":"http:\/\/facebook.com\/deleageexpansion","article_modified_time":"2025-09-23T15:58:22+00:00","og_image":[{"width":2000,"height":2000,"url":"https:\/\/www.stratallhub.com\/store\/wp-content\/uploads\/2023\/01\/roue-de-loterie-personnalisee.png","type":"image\/png"}],"twitter_card":"summary_large_image","twitter_misc":{"Dur\u00e9e de lecture estim\u00e9e":"7 minutes"},"schema":{"@context":"https:\/\/schema.org","@graph":[{"@type":"WebPage","@id":"https:\/\/www.stratallhub.com\/store\/produit\/roue-de-loterie-design-economique\/","url":"https:\/\/www.stratallhub.com\/store\/produit\/roue-de-loterie-design-economique\/","name":"Roue de la fortune \u00e9conomique - Store Del\u00e9age","isPartOf":{"@id":"https:\/\/www.stratallhub.com\/store\/#website"},"primaryImageOfPage":{"@id":"https:\/\/www.stratallhub.com\/store\/produit\/roue-de-loterie-design-economique\/#primaryimage"},"image":{"@id":"https:\/\/www.stratallhub.com\/store\/produit\/roue-de-loterie-design-economique\/#primaryimage"},"thumbnailUrl":"https:\/\/www.stratallhub.com\/store\/wp-content\/uploads\/2023\/01\/roue-de-loterie-personnalisee.png","datePublished":"2023-01-28T12:06:41+00:00","dateModified":"2025-09-23T15:58:22+00:00","description":"D\u00e9couvrez la roue de loterie Wheel Design, design et personnalisable, id\u00e9ale pour animer vos \u00e9v\u00e9nements avec \u00e9l\u00e9gance et facilit\u00e9 de montage.","breadcrumb":{"@id":"https:\/\/www.stratallhub.com\/store\/produit\/roue-de-loterie-design-economique\/#breadcrumb"},"inLanguage":"fr-FR","potentialAction":[{"@type":"ReadAction","target":["https:\/\/www.stratallhub.com\/store\/produit\/roue-de-loterie-design-economique\/"]}]},{"@type":"ImageObject","inLanguage":"fr-FR","@id":"https:\/\/www.stratallhub.com\/store\/produit\/roue-de-loterie-design-economique\/#primaryimage","url":"https:\/\/www.stratallhub.com\/store\/wp-content\/uploads\/2023\/01\/roue-de-loterie-personnalisee.png","contentUrl":"https:\/\/www.stratallhub.com\/store\/wp-content\/uploads\/2023\/01\/roue-de-loterie-personnalisee.png","width":2000,"height":2000},{"@type":"WebSite","@id":"https:\/\/www.stratallhub.com\/store\/#website","url":"https:\/\/www.stratallhub.com\/store\/","name":"Store Del\u00e9age","description":"Just another WordPress site","publisher":{"@id":"https:\/\/www.stratallhub.com\/store\/#organization"},"potentialAction":[{"@type":"SearchAction","target":{"@type":"EntryPoint","urlTemplate":"https:\/\/www.stratallhub.com\/store\/?s={search_term_string}"},"query-input":{"@type":"PropertyValueSpecification","valueRequired":true,"valueName":"search_term_string"}}],"inLanguage":"fr-FR"},{"@type":"Organization","@id":"https:\/\/www.stratallhub.com\/store\/#organization","name":"Del\u00e9age Expansion","url":"https:\/\/www.stratallhub.com\/store\/","logo":{"@type":"ImageObject","inLanguage":"fr-FR","@id":"https:\/\/www.stratallhub.com\/store\/#\/schema\/logo\/image\/","url":"https:\/\/www.deleage.com\/store\/wp-content\/uploads\/2018\/04\/logo-violet.png","contentUrl":"https:\/\/www.deleage.com\/store\/wp-content\/uploads\/2018\/04\/logo-violet.png","width":316,"height":275,"caption":"Del\u00e9age Expansion"},"image":{"@id":"https:\/\/www.stratallhub.com\/store\/#\/schema\/logo\/image\/"},"sameAs":["http:\/\/facebook.com\/deleageexpansion"]}]}},"wcpa_form_fields":{"wcpaData":{"product":{"product_price":734,"price_html":"<del aria-hidden=\"true\"><span class=\"woocommerce-Price-amount amount\"><bdi>888<span class=\"woocommerce-Price-currencySymbol\"> \u20ac<\/span><\/bdi><\/span><\/del> <span class=\"screen-reader-text\">Le prix initial \u00e9tait\u00a0: 888 \u20ac.<\/span><ins aria-hidden=\"true\"><span class=\"woocommerce-Price-amount amount\"><bdi>734<span class=\"woocommerce-Price-currencySymbol\"> \u20ac<\/span><\/bdi><\/span><\/ins><span class=\"screen-reader-text\">Le prix actuel est\u00a0: 734 \u20ac.<\/span> <small class=\"woocommerce-price-suffix\">ht<\/small>","original_product_price":734,"price_including_tax":880.8,"price_excluding_tax":734,"product_id":{"parent":48730,"variation":false},"is_variable":false,"stock_status":"instock","stock_quantity":null,"parent_sku":"roue-loterie-numerote-4-1","product_attributes":{"choisir":{"is_variation":false,"values":["Roue compl\u00e8te","Avec option plateau effa\u00e7able \u00e0 sec type velleda"]}},"custom_fields":[],"is_taxable":true},"fields":{"sec_569e415ce5b7bd":{"extra":{"key":"sec_569e415ce5b7bd","section_id":"sec_569e415ce5b7bd","name":"Default","status":1,"cl_rule":"show","enableCl":false,"relations":[],"toggle":true,"title_tag":"h3","show_title":false,"showPrice":"default","form_id":49405,"form_rules":{"exclude_from_discount":false,"fee_label":"Fee","disp_hide_options_price":false,"disp_show_section_price":false,"disp_show_field_price":false,"layout_option":"standard","pric_use_as_fee":true,"process_fee_as":"woo_fee"},"layout_option":"standard"},"fields":[[{"type":"file","elementId":"wcpa-file-1684835325461","label":"T\u00e9l\u00e9chargez vos fichiers (Facultatif)","description":"type jpg, png, pdf, eps, maximum 128 Mo. Au del\u00e0 ou pour tout autre type de fichier, veuillez utiliser Wetransfer sur l\u2019adresse contact@stratallhub.com. La qualit\u00e9 du fichier sera contr\u00f4l\u00e9e et un BAT vous sera envoy\u00e9 pour validation. <strong>Pour envoyez plusieurs fichiers, veuillez effectuer une s\u00e9lection multiple.<\/strong>","pricingType":"fixed","ajax_upload":true,"multiple_upload":true,"uploadsize":"128","name":"file-1684835325461","showUploadPreview":true,"exts_supported":["jpg","jpeg","png","gif","JPG","JPEG","PNG","GIF"],"cl_rule":"show","col":"3","relations":false,"active":true,"tooltip":"","upload_type":"ajax","allowedFileTypes":".jpg,.jpeg,.png,.gif,.JPG,.JPEG,.PNG,.GIF","gt_translate_keys":["label","description","tooltip"],"price_dependency":false,"cl_dependency":false,"value":""}]]},"sec_9673f4422d4f3a":{"extra":{"key":"sec_9673f4422d4f3a","section_id":"sec_9673f4422d4f3a","name":"Default","status":1,"cl_rule":"show","enableCl":false,"relations":[],"toggle":true,"title_tag":"h3","show_title":false,"showPrice":"default","form_id":48836,"form_rules":{"exclude_from_discount":false,"fee_label":"Fee","disp_hide_options_price":false,"disp_show_section_price":false,"disp_show_field_price":true,"layout_option":"standard","pric_use_as_fee":false,"process_fee_as":"woo_fee"},"layout_option":"standard"},"fields":[[{"type":"checkbox-group","elementId":"wcpa-checkbox-group-1676479585740","label":"Options facultatives","enablePrice":true,"priceOptions":"different_for_all","pricingType":"fixed","className":"titre_bloc","name":"checkbox-group-1676479585740","other_text":"Other","cl_rule":"show","col":"5","values":[{"label":"Plastification effa\u00e7able \u00e0 sec type Velleda","value":"option-1","price":"32","pimage":"","pimage_id":"","pthumb":"","gt_translate_keys":["label"]},{"label":"1 jeu de 18 picots suppl\u00e9mentaires","value":"option-3","price":"64","pimage":"","pimage_id":"","pthumb":"","gt_translate_keys":["label"]}],"relations":false,"price":0,"active":true,"tooltip":"","layOut":"","error":false,"gt_translate_keys":["label","tooltip"],"price_dependency":false,"cl_dependency":false,"value":""}]]}},"config":{"price_override":"","enable_recaptcha":false,"bind_quantity":false,"quantity_bind_formula":"","disp_summ_show_option_price":false,"disp_summ_show_product_price":true,"disp_summ_show_total_price":true,"disp_summ_show_fee":false,"disp_summ_show_discount":false,"summary_title":"","options_total_label":"Options Price","total_label":"Total","options_product_label":"Product Price","fee_label":"Fee","discount_label":"Discount","has_price":true,"has_quantity_formula":false},"mc_unit":1,"tax_rate":1,"tax_rate_real":0.2,"discount":{"percentage":0,"fixed":0},"design":{"conf":{"LabelPosition":"above","DescPosition":"above","UploadField":"custom_1","QuantityFieldStyle":"default"},"css":{"LeftLabelWidth":"120px"}},"formulas":[],"clones":false,"cartKey":false}},"_links":{"self":[{"href":"https:\/\/www.stratallhub.com\/store\/wp-json\/wp\/v2\/product\/48730","targetHints":{"allow":["GET"]}}],"collection":[{"href":"https:\/\/www.stratallhub.com\/store\/wp-json\/wp\/v2\/product"}],"about":[{"href":"https:\/\/www.stratallhub.com\/store\/wp-json\/wp\/v2\/types\/product"}],"replies":[{"embeddable":true,"href":"https:\/\/www.stratallhub.com\/store\/wp-json\/wp\/v2\/comments?post=48730"}],"wp:featuredmedia":[{"embeddable":true,"href":"https:\/\/www.stratallhub.com\/store\/wp-json\/wp\/v2\/media\/48846"}],"wp:attachment":[{"href":"https:\/\/www.stratallhub.com\/store\/wp-json\/wp\/v2\/media?parent=48730"}],"wp:term":[{"taxonomy":"product_brand","embeddable":true,"href":"https:\/\/www.stratallhub.com\/store\/wp-json\/wp\/v2\/product_brand?post=48730"},{"taxonomy":"product_cat","embeddable":true,"href":"https:\/\/www.stratallhub.com\/store\/wp-json\/wp\/v2\/product_cat?post=48730"},{"taxonomy":"product_tag","embeddable":true,"href":"https:\/\/www.stratallhub.com\/store\/wp-json\/wp\/v2\/product_tag?post=48730"}],"curies":[{"name":"wp","href":"https:\/\/api.w.org\/{rel}","templated":true}]}}