{"id":43776,"date":"2021-12-24T06:55:55","date_gmt":"2021-12-24T06:55:55","guid":{"rendered":"https:\/\/www.deleage.com\/store\/?post_type=product&#038;p=43776"},"modified":"2024-03-13T08:28:04","modified_gmt":"2024-03-13T08:28:04","slug":"impression-sur-intisse120-gr","status":"publish","type":"product","link":"https:\/\/www.stratallhub.com\/store\/produit\/impression-sur-intisse120-gr\/","title":{"rendered":"Impression sur INTISSE120 gr"},"content":{"rendered":"<div id='av_section_1'  class='avia-section av-av_section-8118409a20acebe2a1adc166152dd0c5 main_color avia-section-default avia-no-border-styling  avia-builder-el-0  el_before_av_section  avia-builder-el-first  avia-bg-style-scroll container_wrap fullsize'  ><div class='container av-section-cont-open' ><main  role=\"main\" itemprop=\"mainContentOfPage\"  class='template-page content  av-content-full alpha units'><div class='post-entry post-entry-type-page post-entry-43776'><div class='entry-content-wrapper clearfix'><div  class='flex_column av-av_one_full-2a9015ff38129c418a3f2eafba3e9512 av_one_full first flex_column_div  '     ><section  class='av_textblock_section av-av_textblock-18ec860c7e07088d2c0a993b614e8019 '   itemscope=\"itemscope\" itemtype=\"https:\/\/schema.org\/CreativeWork\" ><div class='avia_textblock'  itemprop=\"text\" ><h2 style='text-align: center;'>Nos derni\u00e8res r\u00e9alisations<\/h2>\n<\/div><\/section><\/p><\/div>\n<\/div><\/div><\/main><!-- close content main element --><\/div><\/div>\n<style type=\"text\/css\" data-created_by=\"avia_inline_auto\" id=\"style-css-av-jt9xxsxv-652d00629ff539841d5e4d7c09285133\">\n.avia-section.av-jt9xxsxv-652d00629ff539841d5e4d7c09285133{\nbackground-color:#fcdc00;\nbackground-image:unset;\n}\n<\/style>\n<div id='av_section_2'  class='avia-section av-jt9xxsxv-652d00629ff539841d5e4d7c09285133 main_color avia-section-small avia-no-border-styling  avia-builder-el-2  el_after_av_section  el_before_av_section  avia-bg-style-scroll av-minimum-height av-minimum-height-custom av-height-custom  container_wrap fullsize'   data-av_minimum_height_px='310'><div class='container av-section-cont-open' style='height:310px'><div class='template-page content  av-content-full alpha units'><div class='post-entry post-entry-type-page post-entry-43776'><div class='entry-content-wrapper clearfix'>\n<div class='flex_column_table av-2i7mjr-096b2e0a81f44468341c809b2ae351a2 sc-av_one_half av-equal-height-column-flextable'>\n<style type=\"text\/css\" data-created_by=\"avia_inline_auto\" id=\"style-css-av-2i7mjr-096b2e0a81f44468341c809b2ae351a2\">\n.flex_column.av-2i7mjr-096b2e0a81f44468341c809b2ae351a2{\nborder-radius:0px 0px 0px 0px;\npadding:20px 0px 15px 0px;\n}\n<\/style>\n<div  class='flex_column av-2i7mjr-096b2e0a81f44468341c809b2ae351a2 av_one_half  avia-builder-el-3  avia-builder-el-no-sibling  first flex_column_table_cell av-equal-height-column av-align-top  '     ><style type=\"text\/css\" data-created_by=\"avia_inline_auto\" id=\"style-css-av-jt9y1svk-bbd423171a156f14367c228ae70130ed\">\n#top .av_textblock_section.av-jt9y1svk-bbd423171a156f14367c228ae70130ed .avia_textblock{\ncolor:#ffffff;\n}\n<\/style>\n<section  class='av_textblock_section av-jt9y1svk-bbd423171a156f14367c228ae70130ed '   itemscope=\"itemscope\" itemtype=\"https:\/\/schema.org\/CreativeWork\" ><div class='avia_textblock av_inherit_color'  itemprop=\"text\" ><h2>Consultez notre e-catalogue Print<\/h2>\n<p>Solutions pour salons, expositions, events : stands modulaires complets, r\u00e9utilisables et portables.<br \/>\nLes exemples ci-contre pr\u00e9sentent des stands fabriqu\u00e9s dans<br \/>\nnos ateliers et con\u00e7us par nos clients agences et partenaires.<\/p>\n<p>Habillage de cloison, cerce, comptoir, kakemono, tour, vitrine, stand parapluie, stand r\u00e9utilisable \u2026<\/p>\n<\/div><\/section><br \/>\n<div  class='avia-button-wrap av-jt9y3e3w-7f8d993594a22df75bc09cd0eed63cbe-wrap avia-button-left  avia-builder-el-4  avia-builder-el-no-sibling '>\n<style type=\"text\/css\" data-created_by=\"avia_inline_auto\" id=\"style-css-av-jt9y3e3w-7f8d993594a22df75bc09cd0eed63cbe\">\n#top #wrap_all .avia-button.av-jt9y3e3w-7f8d993594a22df75bc09cd0eed63cbe{\nbackground-color:#ffffff;\nborder-color:#ffffff;\ncolor:#fcdc00;\ntransition:all 0.4s ease-in-out;\n}\n#top #wrap_all .avia-button.av-jt9y3e3w-7f8d993594a22df75bc09cd0eed63cbe .avia-svg-icon svg:first-child{\nfill:#fcdc00;\nstroke:#fcdc00;\n}\n<\/style>\n<a href='https:\/\/www.stratallhub.com\/store\/wp-content\/uploads\/2021\/02\/Plaquette-Print-2021.pdf'  class='avia-button av-jt9y3e3w-7f8d993594a22df75bc09cd0eed63cbe av-link-btn avia-icon_select-no avia-size-large avia-position-left'  target=\"_blank\"  rel=\"noopener noreferrer\"  aria-label=\"T\u00c9L\u00c9CHARGER \"><span class='avia_iconbox_title' >T\u00c9L\u00c9CHARGER <\/span><\/a><\/div><\/p><\/div><\/div><!--close column table wrapper. Autoclose: 1 --><div class='flex_column_table av-2i7mjr-1-73ffa5693a578dbf5a7ff7acf080c832 sc-av_one_half av-equal-height-column-flextable'><div class='av-flex-placeholder'><\/div>\n<style type=\"text\/css\" data-created_by=\"avia_inline_auto\" id=\"style-css-av-2i7mjr-1-73ffa5693a578dbf5a7ff7acf080c832\">\n.flex_column.av-2i7mjr-1-73ffa5693a578dbf5a7ff7acf080c832{\nborder-radius:0px 0px 0px 0px;\npadding:0px 0px 0px 0px;\nbackground:url(https:\/\/www.stratallhub.com\/store\/wp-content\/uploads\/2019\/04\/print.png) 100% 100% no-repeat scroll ;\n}\n<\/style>\n<div  class='flex_column av-2i7mjr-1-73ffa5693a578dbf5a7ff7acf080c832 av_one_half flex_column_table_cell av-equal-height-column av-align-top av-zero-column-padding  '     ><\/div><\/div><!--close column table wrapper. Autoclose: 1 -->\n\n","protected":false},"excerpt":{"rendered":"","protected":false},"featured_media":31576,"comment_status":"open","ping_status":"closed","template":"","meta":{"_acf_changed":false},"product_brand":[],"product_cat":[166],"product_tag":[],"class_list":{"0":"post-43776","1":"product","2":"type-product","3":"status-publish","4":"has-post-thumbnail","6":"product_cat-tissus-maille-sublimation","7":"product_shipping_class-print-souple","8":"wcpa_has_options","10":"first","11":"instock","12":"taxable","13":"shipping-taxable","14":"purchasable","15":"product-type-simple"},"acf":[],"yoast_head":"<!-- This site is optimized with the Yoast SEO plugin v27.2 - https:\/\/yoast.com\/product\/yoast-seo-wordpress\/ -->\n<title>Impression sur INTISSE120 gr en polystyr\u00e8ne - Store Del\u00e9age<\/title>\n<meta name=\"description\" content=\"D\u00e9couvrez notre Impression sur INTISSE120 gr en polystyr\u00e8ne sur le Store Del\u00e9age. Livraison en France, devis en 24H\" \/>\n<meta name=\"robots\" content=\"noindex, follow, max-snippet:-1, max-image-preview:large, max-video-preview:-1\" \/>\n<meta property=\"og:locale\" content=\"fr_FR\" \/>\n<meta property=\"og:type\" content=\"article\" \/>\n<meta property=\"og:title\" content=\"Impression sur INTISSE120 gr en polystyr\u00e8ne - Store Del\u00e9age\" \/>\n<meta property=\"og:description\" content=\"D\u00e9couvrez notre Impression sur INTISSE120 gr en polystyr\u00e8ne sur le Store Del\u00e9age. Livraison en France, devis en 24H\" \/>\n<meta property=\"og:url\" content=\"https:\/\/www.stratallhub.com\/store\/produit\/impression-sur-intisse120-gr\/\" \/>\n<meta property=\"og:site_name\" content=\"Store Del\u00e9age\" \/>\n<meta property=\"article:publisher\" content=\"http:\/\/facebook.com\/deleageexpansion\" \/>\n<meta property=\"article:modified_time\" content=\"2024-03-13T08:28:04+00:00\" \/>\n<meta property=\"og:image\" content=\"https:\/\/www.stratallhub.com\/store\/wp-content\/uploads\/2020\/10\/Impression-sur-tissu-intisse\u0301.jpg\" \/>\n\t<meta property=\"og:image:width\" content=\"1200\" \/>\n\t<meta property=\"og:image:height\" content=\"1200\" \/>\n\t<meta property=\"og:image:type\" content=\"image\/jpeg\" \/>\n<meta name=\"twitter:card\" content=\"summary_large_image\" \/>\n<meta name=\"twitter:label1\" content=\"Dur\u00e9e de lecture estim\u00e9e\" \/>\n\t<meta name=\"twitter:data1\" content=\"4 minutes\" \/>\n<script type=\"application\/ld+json\" class=\"yoast-schema-graph\">{\"@context\":\"https:\/\/schema.org\",\"@graph\":[{\"@type\":\"WebPage\",\"@id\":\"https:\/\/www.stratallhub.com\/store\/produit\/impression-sur-intisse120-gr\/\",\"url\":\"https:\/\/www.stratallhub.com\/store\/produit\/impression-sur-intisse120-gr\/\",\"name\":\"Impression sur INTISSE120 gr en polystyr\u00e8ne - Store Del\u00e9age\",\"isPartOf\":{\"@id\":\"https:\/\/www.stratallhub.com\/store\/#website\"},\"primaryImageOfPage\":{\"@id\":\"https:\/\/www.stratallhub.com\/store\/produit\/impression-sur-intisse120-gr\/#primaryimage\"},\"image\":{\"@id\":\"https:\/\/www.stratallhub.com\/store\/produit\/impression-sur-intisse120-gr\/#primaryimage\"},\"thumbnailUrl\":\"https:\/\/www.stratallhub.com\/store\/wp-content\/uploads\/2020\/10\/Impression-sur-tissu-intisse\u0301.jpg\",\"datePublished\":\"2021-12-24T06:55:55+00:00\",\"dateModified\":\"2024-03-13T08:28:04+00:00\",\"description\":\"D\u00e9couvrez notre Impression sur INTISSE120 gr en polystyr\u00e8ne sur le Store Del\u00e9age. Livraison en France, devis en 24H\",\"breadcrumb\":{\"@id\":\"https:\/\/www.stratallhub.com\/store\/produit\/impression-sur-intisse120-gr\/#breadcrumb\"},\"inLanguage\":\"fr-FR\",\"potentialAction\":[{\"@type\":\"ReadAction\",\"target\":[\"https:\/\/www.stratallhub.com\/store\/produit\/impression-sur-intisse120-gr\/\"]}]},{\"@type\":\"ImageObject\",\"inLanguage\":\"fr-FR\",\"@id\":\"https:\/\/www.stratallhub.com\/store\/produit\/impression-sur-intisse120-gr\/#primaryimage\",\"url\":\"https:\/\/www.stratallhub.com\/store\/wp-content\/uploads\/2020\/10\/Impression-sur-tissu-intisse\u0301.jpg\",\"contentUrl\":\"https:\/\/www.stratallhub.com\/store\/wp-content\/uploads\/2020\/10\/Impression-sur-tissu-intisse\u0301.jpg\",\"width\":1200,\"height\":1200,\"caption\":\"D\u00e9tails techniques : Aspect : intiss\u00e9 tissu molletonn\u00e9 Utilisation : Int\u00e9rieur \/ ext\u00e9rieur Laize : 3200 mm Epaisseur : 120 g Impression : sublimation exclusivement Classement feu : oui\"},{\"@type\":\"WebSite\",\"@id\":\"https:\/\/www.stratallhub.com\/store\/#website\",\"url\":\"https:\/\/www.stratallhub.com\/store\/\",\"name\":\"Store Del\u00e9age\",\"description\":\"Just another WordPress site\",\"publisher\":{\"@id\":\"https:\/\/www.stratallhub.com\/store\/#organization\"},\"potentialAction\":[{\"@type\":\"SearchAction\",\"target\":{\"@type\":\"EntryPoint\",\"urlTemplate\":\"https:\/\/www.stratallhub.com\/store\/?s={search_term_string}\"},\"query-input\":{\"@type\":\"PropertyValueSpecification\",\"valueRequired\":true,\"valueName\":\"search_term_string\"}}],\"inLanguage\":\"fr-FR\"},{\"@type\":\"Organization\",\"@id\":\"https:\/\/www.stratallhub.com\/store\/#organization\",\"name\":\"Del\u00e9age Expansion\",\"url\":\"https:\/\/www.stratallhub.com\/store\/\",\"logo\":{\"@type\":\"ImageObject\",\"inLanguage\":\"fr-FR\",\"@id\":\"https:\/\/www.stratallhub.com\/store\/#\/schema\/logo\/image\/\",\"url\":\"https:\/\/www.deleage.com\/store\/wp-content\/uploads\/2018\/04\/logo-violet.png\",\"contentUrl\":\"https:\/\/www.deleage.com\/store\/wp-content\/uploads\/2018\/04\/logo-violet.png\",\"width\":316,\"height\":275,\"caption\":\"Del\u00e9age Expansion\"},\"image\":{\"@id\":\"https:\/\/www.stratallhub.com\/store\/#\/schema\/logo\/image\/\"},\"sameAs\":[\"http:\/\/facebook.com\/deleageexpansion\"]}]}<\/script>\n<!-- \/ Yoast SEO plugin. -->","yoast_head_json":{"title":"Impression sur INTISSE120 gr en polystyr\u00e8ne - Store Del\u00e9age","description":"D\u00e9couvrez notre Impression sur INTISSE120 gr en polystyr\u00e8ne sur le Store Del\u00e9age. Livraison en France, devis en 24H","robots":{"index":"noindex","follow":"follow","max-snippet":"max-snippet:-1","max-image-preview":"max-image-preview:large","max-video-preview":"max-video-preview:-1"},"og_locale":"fr_FR","og_type":"article","og_title":"Impression sur INTISSE120 gr en polystyr\u00e8ne - Store Del\u00e9age","og_description":"D\u00e9couvrez notre Impression sur INTISSE120 gr en polystyr\u00e8ne sur le Store Del\u00e9age. Livraison en France, devis en 24H","og_url":"https:\/\/www.stratallhub.com\/store\/produit\/impression-sur-intisse120-gr\/","og_site_name":"Store Del\u00e9age","article_publisher":"http:\/\/facebook.com\/deleageexpansion","article_modified_time":"2024-03-13T08:28:04+00:00","og_image":[{"width":1200,"height":1200,"url":"https:\/\/www.stratallhub.com\/store\/wp-content\/uploads\/2020\/10\/Impression-sur-tissu-intisse\u0301.jpg","type":"image\/jpeg"}],"twitter_card":"summary_large_image","twitter_misc":{"Dur\u00e9e de lecture estim\u00e9e":"4 minutes"},"schema":{"@context":"https:\/\/schema.org","@graph":[{"@type":"WebPage","@id":"https:\/\/www.stratallhub.com\/store\/produit\/impression-sur-intisse120-gr\/","url":"https:\/\/www.stratallhub.com\/store\/produit\/impression-sur-intisse120-gr\/","name":"Impression sur INTISSE120 gr en polystyr\u00e8ne - Store Del\u00e9age","isPartOf":{"@id":"https:\/\/www.stratallhub.com\/store\/#website"},"primaryImageOfPage":{"@id":"https:\/\/www.stratallhub.com\/store\/produit\/impression-sur-intisse120-gr\/#primaryimage"},"image":{"@id":"https:\/\/www.stratallhub.com\/store\/produit\/impression-sur-intisse120-gr\/#primaryimage"},"thumbnailUrl":"https:\/\/www.stratallhub.com\/store\/wp-content\/uploads\/2020\/10\/Impression-sur-tissu-intisse\u0301.jpg","datePublished":"2021-12-24T06:55:55+00:00","dateModified":"2024-03-13T08:28:04+00:00","description":"D\u00e9couvrez notre Impression sur INTISSE120 gr en polystyr\u00e8ne sur le Store Del\u00e9age. Livraison en France, devis en 24H","breadcrumb":{"@id":"https:\/\/www.stratallhub.com\/store\/produit\/impression-sur-intisse120-gr\/#breadcrumb"},"inLanguage":"fr-FR","potentialAction":[{"@type":"ReadAction","target":["https:\/\/www.stratallhub.com\/store\/produit\/impression-sur-intisse120-gr\/"]}]},{"@type":"ImageObject","inLanguage":"fr-FR","@id":"https:\/\/www.stratallhub.com\/store\/produit\/impression-sur-intisse120-gr\/#primaryimage","url":"https:\/\/www.stratallhub.com\/store\/wp-content\/uploads\/2020\/10\/Impression-sur-tissu-intisse\u0301.jpg","contentUrl":"https:\/\/www.stratallhub.com\/store\/wp-content\/uploads\/2020\/10\/Impression-sur-tissu-intisse\u0301.jpg","width":1200,"height":1200,"caption":"D\u00e9tails techniques : Aspect : intiss\u00e9 tissu molletonn\u00e9 Utilisation : Int\u00e9rieur \/ ext\u00e9rieur Laize : 3200 mm Epaisseur : 120 g Impression : sublimation exclusivement Classement feu : oui"},{"@type":"WebSite","@id":"https:\/\/www.stratallhub.com\/store\/#website","url":"https:\/\/www.stratallhub.com\/store\/","name":"Store Del\u00e9age","description":"Just another WordPress site","publisher":{"@id":"https:\/\/www.stratallhub.com\/store\/#organization"},"potentialAction":[{"@type":"SearchAction","target":{"@type":"EntryPoint","urlTemplate":"https:\/\/www.stratallhub.com\/store\/?s={search_term_string}"},"query-input":{"@type":"PropertyValueSpecification","valueRequired":true,"valueName":"search_term_string"}}],"inLanguage":"fr-FR"},{"@type":"Organization","@id":"https:\/\/www.stratallhub.com\/store\/#organization","name":"Del\u00e9age Expansion","url":"https:\/\/www.stratallhub.com\/store\/","logo":{"@type":"ImageObject","inLanguage":"fr-FR","@id":"https:\/\/www.stratallhub.com\/store\/#\/schema\/logo\/image\/","url":"https:\/\/www.deleage.com\/store\/wp-content\/uploads\/2018\/04\/logo-violet.png","contentUrl":"https:\/\/www.deleage.com\/store\/wp-content\/uploads\/2018\/04\/logo-violet.png","width":316,"height":275,"caption":"Del\u00e9age Expansion"},"image":{"@id":"https:\/\/www.stratallhub.com\/store\/#\/schema\/logo\/image\/"},"sameAs":["http:\/\/facebook.com\/deleageexpansion"]}]}},"wcpa_form_fields":{"wcpaData":{"product":{"product_price":47.8,"price_html":"\u00c0 partir de 47.80 \u20ac ht","original_product_price":47.8,"price_including_tax":57.36,"price_excluding_tax":47.8,"product_id":{"parent":43776,"variation":false},"is_variable":false,"stock_status":"instock","stock_quantity":null,"parent_sku":"kitmini-3-1-1-1-1-1-1-1-1-1","product_attributes":{"dimensions":{"is_variation":false,"values":["300 mm","400 mm","500 mm","600 mm","700 mm","800 mm","1000 mm"]}},"custom_fields":[],"is_taxable":true},"fields":{"sec_6673f488652a7e":{"extra":{"key":"sec_6673f488652a7e","section_id":"sec_6673f488652a7e","name":"Default","status":1,"cl_rule":"show","enableCl":false,"relations":[],"toggle":true,"title_tag":"h3","show_title":false,"showPrice":"default","form_id":43887,"form_rules":{"exclude_from_discount":false,"fee_label":"Fee","disp_hide_options_price":true,"disp_show_section_price":false,"disp_show_field_price":false,"layout_option":"standard","pric_use_as_fee":false,"process_fee_as":"woo_fee"},"layout_option":"standard"},"fields":[[{"type":"select","elementId":"wcpa-select-1641204498657","label":"1. Choisissez l'\u00e9paisseur","priceOptions":"different_for_all","pricingType":"fixed","className":"hauteur_autocalc titre_relief","name":"select-1641204498657","cl_rule":"show","col":"3","values":[{"label":"90 g","value":"90","price":"","pimage":"","pimage_id":"","pthumb":"","gt_translate_keys":["label"]},{"label":"130 g","value":"130","price":"","pimage":"","pimage_id":"","pthumb":"","gt_translate_keys":["label"]}],"relations":false,"active":true,"tooltip":"","gt_translate_keys":["label","tooltip"],"price_dependency":false,"cl_dependency":["wcpa-paragraph-61cc745005cf1","wcpa-paragraph-1641204537443"],"value":""}],[{"type":"header","subtype":"h3","label":"2. Indiquez une dimension","elementId":"wcpa-header-61cc745005c8b","className":"relief","cl_rule":"show","col":6,"relations":false,"active":true,"tooltip":"","gt_translate_keys":["label","tooltip"],"price_dependency":false,"cl_dependency":false,"value":""}],[{"type":"number","elementId":"wcpa-number-61cc745005ca1","label":"Longueur en cm","placeholder":"0 cm","value":"0","enablePrice":true,"pricingType":"fixed","price":"0","step":"0.1","name":"number-61cc745005cb0","cl_rule":"show","col":"2","relations":[{"operator":false,"rules":[{"operator":false,"rules":{"cl_field":"0","cl_relation":"is","cl_val":false}}]}],"active":true,"tooltip":"","gt_translate_keys":["label","placeholder","value","tooltip"],"price_dependency":["wcpa-paragraph-61cc745005cf1","wcpa-paragraph-1641204537443"],"cl_dependency":false},{"type":"number","elementId":"wcpa-number-61cc745005cbd","label":"Largeur en cm","placeholder":"0 cm","value":"0","enablePrice":true,"pricingType":"fixed","price":"0","step":"0.1","name":"number-61cc745005cc9","cl_rule":"show","col":"2","relations":[{"operator":false,"rules":[{"operator":false,"rules":{"cl_field":"0","cl_relation":"is","cl_val":false}}]}],"active":true,"tooltip":"","gt_translate_keys":["label","placeholder","value","tooltip"],"price_dependency":["wcpa-paragraph-61cc745005cf1","wcpa-paragraph-1641204537443"],"cl_dependency":false}],[{"type":"file","elementId":"wcpa-file-61cc745005ce4","label":"T\u00e9l\u00e9chargez vos fichiers (Facultatif)","description":"type jpg, png, pdf, eps, maximum 128 Mo. Au del\u00e0 ou pour tout autre type de fichier, veuillez utiliser Wetransfer sur l\u2019adresse contact@stratallhub.com. La qualit\u00e9 du fichier sera contr\u00f4l\u00e9e et un BAT vous sera envoy\u00e9 pour validation. <strong>Pour envoyez plusieurs fichiers, veuillez effectuer une s\u00e9lection multiple.<\/strong>","pricingType":"fixed","ajax_upload":true,"multiple_upload":true,"uploadsize":"128","name":"file-61cc745005cea","showUploadPreview":true,"cl_rule":"show","col":"4","relations":false,"active":true,"tooltip":"","upload_type":"ajax","allowedFileTypes":"","gt_translate_keys":["label","description","tooltip"],"price_dependency":false,"cl_dependency":false,"value":""},{"type":"content","subtype":"div","label":"","elementId":"wcpa-paragraph-61cc745005cf1","show_in_checkout":true,"enablePrice":true,"pricingType":"custom","price":"({field.wcpa-number-61cc745005cbd.value}*{field.wcpa-number-61cc745005ca1.value}>10000?{field.wcpa-number-61cc745005cbd.value}*{field.wcpa-number-61cc745005ca1.value}*0.0047:({field.wcpa-number-61cc745005cbd.value}*{field.wcpa-number-61cc745005ca1.value}>8000?47:({field.wcpa-number-61cc745005cbd.value}*{field.wcpa-number-61cc745005ca1.value}>4800?40:({field.wcpa-number-61cc745005cbd.value}*{field.wcpa-number-61cc745005ca1.value}>3000?30:({field.wcpa-number-61cc745005cbd.value}*{field.wcpa-number-61cc745005ca1.value}>2000?24:({field.wcpa-number-61cc745005cbd.value}*{field.wcpa-number-61cc745005ca1.value}>1200?21:({field.wcpa-number-61cc745005cbd.value}*{field.wcpa-number-61cc745005ca1.value}>720?18:({field.wcpa-number-61cc745005cbd.value}*{field.wcpa-number-61cc745005ca1.value}>432?16:15))))))))","hideFieldIn_cart":true,"hideFieldIn_order":true,"enableCl":true,"cl_rule":"show","cl_val":"90","col":"2","relations":[{"operator":false,"rules":[{"operator":false,"rules":{"cl_field":"wcpa-select-1641204498657","cl_relation":"is","cl_val":"90"}}]}],"active":true,"tooltip":"","value":"","name":"wcpa-paragraph-61cc745005cf1","contentType":"plain","isTemplate":false,"error":false,"gt_translate_keys":["label","value","tooltip"],"price_dependency":false,"cl_dependency":false}],[{"type":"content","subtype":"div","label":"","elementId":"wcpa-paragraph-1641204537443","show_in_checkout":true,"enablePrice":true,"pricingType":"custom","price":"({field.wcpa-number-61cc745005cbd.value}*{field.wcpa-number-61cc745005ca1.value}>10000?{field.wcpa-number-61cc745005cbd.value}*{field.wcpa-number-61cc745005ca1.value}*0.0084:({field.wcpa-number-61cc745005cbd.value}*{field.wcpa-number-61cc745005ca1.value}>8000?84:({field.wcpa-number-61cc745005cbd.value}*{field.wcpa-number-61cc745005ca1.value}>4800?80:({field.wcpa-number-61cc745005cbd.value}*{field.wcpa-number-61cc745005ca1.value}>3000?58:({field.wcpa-number-61cc745005cbd.value}*{field.wcpa-number-61cc745005ca1.value}>2000?46:({field.wcpa-number-61cc745005cbd.value}*{field.wcpa-number-61cc745005ca1.value}>1200?41:({field.wcpa-number-61cc745005cbd.value}*{field.wcpa-number-61cc745005ca1.value}>720?35:({field.wcpa-number-61cc745005cbd.value}*{field.wcpa-number-61cc745005ca1.value}>432?33:32))))))))","hideFieldIn_cart":true,"hideFieldIn_order":true,"enableCl":true,"cl_rule":"show","cl_val":"130","col":"2","relations":[{"operator":false,"rules":[{"operator":false,"rules":{"cl_field":"wcpa-select-1641204498657","cl_relation":"is","cl_val":"130"}}]}],"active":true,"tooltip":"","value":"","name":"wcpa-paragraph-1641204537443","contentType":"plain","isTemplate":false,"error":false,"gt_translate_keys":["label","value","tooltip"],"price_dependency":false,"cl_dependency":false}]]}},"config":{"price_override":"always","enable_recaptcha":false,"bind_quantity":false,"quantity_bind_formula":"","disp_summ_show_option_price":false,"disp_summ_show_product_price":false,"disp_summ_show_total_price":true,"disp_summ_show_fee":false,"disp_summ_show_discount":false,"summary_title":"","options_total_label":"Options Price","total_label":"Total","options_product_label":"Product Price","fee_label":"Fee","discount_label":"Discount","has_price":true,"has_quantity_formula":false},"mc_unit":1,"tax_rate":1,"tax_rate_real":0.2,"discount":{"percentage":0,"fixed":0},"design":{"conf":{"LabelPosition":"above","DescPosition":"above","UploadField":"custom_1","QuantityFieldStyle":"default"},"css":{"LeftLabelWidth":"120px"}},"formulas":[],"clones":false,"cartKey":false}},"_links":{"self":[{"href":"https:\/\/www.stratallhub.com\/store\/wp-json\/wp\/v2\/product\/43776","targetHints":{"allow":["GET"]}}],"collection":[{"href":"https:\/\/www.stratallhub.com\/store\/wp-json\/wp\/v2\/product"}],"about":[{"href":"https:\/\/www.stratallhub.com\/store\/wp-json\/wp\/v2\/types\/product"}],"replies":[{"embeddable":true,"href":"https:\/\/www.stratallhub.com\/store\/wp-json\/wp\/v2\/comments?post=43776"}],"wp:featuredmedia":[{"embeddable":true,"href":"https:\/\/www.stratallhub.com\/store\/wp-json\/wp\/v2\/media\/31576"}],"wp:attachment":[{"href":"https:\/\/www.stratallhub.com\/store\/wp-json\/wp\/v2\/media?parent=43776"}],"wp:term":[{"taxonomy":"product_brand","embeddable":true,"href":"https:\/\/www.stratallhub.com\/store\/wp-json\/wp\/v2\/product_brand?post=43776"},{"taxonomy":"product_cat","embeddable":true,"href":"https:\/\/www.stratallhub.com\/store\/wp-json\/wp\/v2\/product_cat?post=43776"},{"taxonomy":"product_tag","embeddable":true,"href":"https:\/\/www.stratallhub.com\/store\/wp-json\/wp\/v2\/product_tag?post=43776"}],"curies":[{"name":"wp","href":"https:\/\/api.w.org\/{rel}","templated":true}]}}