{"id":26350,"date":"2020-07-21T12:41:09","date_gmt":"2020-07-21T12:41:09","guid":{"rendered":"https:\/\/www.deleage.com\/store\/produit\/import-placeholder-for-18498\/"},"modified":"2025-09-17T15:59:53","modified_gmt":"2025-09-17T15:59:53","slug":"cloison-zig-zag-avec-impression","status":"publish","type":"product","link":"https:\/\/www.stratallhub.com\/store\/produit\/cloison-zig-zag-avec-impression\/","title":{"rendered":"Cloison ZIG ZAG avec impression"},"content":{"rendered":"<div id='av_section_1'  class='avia-section av-av_section-8118409a20acebe2a1adc166152dd0c5 main_color avia-section-default avia-no-border-styling  avia-builder-el-0  el_before_av_section  avia-builder-el-first  avia-bg-style-scroll container_wrap fullsize'  ><div class='container av-section-cont-open' ><main  role=\"main\" itemprop=\"mainContentOfPage\"  class='template-page content  av-content-full alpha units'><div class='post-entry post-entry-type-page post-entry-26350'><div class='entry-content-wrapper clearfix'><div  class='flex_column av-av_one_full-2a9015ff38129c418a3f2eafba3e9512 av_one_full first flex_column_div  '     ><section  class='av_textblock_section av-av_textblock-18ec860c7e07088d2c0a993b614e8019 '   itemscope=\"itemscope\" itemtype=\"https:\/\/schema.org\/CreativeWork\" ><div class='avia_textblock'  itemprop=\"text\" ><h2 style='text-align: center;'>Nos derni\u00e8res r\u00e9alisations<\/h2>\n<\/div><\/section><\/p><\/div>\n<\/div><\/div><\/main><!-- close content main element --><\/div><\/div>\n<style type=\"text\/css\" data-created_by=\"avia_inline_auto\" id=\"style-css-av-jt9xxsxv-808bf8a5e1214283a9d53d23253e827f\">\n.avia-section.av-jt9xxsxv-808bf8a5e1214283a9d53d23253e827f{\nbackground-color:#000000;\nbackground-image:unset;\n}\n<\/style>\n<div id='av_section_2'  class='avia-section av-jt9xxsxv-808bf8a5e1214283a9d53d23253e827f main_color avia-section-default avia-no-border-styling  avia-builder-el-2  el_after_av_section  el_before_av_section  avia-bg-style-scroll av-minimum-height av-minimum-height-custom av-height-custom  container_wrap fullsize'   data-av_minimum_height_px='350'><div class='container av-section-cont-open' style='height:350px'><div class='template-page content  av-content-full alpha units'><div class='post-entry post-entry-type-page post-entry-26350'><div class='entry-content-wrapper clearfix'>\n<div class='flex_column_table av-2i7mjr-096b2e0a81f44468341c809b2ae351a2 sc-av_one_half av-equal-height-column-flextable'>\n<style type=\"text\/css\" data-created_by=\"avia_inline_auto\" id=\"style-css-av-2i7mjr-096b2e0a81f44468341c809b2ae351a2\">\n.flex_column.av-2i7mjr-096b2e0a81f44468341c809b2ae351a2{\nborder-radius:0px 0px 0px 0px;\npadding:20px 0px 15px 0px;\n}\n<\/style>\n<div  class='flex_column av-2i7mjr-096b2e0a81f44468341c809b2ae351a2 av_one_half  avia-builder-el-3  avia-builder-el-no-sibling  first flex_column_table_cell av-equal-height-column av-align-top  '     ><style type=\"text\/css\" data-created_by=\"avia_inline_auto\" id=\"style-css-av-jt9y1svk-bbd423171a156f14367c228ae70130ed\">\n#top .av_textblock_section.av-jt9y1svk-bbd423171a156f14367c228ae70130ed .avia_textblock{\ncolor:#ffffff;\n}\n<\/style>\n<section  class='av_textblock_section av-jt9y1svk-bbd423171a156f14367c228ae70130ed '   itemscope=\"itemscope\" itemtype=\"https:\/\/schema.org\/CreativeWork\" ><div class='avia_textblock av_inherit_color'  itemprop=\"text\" ><h2>Consultez notre e-catalogue expo<\/h2>\n<p>Avec notre gamme ZIG-ZAG\u00ae, cr\u00e9ez votre espace exposition sur-mesure. D\u00e9couvrez notre offre in\u00e9dite de panneaux et cloisons d\u2019affichage.<\/p>\n<p>Expositions ext\u00e9rieures avec le ZIG ZAG tout-terrain, expositions urbaines, expositions suspendues, expositions en volume, expositions au sol ou murales, concevez l\u2019exposition qui vous correspond.<\/p>\n<p>Les exemples pr\u00e9sents dans notre catalogue vous donneront un aper\u00e7u des possibilit\u00e9s de nos panneaux et cloisons d\u2019affichage d\u00e9j\u00e0 r\u00e9alis\u00e9es pour nos clients. &#8230;<\/p>\n<\/div><\/section><br \/>\n<div  class='avia-button-wrap av-jt9y3e3w-e6db1c8d4ae13210030ea833afb5fec5-wrap avia-button-left  avia-builder-el-4  avia-builder-el-no-sibling '>\n<style type=\"text\/css\" data-created_by=\"avia_inline_auto\" id=\"style-css-av-jt9y3e3w-e6db1c8d4ae13210030ea833afb5fec5\">\n#top #wrap_all .avia-button.av-jt9y3e3w-e6db1c8d4ae13210030ea833afb5fec5{\nbackground-color:#ffffff;\nborder-color:#ffffff;\ncolor:#000000;\ntransition:all 0.4s ease-in-out;\n}\n#top #wrap_all .avia-button.av-jt9y3e3w-e6db1c8d4ae13210030ea833afb5fec5 .avia-svg-icon svg:first-child{\nfill:#000000;\nstroke:#000000;\n}\n<\/style>\n<a href='https:\/\/www.stratallhub.com\/store\/wp-content\/uploads\/2020\/11\/Plaquette-BD-Expo-2019.pdf'  class='avia-button av-jt9y3e3w-e6db1c8d4ae13210030ea833afb5fec5 av-link-btn avia-icon_select-no avia-size-large avia-position-left'  target=\"_blank\"  rel=\"noopener noreferrer\"  aria-label=\"T\u00c9L\u00c9CHARGER \"><span class='avia_iconbox_title' >T\u00c9L\u00c9CHARGER <\/span><\/a><\/div><\/p><\/div><\/div><!--close column table wrapper. Autoclose: 1 --><div class='flex_column_table av-2i7mjr-1-f9a7dfe9f9d79c20bf2665d2b5868c1f sc-av_one_half av-equal-height-column-flextable'><div class='av-flex-placeholder'><\/div>\n<style type=\"text\/css\" data-created_by=\"avia_inline_auto\" id=\"style-css-av-2i7mjr-1-f9a7dfe9f9d79c20bf2665d2b5868c1f\">\n.flex_column.av-2i7mjr-1-f9a7dfe9f9d79c20bf2665d2b5868c1f{\nborder-radius:0px 0px 0px 0px;\npadding:0px 0px 0px 0px;\nbackground:url(https:\/\/www.stratallhub.com\/store\/wp-content\/uploads\/2019\/07\/Exponewbis.png) 100% 100% no-repeat scroll ;\n}\n<\/style>\n<div  class='flex_column av-2i7mjr-1-f9a7dfe9f9d79c20bf2665d2b5868c1f av_one_half flex_column_table_cell av-equal-height-column av-align-top av-zero-column-padding  '     ><\/div><\/div><!--close column table wrapper. Autoclose: 1 -->\n\n","protected":false},"excerpt":{"rendered":"<p>Panneau d&rsquo;exposition ZIG ZAG 1000 x 2100 mm<\/p>\n","protected":false},"featured_media":26364,"comment_status":"open","ping_status":"closed","template":"","meta":{"_acf_changed":false},"product_brand":[],"product_cat":[255,116],"product_tag":[],"class_list":{"0":"post-26350","1":"product","2":"type-product","3":"status-publish","4":"has-post-thumbnail","6":"product_cat-bio-pvc","7":"product_cat-cloisonnement-evenementiel","8":"product_shipping_class-carton-zig-zag","9":"wcpa_has_options","11":"first","12":"instock","13":"taxable","14":"shipping-taxable","15":"purchasable","16":"product-type-variable","17":"has-default-attributes"},"acf":[],"yoast_head":"<!-- This site is optimized with the Yoast SEO plugin v27.2 - https:\/\/yoast.com\/product\/yoast-seo-wordpress\/ -->\n<title>Cloison amovible Zig Zag - Store Del\u00e9age<\/title>\n<meta name=\"description\" content=\"Le paravent ZIG ZAG permet de r\u00e9aliser des cloisons amovibles et modulables pour la cr\u00e9ation ou la s\u00e9paration d\u2019espaces professionnels.\" \/>\n<meta name=\"robots\" content=\"noindex, follow, max-snippet:-1, max-image-preview:large, max-video-preview:-1\" \/>\n<meta property=\"og:locale\" content=\"fr_FR\" \/>\n<meta property=\"og:type\" content=\"article\" \/>\n<meta property=\"og:title\" content=\"Cloison amovible Zig Zag - Store Del\u00e9age\" \/>\n<meta property=\"og:description\" content=\"Le paravent ZIG ZAG permet de r\u00e9aliser des cloisons amovibles et modulables pour la cr\u00e9ation ou la s\u00e9paration d\u2019espaces professionnels.\" \/>\n<meta property=\"og:url\" content=\"https:\/\/www.stratallhub.com\/store\/produit\/cloison-zig-zag-avec-impression\/\" \/>\n<meta property=\"og:site_name\" content=\"Store Del\u00e9age\" \/>\n<meta property=\"article:publisher\" content=\"http:\/\/facebook.com\/deleageexpansion\" \/>\n<meta property=\"article:modified_time\" content=\"2025-09-17T15:59:53+00:00\" \/>\n<meta property=\"og:image\" content=\"https:\/\/www.stratallhub.com\/store\/wp-content\/uploads\/2020\/07\/panneau-exposition-double-face-spot-1.jpg\" \/>\n\t<meta property=\"og:image:width\" content=\"1200\" \/>\n\t<meta property=\"og:image:height\" content=\"1200\" \/>\n\t<meta property=\"og:image:type\" content=\"image\/jpeg\" \/>\n<meta name=\"twitter:card\" content=\"summary_large_image\" \/>\n<meta name=\"twitter:label1\" content=\"Dur\u00e9e de lecture estim\u00e9e\" \/>\n\t<meta name=\"twitter:data1\" content=\"8 minutes\" \/>\n<script type=\"application\/ld+json\" class=\"yoast-schema-graph\">{\"@context\":\"https:\/\/schema.org\",\"@graph\":[{\"@type\":\"WebPage\",\"@id\":\"https:\/\/www.stratallhub.com\/store\/produit\/cloison-zig-zag-avec-impression\/\",\"url\":\"https:\/\/www.stratallhub.com\/store\/produit\/cloison-zig-zag-avec-impression\/\",\"name\":\"Cloison amovible Zig Zag - Store Del\u00e9age\",\"isPartOf\":{\"@id\":\"https:\/\/www.stratallhub.com\/store\/#website\"},\"primaryImageOfPage\":{\"@id\":\"https:\/\/www.stratallhub.com\/store\/produit\/cloison-zig-zag-avec-impression\/#primaryimage\"},\"image\":{\"@id\":\"https:\/\/www.stratallhub.com\/store\/produit\/cloison-zig-zag-avec-impression\/#primaryimage\"},\"thumbnailUrl\":\"https:\/\/www.stratallhub.com\/store\/wp-content\/uploads\/2020\/07\/panneau-exposition-double-face-spot-1.jpg\",\"datePublished\":\"2020-07-21T12:41:09+00:00\",\"dateModified\":\"2025-09-17T15:59:53+00:00\",\"description\":\"Le paravent ZIG ZAG permet de r\u00e9aliser des cloisons amovibles et modulables pour la cr\u00e9ation ou la s\u00e9paration d\u2019espaces professionnels.\",\"breadcrumb\":{\"@id\":\"https:\/\/www.stratallhub.com\/store\/produit\/cloison-zig-zag-avec-impression\/#breadcrumb\"},\"inLanguage\":\"fr-FR\",\"potentialAction\":[{\"@type\":\"ReadAction\",\"target\":[\"https:\/\/www.stratallhub.com\/store\/produit\/cloison-zig-zag-avec-impression\/\"]}]},{\"@type\":\"ImageObject\",\"inLanguage\":\"fr-FR\",\"@id\":\"https:\/\/www.stratallhub.com\/store\/produit\/cloison-zig-zag-avec-impression\/#primaryimage\",\"url\":\"https:\/\/www.stratallhub.com\/store\/wp-content\/uploads\/2020\/07\/panneau-exposition-double-face-spot-1.jpg\",\"contentUrl\":\"https:\/\/www.stratallhub.com\/store\/wp-content\/uploads\/2020\/07\/panneau-exposition-double-face-spot-1.jpg\",\"width\":1200,\"height\":1200},{\"@type\":\"WebSite\",\"@id\":\"https:\/\/www.stratallhub.com\/store\/#website\",\"url\":\"https:\/\/www.stratallhub.com\/store\/\",\"name\":\"Store Del\u00e9age\",\"description\":\"Just another WordPress site\",\"publisher\":{\"@id\":\"https:\/\/www.stratallhub.com\/store\/#organization\"},\"potentialAction\":[{\"@type\":\"SearchAction\",\"target\":{\"@type\":\"EntryPoint\",\"urlTemplate\":\"https:\/\/www.stratallhub.com\/store\/?s={search_term_string}\"},\"query-input\":{\"@type\":\"PropertyValueSpecification\",\"valueRequired\":true,\"valueName\":\"search_term_string\"}}],\"inLanguage\":\"fr-FR\"},{\"@type\":\"Organization\",\"@id\":\"https:\/\/www.stratallhub.com\/store\/#organization\",\"name\":\"Del\u00e9age Expansion\",\"url\":\"https:\/\/www.stratallhub.com\/store\/\",\"logo\":{\"@type\":\"ImageObject\",\"inLanguage\":\"fr-FR\",\"@id\":\"https:\/\/www.stratallhub.com\/store\/#\/schema\/logo\/image\/\",\"url\":\"https:\/\/www.deleage.com\/store\/wp-content\/uploads\/2018\/04\/logo-violet.png\",\"contentUrl\":\"https:\/\/www.deleage.com\/store\/wp-content\/uploads\/2018\/04\/logo-violet.png\",\"width\":316,\"height\":275,\"caption\":\"Del\u00e9age Expansion\"},\"image\":{\"@id\":\"https:\/\/www.stratallhub.com\/store\/#\/schema\/logo\/image\/\"},\"sameAs\":[\"http:\/\/facebook.com\/deleageexpansion\"]}]}<\/script>\n<!-- \/ Yoast SEO plugin. -->","yoast_head_json":{"title":"Cloison amovible Zig Zag - Store Del\u00e9age","description":"Le paravent ZIG ZAG permet de r\u00e9aliser des cloisons amovibles et modulables pour la cr\u00e9ation ou la s\u00e9paration d\u2019espaces professionnels.","robots":{"index":"noindex","follow":"follow","max-snippet":"max-snippet:-1","max-image-preview":"max-image-preview:large","max-video-preview":"max-video-preview:-1"},"og_locale":"fr_FR","og_type":"article","og_title":"Cloison amovible Zig Zag - Store Del\u00e9age","og_description":"Le paravent ZIG ZAG permet de r\u00e9aliser des cloisons amovibles et modulables pour la cr\u00e9ation ou la s\u00e9paration d\u2019espaces professionnels.","og_url":"https:\/\/www.stratallhub.com\/store\/produit\/cloison-zig-zag-avec-impression\/","og_site_name":"Store Del\u00e9age","article_publisher":"http:\/\/facebook.com\/deleageexpansion","article_modified_time":"2025-09-17T15:59:53+00:00","og_image":[{"width":1200,"height":1200,"url":"https:\/\/www.stratallhub.com\/store\/wp-content\/uploads\/2020\/07\/panneau-exposition-double-face-spot-1.jpg","type":"image\/jpeg"}],"twitter_card":"summary_large_image","twitter_misc":{"Dur\u00e9e de lecture estim\u00e9e":"8 minutes"},"schema":{"@context":"https:\/\/schema.org","@graph":[{"@type":"WebPage","@id":"https:\/\/www.stratallhub.com\/store\/produit\/cloison-zig-zag-avec-impression\/","url":"https:\/\/www.stratallhub.com\/store\/produit\/cloison-zig-zag-avec-impression\/","name":"Cloison amovible Zig Zag - Store Del\u00e9age","isPartOf":{"@id":"https:\/\/www.stratallhub.com\/store\/#website"},"primaryImageOfPage":{"@id":"https:\/\/www.stratallhub.com\/store\/produit\/cloison-zig-zag-avec-impression\/#primaryimage"},"image":{"@id":"https:\/\/www.stratallhub.com\/store\/produit\/cloison-zig-zag-avec-impression\/#primaryimage"},"thumbnailUrl":"https:\/\/www.stratallhub.com\/store\/wp-content\/uploads\/2020\/07\/panneau-exposition-double-face-spot-1.jpg","datePublished":"2020-07-21T12:41:09+00:00","dateModified":"2025-09-17T15:59:53+00:00","description":"Le paravent ZIG ZAG permet de r\u00e9aliser des cloisons amovibles et modulables pour la cr\u00e9ation ou la s\u00e9paration d\u2019espaces professionnels.","breadcrumb":{"@id":"https:\/\/www.stratallhub.com\/store\/produit\/cloison-zig-zag-avec-impression\/#breadcrumb"},"inLanguage":"fr-FR","potentialAction":[{"@type":"ReadAction","target":["https:\/\/www.stratallhub.com\/store\/produit\/cloison-zig-zag-avec-impression\/"]}]},{"@type":"ImageObject","inLanguage":"fr-FR","@id":"https:\/\/www.stratallhub.com\/store\/produit\/cloison-zig-zag-avec-impression\/#primaryimage","url":"https:\/\/www.stratallhub.com\/store\/wp-content\/uploads\/2020\/07\/panneau-exposition-double-face-spot-1.jpg","contentUrl":"https:\/\/www.stratallhub.com\/store\/wp-content\/uploads\/2020\/07\/panneau-exposition-double-face-spot-1.jpg","width":1200,"height":1200},{"@type":"WebSite","@id":"https:\/\/www.stratallhub.com\/store\/#website","url":"https:\/\/www.stratallhub.com\/store\/","name":"Store Del\u00e9age","description":"Just another WordPress site","publisher":{"@id":"https:\/\/www.stratallhub.com\/store\/#organization"},"potentialAction":[{"@type":"SearchAction","target":{"@type":"EntryPoint","urlTemplate":"https:\/\/www.stratallhub.com\/store\/?s={search_term_string}"},"query-input":{"@type":"PropertyValueSpecification","valueRequired":true,"valueName":"search_term_string"}}],"inLanguage":"fr-FR"},{"@type":"Organization","@id":"https:\/\/www.stratallhub.com\/store\/#organization","name":"Del\u00e9age Expansion","url":"https:\/\/www.stratallhub.com\/store\/","logo":{"@type":"ImageObject","inLanguage":"fr-FR","@id":"https:\/\/www.stratallhub.com\/store\/#\/schema\/logo\/image\/","url":"https:\/\/www.deleage.com\/store\/wp-content\/uploads\/2018\/04\/logo-violet.png","contentUrl":"https:\/\/www.deleage.com\/store\/wp-content\/uploads\/2018\/04\/logo-violet.png","width":316,"height":275,"caption":"Del\u00e9age Expansion"},"image":{"@id":"https:\/\/www.stratallhub.com\/store\/#\/schema\/logo\/image\/"},"sameAs":["http:\/\/facebook.com\/deleageexpansion"]}]}},"wcpa_form_fields":{"wcpaData":{"product":{"product_price":110,"price_html":"\u00c0 partir de 88 \u20ac <span style=\"font-family:'light' !important\">ht<\/span>","original_product_price":110,"price_including_tax":132,"price_excluding_tax":110,"product_id":{"parent":26350,"variation":false},"is_variable":true,"stock_status":"instock","stock_quantity":null,"parent_sku":"zigzag-1-2-1","product_attributes":{"prix-degressif-par-quantite":{"is_variation":false,"values":["zig zag"]},"prix-degressif":{"is_variation":false,"values":["Prix unitaire : 120,00 \u20ac"]},"dimensions":{"is_variation":true,"values":[]}},"custom_fields":[],"is_taxable":true},"fields":{"sec_869e3190716c4c":{"extra":{"key":"sec_869e3190716c4c","section_id":"sec_869e3190716c4c","name":"Default","status":1,"cl_rule":"show","enableCl":false,"relations":[],"toggle":true,"title_tag":"h3","show_title":false,"showPrice":"default","form_id":49405,"form_rules":{"exclude_from_discount":false,"fee_label":"Fee","disp_hide_options_price":false,"disp_show_section_price":false,"disp_show_field_price":false,"layout_option":"standard","pric_use_as_fee":true,"process_fee_as":"woo_fee"},"layout_option":"standard"},"fields":[[{"type":"file","elementId":"wcpa-file-1684835325461","label":"T\u00e9l\u00e9chargez vos fichiers (Facultatif)","description":"type jpg, png, pdf, eps, maximum 128 Mo. Au del\u00e0 ou pour tout autre type de fichier, veuillez utiliser Wetransfer sur l\u2019adresse contact@stratallhub.com. La qualit\u00e9 du fichier sera contr\u00f4l\u00e9e et un BAT vous sera envoy\u00e9 pour validation. <strong>Pour envoyez plusieurs fichiers, veuillez effectuer une s\u00e9lection multiple.<\/strong>","pricingType":"fixed","ajax_upload":true,"multiple_upload":true,"uploadsize":"128","name":"file-1684835325461","showUploadPreview":true,"exts_supported":["jpg","jpeg","png","gif","JPG","JPEG","PNG","GIF"],"cl_rule":"show","col":"3","relations":false,"active":true,"tooltip":"","upload_type":"ajax","allowedFileTypes":".jpg,.jpeg,.png,.gif,.JPG,.JPEG,.PNG,.GIF","gt_translate_keys":["label","description","tooltip"],"price_dependency":false,"cl_dependency":false,"value":""}]]}},"config":{"price_override":"","enable_recaptcha":false,"bind_quantity":false,"quantity_bind_formula":"","disp_summ_show_option_price":false,"disp_summ_show_product_price":true,"disp_summ_show_total_price":false,"disp_summ_show_fee":false,"disp_summ_show_discount":false,"summary_title":"","options_total_label":"Options Price","total_label":"Total","options_product_label":"Product Price","fee_label":"Fee","discount_label":"Discount","has_price":true,"has_quantity_formula":false},"mc_unit":1,"tax_rate":1,"tax_rate_real":0.2,"discount":{"percentage":0,"fixed":0},"design":{"conf":{"LabelPosition":"above","DescPosition":"above","UploadField":"custom_1","QuantityFieldStyle":"default"},"css":{"LeftLabelWidth":"120px"}},"formulas":[],"clones":false,"cartKey":false}},"_links":{"self":[{"href":"https:\/\/www.stratallhub.com\/store\/wp-json\/wp\/v2\/product\/26350","targetHints":{"allow":["GET"]}}],"collection":[{"href":"https:\/\/www.stratallhub.com\/store\/wp-json\/wp\/v2\/product"}],"about":[{"href":"https:\/\/www.stratallhub.com\/store\/wp-json\/wp\/v2\/types\/product"}],"replies":[{"embeddable":true,"href":"https:\/\/www.stratallhub.com\/store\/wp-json\/wp\/v2\/comments?post=26350"}],"wp:featuredmedia":[{"embeddable":true,"href":"https:\/\/www.stratallhub.com\/store\/wp-json\/wp\/v2\/media\/26364"}],"wp:attachment":[{"href":"https:\/\/www.stratallhub.com\/store\/wp-json\/wp\/v2\/media?parent=26350"}],"wp:term":[{"taxonomy":"product_brand","embeddable":true,"href":"https:\/\/www.stratallhub.com\/store\/wp-json\/wp\/v2\/product_brand?post=26350"},{"taxonomy":"product_cat","embeddable":true,"href":"https:\/\/www.stratallhub.com\/store\/wp-json\/wp\/v2\/product_cat?post=26350"},{"taxonomy":"product_tag","embeddable":true,"href":"https:\/\/www.stratallhub.com\/store\/wp-json\/wp\/v2\/product_tag?post=26350"}],"curies":[{"name":"wp","href":"https:\/\/api.w.org\/{rel}","templated":true}]}}