{"id":23687,"date":"2020-07-21T10:35:24","date_gmt":"2020-07-21T10:35:24","guid":{"rendered":"https:\/\/www.deleage.com\/store\/produit\/import-placeholder-for-822\/"},"modified":"2024-01-30T05:30:07","modified_gmt":"2024-01-30T05:30:07","slug":"stand-modulaire-hline-18m%c2%b2-avec-reserve","status":"publish","type":"product","link":"https:\/\/www.stratallhub.com\/store\/produit\/stand-modulaire-hline-18m%c2%b2-avec-reserve\/","title":{"rendered":"Stand modulaire HLINE 18m\u00b2 avec r\u00e9serve"},"content":{"rendered":"<p><div id='av_section_1'  class='avia-section av-av_section-8118409a20acebe2a1adc166152dd0c5 main_color avia-section-default avia-no-border-styling  avia-builder-el-0  el_before_av_section  avia-builder-el-first  avia-bg-style-scroll container_wrap fullsize'  ><div class='container av-section-cont-open' ><main  role=\"main\" itemprop=\"mainContentOfPage\"  class='template-page content  av-content-full alpha units'><div class='post-entry post-entry-type-page post-entry-23687'><div class='entry-content-wrapper clearfix'><div  class='flex_column av-av_one_full-2a9015ff38129c418a3f2eafba3e9512 av_one_full first flex_column_div  '     ><section  class='av_textblock_section av-av_textblock-18ec860c7e07088d2c0a993b614e8019 '   itemscope=\"itemscope\" itemtype=\"https:\/\/schema.org\/CreativeWork\" ><div class='avia_textblock'  itemprop=\"text\" ><h2 style='text-align: center;'>Nos derni\u00e8res r\u00e9alisations<\/h2>\n<\/div><\/section><\/p><\/div><\/div><\/div><\/main><!-- close content main element --><\/div><\/div>\n<style type=\"text\/css\" data-created_by=\"avia_inline_auto\" id=\"style-css-av-jt9xxsxv-649922e4727b90545159be0ef425bc5b\">\n.avia-section.av-jt9xxsxv-649922e4727b90545159be0ef425bc5b{\nbackground-color:#8031a7;\nbackground-image:unset;\n}\n<\/style>\n<div id='av_section_2'  class='avia-section av-jt9xxsxv-649922e4727b90545159be0ef425bc5b main_color avia-section-small avia-no-border-styling  avia-builder-el-2  el_after_av_section  el_before_av_section  avia-bg-style-scroll av-minimum-height av-minimum-height-custom av-height-custom  container_wrap fullsize'   data-av_minimum_height_px='310'><div class='container av-section-cont-open' style='height:310px'><div class='template-page content  av-content-full alpha units'><div class='post-entry post-entry-type-page post-entry-23687'><div class='entry-content-wrapper clearfix'>\n<div class='flex_column_table av-2i7mjr-096b2e0a81f44468341c809b2ae351a2 sc-av_one_half av-equal-height-column-flextable'>\n<style type=\"text\/css\" data-created_by=\"avia_inline_auto\" id=\"style-css-av-2i7mjr-096b2e0a81f44468341c809b2ae351a2\">\n.flex_column.av-2i7mjr-096b2e0a81f44468341c809b2ae351a2{\nborder-radius:0px 0px 0px 0px;\npadding:20px 0px 15px 0px;\n}\n<\/style>\n<div  class='flex_column av-2i7mjr-096b2e0a81f44468341c809b2ae351a2 av_one_half  avia-builder-el-3  avia-builder-el-no-sibling  first flex_column_table_cell av-equal-height-column av-align-top  '     ><style type=\"text\/css\" data-created_by=\"avia_inline_auto\" id=\"style-css-av-jt9y1svk-bbd423171a156f14367c228ae70130ed\">\n#top .av_textblock_section.av-jt9y1svk-bbd423171a156f14367c228ae70130ed .avia_textblock{\ncolor:#ffffff;\n}\n<\/style>\n<section  class='av_textblock_section av-jt9y1svk-bbd423171a156f14367c228ae70130ed '   itemscope=\"itemscope\" itemtype=\"https:\/\/schema.org\/CreativeWork\" ><div class='avia_textblock av_inherit_color'  itemprop=\"text\" ><h2>Consultez notre e-catalogue stand<\/h2>\n<p>Solutions pour salons, expositions, events : stands modulaires complets, r\u00e9utilisables et portables.<br \/>\nLes exemples ci-contre pr\u00e9sentent des stands fabriqu\u00e9s dans<br \/>\nnos ateliers et con\u00e7us par nos clients agences et partenaires.<\/p>\n<p>Habillage de cloison, cerce, comptoir, kakemono, tour, vitrine, stand parapluie, stand r\u00e9utilisable \u2026<\/p>\n<\/div><\/section><br \/>\n<div  class='avia-button-wrap av-jt9y3e3w-4c733e0a41adafce0d69e16acac1bae0-wrap avia-button-left  avia-builder-el-4  avia-builder-el-no-sibling '>\n<style type=\"text\/css\" data-created_by=\"avia_inline_auto\" id=\"style-css-av-jt9y3e3w-4c733e0a41adafce0d69e16acac1bae0\">\n#top #wrap_all .avia-button.av-jt9y3e3w-4c733e0a41adafce0d69e16acac1bae0{\nbackground-color:#ffffff;\nborder-color:#ffffff;\ncolor:#8031a7;\ntransition:all 0.4s ease-in-out;\n}\n#top #wrap_all .avia-button.av-jt9y3e3w-4c733e0a41adafce0d69e16acac1bae0 .avia-svg-icon svg:first-child{\nfill:#8031a7;\nstroke:#8031a7;\n}\n<\/style>\n<a href='https:\/\/www.stratallhub.com\/store\/wp-content\/uploads\/2020\/11\/Plaquette-BD-Stand-2018.pdf'  class='avia-button av-jt9y3e3w-4c733e0a41adafce0d69e16acac1bae0 av-link-btn avia-icon_select-no avia-size-large avia-position-left'  target=\"_blank\"  rel=\"noopener noreferrer\"  aria-label=\"T\u00c9L\u00c9CHARGER \"><span class='avia_iconbox_title' >T\u00c9L\u00c9CHARGER <\/span><\/a><\/div><\/p><\/div><\/div><!--close column table wrapper. Autoclose: 1 --><div class='flex_column_table av-2i7mjr-11-ae7733dd34f8fbb2bc69c1d4beba6120 sc-av_one_half av-equal-height-column-flextable'><div class='av-flex-placeholder'><\/div>\n<style type=\"text\/css\" data-created_by=\"avia_inline_auto\" id=\"style-css-av-2i7mjr-11-ae7733dd34f8fbb2bc69c1d4beba6120\">\n.flex_column.av-2i7mjr-11-ae7733dd34f8fbb2bc69c1d4beba6120{\nborder-radius:0px 0px 0px 0px;\npadding:0px 0px 0px 0px;\nbackground:url(https:\/\/www.stratallhub.com\/store\/wp-content\/uploads\/2019\/04\/stand.png) 100% 100% no-repeat scroll ;\n}\n<\/style>\n<div  class='flex_column av-2i7mjr-11-ae7733dd34f8fbb2bc69c1d4beba6120 av_one_half flex_column_table_cell av-equal-height-column av-align-top av-zero-column-padding  '     ><\/div><\/div><!--close column table wrapper. Autoclose: 1 -->\n<\/p>\n","protected":false},"excerpt":{"rendered":"","protected":false},"featured_media":23714,"comment_status":"open","ping_status":"closed","template":"","meta":{"_acf_changed":false},"product_brand":[],"product_cat":[263,261,63,265,181],"product_tag":[],"class_list":{"0":"post-23687","1":"product","2":"type-product","3":"status-publish","4":"has-post-thumbnail","6":"product_cat-eco-concu","7":"product_cat-ecologique","8":"product_cat-hiline","9":"product_cat-recyclable","10":"product_cat-recyclage","11":"product_shipping_class-sur-devis","12":"wcpa_has_options","14":"first","15":"instock","16":"sale","17":"taxable","18":"shipping-taxable","19":"purchasable","20":"product-type-simple"},"acf":[],"yoast_head":"<!-- This site is optimized with the Yoast SEO plugin v27.2 - https:\/\/yoast.com\/product\/yoast-seo-wordpress\/ -->\n<title>Stand modulaire 18m\u00b2 sur mesure - HLINE - Store Del\u00e9age<\/title>\n<meta name=\"description\" content=\"Stand HLINE est une solution de stand modulaire d\u2019exposition permettant de cr\u00e9er facilement un stand sur-mesure. Location possible.\" \/>\n<meta name=\"robots\" content=\"noindex, follow, max-snippet:-1, max-image-preview:large, max-video-preview:-1\" \/>\n<meta property=\"og:locale\" content=\"fr_FR\" \/>\n<meta property=\"og:type\" content=\"article\" \/>\n<meta property=\"og:title\" content=\"Stand modulaire 18m\u00b2 sur mesure - HLINE - Store Del\u00e9age\" \/>\n<meta property=\"og:description\" content=\"Stand HLINE est une solution de stand modulaire d\u2019exposition permettant de cr\u00e9er facilement un stand sur-mesure. Location possible.\" \/>\n<meta property=\"og:url\" content=\"https:\/\/www.stratallhub.com\/store\/produit\/stand-modulaire-hline-18m\u00b2-avec-reserve\/\" \/>\n<meta property=\"og:site_name\" content=\"Store Del\u00e9age\" \/>\n<meta property=\"article:publisher\" content=\"http:\/\/facebook.com\/deleageexpansion\" \/>\n<meta property=\"article:modified_time\" content=\"2024-01-30T05:30:07+00:00\" \/>\n<meta property=\"og:image\" content=\"https:\/\/www.stratallhub.com\/store\/wp-content\/uploads\/2020\/07\/stand-modulaire-h-line_18m\u00b2_transportable-en-camion_vue_profile-6.jpg\" \/>\n\t<meta property=\"og:image:width\" content=\"1200\" \/>\n\t<meta property=\"og:image:height\" content=\"1200\" \/>\n\t<meta property=\"og:image:type\" content=\"image\/jpeg\" \/>\n<meta name=\"twitter:card\" content=\"summary_large_image\" \/>\n<meta name=\"twitter:label1\" content=\"Dur\u00e9e de lecture estim\u00e9e\" \/>\n\t<meta name=\"twitter:data1\" content=\"6 minutes\" \/>\n<script type=\"application\/ld+json\" class=\"yoast-schema-graph\">{\"@context\":\"https:\/\/schema.org\",\"@graph\":[{\"@type\":\"WebPage\",\"@id\":\"https:\/\/www.stratallhub.com\/store\/produit\/stand-modulaire-hline-18m%c2%b2-avec-reserve\/\",\"url\":\"https:\/\/www.stratallhub.com\/store\/produit\/stand-modulaire-hline-18m%c2%b2-avec-reserve\/\",\"name\":\"Stand modulaire 18m\u00b2 sur mesure - HLINE - Store Del\u00e9age\",\"isPartOf\":{\"@id\":\"https:\/\/www.stratallhub.com\/store\/#website\"},\"primaryImageOfPage\":{\"@id\":\"https:\/\/www.stratallhub.com\/store\/produit\/stand-modulaire-hline-18m%c2%b2-avec-reserve\/#primaryimage\"},\"image\":{\"@id\":\"https:\/\/www.stratallhub.com\/store\/produit\/stand-modulaire-hline-18m%c2%b2-avec-reserve\/#primaryimage\"},\"thumbnailUrl\":\"https:\/\/www.stratallhub.com\/store\/wp-content\/uploads\/2020\/07\/stand-modulaire-h-line_18m\u00b2_transportable-en-camion_vue_profile-6.jpg\",\"datePublished\":\"2020-07-21T10:35:24+00:00\",\"dateModified\":\"2024-01-30T05:30:07+00:00\",\"description\":\"Stand HLINE est une solution de stand modulaire d\u2019exposition permettant de cr\u00e9er facilement un stand sur-mesure. Location possible.\",\"breadcrumb\":{\"@id\":\"https:\/\/www.stratallhub.com\/store\/produit\/stand-modulaire-hline-18m%c2%b2-avec-reserve\/#breadcrumb\"},\"inLanguage\":\"fr-FR\",\"potentialAction\":[{\"@type\":\"ReadAction\",\"target\":[\"https:\/\/www.stratallhub.com\/store\/produit\/stand-modulaire-hline-18m%c2%b2-avec-reserve\/\"]}]},{\"@type\":\"ImageObject\",\"inLanguage\":\"fr-FR\",\"@id\":\"https:\/\/www.stratallhub.com\/store\/produit\/stand-modulaire-hline-18m%c2%b2-avec-reserve\/#primaryimage\",\"url\":\"https:\/\/www.stratallhub.com\/store\/wp-content\/uploads\/2020\/07\/stand-modulaire-h-line_18m\u00b2_transportable-en-camion_vue_profile-6.jpg\",\"contentUrl\":\"https:\/\/www.stratallhub.com\/store\/wp-content\/uploads\/2020\/07\/stand-modulaire-h-line_18m\u00b2_transportable-en-camion_vue_profile-6.jpg\",\"width\":1200,\"height\":1200},{\"@type\":\"WebSite\",\"@id\":\"https:\/\/www.stratallhub.com\/store\/#website\",\"url\":\"https:\/\/www.stratallhub.com\/store\/\",\"name\":\"Store Del\u00e9age\",\"description\":\"Just another WordPress site\",\"publisher\":{\"@id\":\"https:\/\/www.stratallhub.com\/store\/#organization\"},\"potentialAction\":[{\"@type\":\"SearchAction\",\"target\":{\"@type\":\"EntryPoint\",\"urlTemplate\":\"https:\/\/www.stratallhub.com\/store\/?s={search_term_string}\"},\"query-input\":{\"@type\":\"PropertyValueSpecification\",\"valueRequired\":true,\"valueName\":\"search_term_string\"}}],\"inLanguage\":\"fr-FR\"},{\"@type\":\"Organization\",\"@id\":\"https:\/\/www.stratallhub.com\/store\/#organization\",\"name\":\"Del\u00e9age Expansion\",\"url\":\"https:\/\/www.stratallhub.com\/store\/\",\"logo\":{\"@type\":\"ImageObject\",\"inLanguage\":\"fr-FR\",\"@id\":\"https:\/\/www.stratallhub.com\/store\/#\/schema\/logo\/image\/\",\"url\":\"https:\/\/www.deleage.com\/store\/wp-content\/uploads\/2018\/04\/logo-violet.png\",\"contentUrl\":\"https:\/\/www.deleage.com\/store\/wp-content\/uploads\/2018\/04\/logo-violet.png\",\"width\":316,\"height\":275,\"caption\":\"Del\u00e9age Expansion\"},\"image\":{\"@id\":\"https:\/\/www.stratallhub.com\/store\/#\/schema\/logo\/image\/\"},\"sameAs\":[\"http:\/\/facebook.com\/deleageexpansion\"]}]}<\/script>\n<!-- \/ Yoast SEO plugin. -->","yoast_head_json":{"title":"Stand modulaire 18m\u00b2 sur mesure - HLINE - Store Del\u00e9age","description":"Stand HLINE est une solution de stand modulaire d\u2019exposition permettant de cr\u00e9er facilement un stand sur-mesure. Location possible.","robots":{"index":"noindex","follow":"follow","max-snippet":"max-snippet:-1","max-image-preview":"max-image-preview:large","max-video-preview":"max-video-preview:-1"},"og_locale":"fr_FR","og_type":"article","og_title":"Stand modulaire 18m\u00b2 sur mesure - HLINE - Store Del\u00e9age","og_description":"Stand HLINE est une solution de stand modulaire d\u2019exposition permettant de cr\u00e9er facilement un stand sur-mesure. Location possible.","og_url":"https:\/\/www.stratallhub.com\/store\/produit\/stand-modulaire-hline-18m\u00b2-avec-reserve\/","og_site_name":"Store Del\u00e9age","article_publisher":"http:\/\/facebook.com\/deleageexpansion","article_modified_time":"2024-01-30T05:30:07+00:00","og_image":[{"width":1200,"height":1200,"url":"https:\/\/www.stratallhub.com\/store\/wp-content\/uploads\/2020\/07\/stand-modulaire-h-line_18m\u00b2_transportable-en-camion_vue_profile-6.jpg","type":"image\/jpeg"}],"twitter_card":"summary_large_image","twitter_misc":{"Dur\u00e9e de lecture estim\u00e9e":"6 minutes"},"schema":{"@context":"https:\/\/schema.org","@graph":[{"@type":"WebPage","@id":"https:\/\/www.stratallhub.com\/store\/produit\/stand-modulaire-hline-18m%c2%b2-avec-reserve\/","url":"https:\/\/www.stratallhub.com\/store\/produit\/stand-modulaire-hline-18m%c2%b2-avec-reserve\/","name":"Stand modulaire 18m\u00b2 sur mesure - HLINE - Store Del\u00e9age","isPartOf":{"@id":"https:\/\/www.stratallhub.com\/store\/#website"},"primaryImageOfPage":{"@id":"https:\/\/www.stratallhub.com\/store\/produit\/stand-modulaire-hline-18m%c2%b2-avec-reserve\/#primaryimage"},"image":{"@id":"https:\/\/www.stratallhub.com\/store\/produit\/stand-modulaire-hline-18m%c2%b2-avec-reserve\/#primaryimage"},"thumbnailUrl":"https:\/\/www.stratallhub.com\/store\/wp-content\/uploads\/2020\/07\/stand-modulaire-h-line_18m\u00b2_transportable-en-camion_vue_profile-6.jpg","datePublished":"2020-07-21T10:35:24+00:00","dateModified":"2024-01-30T05:30:07+00:00","description":"Stand HLINE est une solution de stand modulaire d\u2019exposition permettant de cr\u00e9er facilement un stand sur-mesure. Location possible.","breadcrumb":{"@id":"https:\/\/www.stratallhub.com\/store\/produit\/stand-modulaire-hline-18m%c2%b2-avec-reserve\/#breadcrumb"},"inLanguage":"fr-FR","potentialAction":[{"@type":"ReadAction","target":["https:\/\/www.stratallhub.com\/store\/produit\/stand-modulaire-hline-18m%c2%b2-avec-reserve\/"]}]},{"@type":"ImageObject","inLanguage":"fr-FR","@id":"https:\/\/www.stratallhub.com\/store\/produit\/stand-modulaire-hline-18m%c2%b2-avec-reserve\/#primaryimage","url":"https:\/\/www.stratallhub.com\/store\/wp-content\/uploads\/2020\/07\/stand-modulaire-h-line_18m\u00b2_transportable-en-camion_vue_profile-6.jpg","contentUrl":"https:\/\/www.stratallhub.com\/store\/wp-content\/uploads\/2020\/07\/stand-modulaire-h-line_18m\u00b2_transportable-en-camion_vue_profile-6.jpg","width":1200,"height":1200},{"@type":"WebSite","@id":"https:\/\/www.stratallhub.com\/store\/#website","url":"https:\/\/www.stratallhub.com\/store\/","name":"Store Del\u00e9age","description":"Just another WordPress site","publisher":{"@id":"https:\/\/www.stratallhub.com\/store\/#organization"},"potentialAction":[{"@type":"SearchAction","target":{"@type":"EntryPoint","urlTemplate":"https:\/\/www.stratallhub.com\/store\/?s={search_term_string}"},"query-input":{"@type":"PropertyValueSpecification","valueRequired":true,"valueName":"search_term_string"}}],"inLanguage":"fr-FR"},{"@type":"Organization","@id":"https:\/\/www.stratallhub.com\/store\/#organization","name":"Del\u00e9age Expansion","url":"https:\/\/www.stratallhub.com\/store\/","logo":{"@type":"ImageObject","inLanguage":"fr-FR","@id":"https:\/\/www.stratallhub.com\/store\/#\/schema\/logo\/image\/","url":"https:\/\/www.deleage.com\/store\/wp-content\/uploads\/2018\/04\/logo-violet.png","contentUrl":"https:\/\/www.deleage.com\/store\/wp-content\/uploads\/2018\/04\/logo-violet.png","width":316,"height":275,"caption":"Del\u00e9age Expansion"},"image":{"@id":"https:\/\/www.stratallhub.com\/store\/#\/schema\/logo\/image\/"},"sameAs":["http:\/\/facebook.com\/deleageexpansion"]}]}},"wcpa_form_fields":{"wcpaData":{"product":{"product_price":8950,"price_html":"<span class=\"price\"><del><span class=\"woocommerce-Price-amount amount\">9 196<span class=\"woocommerce-Price-currencySymbol\"> \u20ac<\/span>\r\n<\/span><\/del> <ins><span class=\"woocommerce-Price-amount amount\">8 950<span class=\"woocommerce-Price-currencySymbol\"> \u20ac<\/span>\r\n<\/span><\/ins> <small class=\"woocommerce-price-suffix\">ht<\/small><\/span><br\/>\r\n<a href=\"https:\/\/www.stratallhub.com\/store\/produit\/location-de-cloisons-hline\/\/\">\r\n<span style=\"font-size: 15px!important;font-family:'light' !important;\">location possible<\/span><\/a>","original_product_price":8950,"price_including_tax":10740,"price_excluding_tax":8950,"product_id":{"parent":23687,"variation":false},"is_variable":false,"stock_status":"instock","stock_quantity":null,"parent_sku":"stdhline18","product_attributes":{"dimensions":{"is_variation":false,"values":["\u2022 Surface : 6 x 3 m, \u2022 Hauteur : 2,5 m \u2022 R\u00e9serve : 1 x 1 m. \u2022 1 caisse de transport H1"]},"points-forts":{"is_variation":false,"values":["\u2022 Rendu professionnel, \u2022 Montage simple et rapide ne n\u00e9cessitant pas d'outils, \u2022 Qualit\u00e9 et design, \u2022 Longue dur\u00e9e de vie, \u2022 R\u00e9utilisable avec de nouveaux visuels. \u2022 Possibilit\u00e9 d\u2019extension du stand par des modules compl\u00e9mentaires"]},"composition-du-kit":{"is_variation":false,"values":["\u2022 Structure H Line, \u2022 Visuels tissu Panopac imprim\u00e9s en sublimation, \u2022 7 spots led. \u2022 1 Kit TV + console \u2022 1 module \u00e9tag\u00e8re + porte-documents \u2022 1 r\u00e9hausse de r\u00e9serve de 1m\u00b2"]}},"custom_fields":[],"is_taxable":true},"fields":{"sec_369e78b6eb935b":{"extra":{"key":"sec_369e78b6eb935b","section_id":"sec_369e78b6eb935b","name":"Default","status":1,"cl_rule":"show","enableCl":false,"relations":[],"toggle":true,"title_tag":"h3","show_title":false,"showPrice":"default","form_id":49405,"form_rules":{"exclude_from_discount":false,"fee_label":"Fee","disp_hide_options_price":false,"disp_show_section_price":false,"disp_show_field_price":false,"layout_option":"standard","pric_use_as_fee":true,"process_fee_as":"woo_fee"},"layout_option":"standard"},"fields":[[{"type":"file","elementId":"wcpa-file-1684835325461","label":"T\u00e9l\u00e9chargez vos fichiers (Facultatif)","description":"type jpg, png, pdf, eps, maximum 128 Mo. Au del\u00e0 ou pour tout autre type de fichier, veuillez utiliser Wetransfer sur l\u2019adresse contact@stratallhub.com. La qualit\u00e9 du fichier sera contr\u00f4l\u00e9e et un BAT vous sera envoy\u00e9 pour validation. <strong>Pour envoyez plusieurs fichiers, veuillez effectuer une s\u00e9lection multiple.<\/strong>","pricingType":"fixed","ajax_upload":true,"multiple_upload":true,"uploadsize":"128","name":"file-1684835325461","showUploadPreview":true,"exts_supported":["jpg","jpeg","png","gif","JPG","JPEG","PNG","GIF"],"cl_rule":"show","col":"3","relations":false,"active":true,"tooltip":"","upload_type":"ajax","allowedFileTypes":".jpg,.jpeg,.png,.gif,.JPG,.JPEG,.PNG,.GIF","gt_translate_keys":["label","description","tooltip"],"price_dependency":false,"cl_dependency":false,"value":""}]]}},"config":{"price_override":"","enable_recaptcha":false,"bind_quantity":false,"quantity_bind_formula":"","disp_summ_show_option_price":false,"disp_summ_show_product_price":true,"disp_summ_show_total_price":false,"disp_summ_show_fee":false,"disp_summ_show_discount":false,"summary_title":"","options_total_label":"Options Price","total_label":"Total","options_product_label":"Product Price","fee_label":"Fee","discount_label":"Discount","has_price":true,"has_quantity_formula":false},"mc_unit":1,"tax_rate":1,"tax_rate_real":0.2,"discount":{"percentage":0,"fixed":0},"design":{"conf":{"LabelPosition":"above","DescPosition":"above","UploadField":"custom_1","QuantityFieldStyle":"default"},"css":{"LeftLabelWidth":"120px"}},"formulas":[],"clones":false,"cartKey":false}},"_links":{"self":[{"href":"https:\/\/www.stratallhub.com\/store\/wp-json\/wp\/v2\/product\/23687","targetHints":{"allow":["GET"]}}],"collection":[{"href":"https:\/\/www.stratallhub.com\/store\/wp-json\/wp\/v2\/product"}],"about":[{"href":"https:\/\/www.stratallhub.com\/store\/wp-json\/wp\/v2\/types\/product"}],"replies":[{"embeddable":true,"href":"https:\/\/www.stratallhub.com\/store\/wp-json\/wp\/v2\/comments?post=23687"}],"wp:featuredmedia":[{"embeddable":true,"href":"https:\/\/www.stratallhub.com\/store\/wp-json\/wp\/v2\/media\/23714"}],"wp:attachment":[{"href":"https:\/\/www.stratallhub.com\/store\/wp-json\/wp\/v2\/media?parent=23687"}],"wp:term":[{"taxonomy":"product_brand","embeddable":true,"href":"https:\/\/www.stratallhub.com\/store\/wp-json\/wp\/v2\/product_brand?post=23687"},{"taxonomy":"product_cat","embeddable":true,"href":"https:\/\/www.stratallhub.com\/store\/wp-json\/wp\/v2\/product_cat?post=23687"},{"taxonomy":"product_tag","embeddable":true,"href":"https:\/\/www.stratallhub.com\/store\/wp-json\/wp\/v2\/product_tag?post=23687"}],"curies":[{"name":"wp","href":"https:\/\/api.w.org\/{rel}","templated":true}]}}