{"id":23678,"date":"2020-07-21T10:35:24","date_gmt":"2020-07-21T10:35:24","guid":{"rendered":"https:\/\/www.deleage.com\/store\/produit\/import-placeholder-for-780\/"},"modified":"2024-06-27T09:57:32","modified_gmt":"2024-06-27T09:57:32","slug":"tour-evenementielle-zig-zag-3-faces","status":"publish","type":"product","link":"https:\/\/www.stratallhub.com\/store\/produit\/tour-evenementielle-zig-zag-3-faces\/","title":{"rendered":"Tour \u00e9v\u00e9nementielle ZIG ZAG 3 faces"},"content":{"rendered":"<div id='av_section_1'  class='avia-section av-av_section-8118409a20acebe2a1adc166152dd0c5 main_color avia-section-default avia-no-border-styling  avia-builder-el-0  el_before_av_section  avia-builder-el-first  avia-bg-style-scroll container_wrap fullsize'  ><div class='container av-section-cont-open' ><main  role=\"main\" itemprop=\"mainContentOfPage\"  class='template-page content  av-content-full alpha units'><div class='post-entry post-entry-type-page post-entry-23678'><div class='entry-content-wrapper clearfix'><div  class='flex_column av-av_one_full-2a9015ff38129c418a3f2eafba3e9512 av_one_full first flex_column_div  '     ><section  class='av_textblock_section av-av_textblock-18ec860c7e07088d2c0a993b614e8019 '   itemscope=\"itemscope\" itemtype=\"https:\/\/schema.org\/CreativeWork\" ><div class='avia_textblock'  itemprop=\"text\" ><h2 style='text-align: center;'>Nos derni\u00e8res r\u00e9alisations<\/h2>\n<\/div><\/section><\/p><\/div>\n<\/div><\/div><\/main><!-- close content main element --><\/div><\/div>\n<style type=\"text\/css\" data-created_by=\"avia_inline_auto\" id=\"style-css-av-jt9xxsxv-b715d282477d186c9577ff22fdfda670\">\n.avia-section.av-jt9xxsxv-b715d282477d186c9577ff22fdfda670{\nbackground-color:#dfdd3a;\nbackground-image:unset;\n}\n<\/style>\n<div id='av_section_2'  class='avia-section av-jt9xxsxv-b715d282477d186c9577ff22fdfda670 main_color avia-section-small avia-no-border-styling  avia-builder-el-2  el_after_av_section  el_before_av_section  avia-bg-style-scroll av-minimum-height av-minimum-height-custom av-height-custom  container_wrap fullsize'   data-av_minimum_height_px='310'><div class='container av-section-cont-open' style='height:310px'><div class='template-page content  av-content-full alpha units'><div class='post-entry post-entry-type-page post-entry-23678'><div class='entry-content-wrapper clearfix'>\n<div class='flex_column_table av-2i7mjr-096b2e0a81f44468341c809b2ae351a2 sc-av_one_half av-equal-height-column-flextable'>\n<style type=\"text\/css\" data-created_by=\"avia_inline_auto\" id=\"style-css-av-2i7mjr-096b2e0a81f44468341c809b2ae351a2\">\n.flex_column.av-2i7mjr-096b2e0a81f44468341c809b2ae351a2{\nborder-radius:0px 0px 0px 0px;\npadding:20px 0px 15px 0px;\n}\n<\/style>\n<div  class='flex_column av-2i7mjr-096b2e0a81f44468341c809b2ae351a2 av_one_half  avia-builder-el-3  avia-builder-el-no-sibling  first flex_column_table_cell av-equal-height-column av-align-top  '     ><style type=\"text\/css\" data-created_by=\"avia_inline_auto\" id=\"style-css-av-jt9y1svk-bbd423171a156f14367c228ae70130ed\">\n#top .av_textblock_section.av-jt9y1svk-bbd423171a156f14367c228ae70130ed .avia_textblock{\ncolor:#ffffff;\n}\n<\/style>\n<section  class='av_textblock_section av-jt9y1svk-bbd423171a156f14367c228ae70130ed '   itemscope=\"itemscope\" itemtype=\"https:\/\/schema.org\/CreativeWork\" ><div class='avia_textblock av_inherit_color'  itemprop=\"text\" ><h2>Consultez notre e-catalogue event<\/h2>\n<p>Solutions pour salons, expositions, events : stands modulaires complets, r\u00e9utilisables et portables.<br \/>\nLes exemples ci-contre pr\u00e9sentent des stands fabriqu\u00e9s dans<br \/>\nnos ateliers et con\u00e7us par nos clients agences et partenaires.<\/p>\n<p>Habillage de cloison, cerce,<br \/>\ncomptoir, kakemono, tour, vitrine, stand parapluie, stand r\u00e9utilisable &#8230;<\/p>\n<\/div><\/section><br \/>\n<div  class='avia-button-wrap av-jt9y3e3w-0cfb0bb61eff0de5895436acf263bd0d-wrap avia-button-left  avia-builder-el-4  avia-builder-el-no-sibling '>\n<style type=\"text\/css\" data-created_by=\"avia_inline_auto\" id=\"style-css-av-jt9y3e3w-0cfb0bb61eff0de5895436acf263bd0d\">\n#top #wrap_all .avia-button.av-jt9y3e3w-0cfb0bb61eff0de5895436acf263bd0d{\nbackground-color:#ffffff;\nborder-color:#ffffff;\ncolor:#dfdd3a;\ntransition:all 0.4s ease-in-out;\n}\n#top #wrap_all .avia-button.av-jt9y3e3w-0cfb0bb61eff0de5895436acf263bd0d .avia-svg-icon svg:first-child{\nfill:#dfdd3a;\nstroke:#dfdd3a;\n}\n<\/style>\n<a href='https:\/\/www.stratallhub.com\/store\/wp-content\/uploads\/2020\/11\/Plaquette-BD-Event-2018.pdf'  class='avia-button av-jt9y3e3w-0cfb0bb61eff0de5895436acf263bd0d av-link-btn avia-icon_select-no avia-size-large avia-position-left'  target=\"_blank\"  rel=\"noopener noreferrer\"  aria-label=\"T\u00c9L\u00c9CHARGER \"><span class='avia_iconbox_title' >T\u00c9L\u00c9CHARGER <\/span><\/a><\/div><\/p><\/div><\/div><!--close column table wrapper. Autoclose: 1 --><div class='flex_column_table av-2i7mjr-1-98eec3afdac8ddc49d77aa55e8a09818 sc-av_one_half av-equal-height-column-flextable'><div class='av-flex-placeholder'><\/div>\n<style type=\"text\/css\" data-created_by=\"avia_inline_auto\" id=\"style-css-av-2i7mjr-1-98eec3afdac8ddc49d77aa55e8a09818\">\n.flex_column.av-2i7mjr-1-98eec3afdac8ddc49d77aa55e8a09818{\nborder-radius:0px 0px 0px 0px;\npadding:0px 0px 0px 0px;\nbackground:url(https:\/\/www.stratallhub.com\/store\/wp-content\/uploads\/2019\/04\/event.png) 100% 100% no-repeat scroll ;\n}\n<\/style>\n<div  class='flex_column av-2i7mjr-1-98eec3afdac8ddc49d77aa55e8a09818 av_one_half flex_column_table_cell av-equal-height-column av-align-top av-zero-column-padding  '     ><\/div><\/div><!--close column table wrapper. Autoclose: 1 -->\n\n","protected":false},"excerpt":{"rendered":"<p>Mettez en sc\u00e8ne vos expositions en un clin d\u2019\u0153il gr\u00e2ce a notre syst\u00e8me d&rsquo;exposition M1 tr\u00e8s l\u00e9ger.<\/p>\n","protected":false},"featured_media":23708,"comment_status":"open","ping_status":"closed","template":"","meta":{"_acf_changed":false},"product_brand":[],"product_cat":[59],"product_tag":[],"class_list":{"0":"post-23678","1":"product","2":"type-product","3":"status-publish","4":"has-post-thumbnail","6":"product_cat-tours-ilots","7":"product_shipping_class-messagerie-au-kilo","8":"wcpa_has_options","10":"first","11":"instock","12":"taxable","13":"shipping-taxable","14":"purchasable","15":"product-type-variable","16":"has-default-attributes"},"acf":[],"yoast_head":"<!-- This site is optimized with the Yoast SEO plugin v27.2 - https:\/\/yoast.com\/product\/yoast-seo-wordpress\/ -->\n<title>Tour \u00e9v\u00e9nementielle ZIG ZAG 3 faces - Store Del\u00e9age<\/title>\n<meta name=\"description\" content=\"D\u00e9couvrez notre Tour \u00e9v\u00e9nementielle ZIG ZAG 3 faces sur le Store Del\u00e9age. Livraison en France, devis en 24H\" \/>\n<meta name=\"robots\" content=\"noindex, follow, max-snippet:-1, max-image-preview:large, max-video-preview:-1\" \/>\n<meta property=\"og:locale\" content=\"fr_FR\" \/>\n<meta property=\"og:type\" content=\"article\" \/>\n<meta property=\"og:title\" content=\"Tour \u00e9v\u00e9nementielle ZIG ZAG 3 faces - Store Del\u00e9age\" \/>\n<meta property=\"og:description\" content=\"D\u00e9couvrez notre Tour \u00e9v\u00e9nementielle ZIG ZAG 3 faces sur le Store Del\u00e9age. Livraison en France, devis en 24H\" \/>\n<meta property=\"og:url\" content=\"https:\/\/www.stratallhub.com\/store\/produit\/tour-evenementielle-zig-zag-3-faces\/\" \/>\n<meta property=\"og:site_name\" content=\"Store Del\u00e9age\" \/>\n<meta property=\"article:publisher\" content=\"http:\/\/facebook.com\/deleageexpansion\" \/>\n<meta property=\"article:modified_time\" content=\"2024-06-27T09:57:32+00:00\" \/>\n<meta property=\"og:image\" content=\"https:\/\/www.stratallhub.com\/store\/wp-content\/uploads\/2020\/07\/Tour-3-faces-6.jpg\" \/>\n\t<meta property=\"og:image:width\" content=\"1200\" \/>\n\t<meta property=\"og:image:height\" content=\"1200\" \/>\n\t<meta property=\"og:image:type\" content=\"image\/jpeg\" \/>\n<meta name=\"twitter:card\" content=\"summary_large_image\" \/>\n<meta name=\"twitter:label1\" content=\"Dur\u00e9e de lecture estim\u00e9e\" \/>\n\t<meta name=\"twitter:data1\" content=\"7 minutes\" \/>\n<script type=\"application\/ld+json\" class=\"yoast-schema-graph\">{\"@context\":\"https:\/\/schema.org\",\"@graph\":[{\"@type\":\"WebPage\",\"@id\":\"https:\/\/www.stratallhub.com\/store\/produit\/tour-evenementielle-zig-zag-3-faces\/\",\"url\":\"https:\/\/www.stratallhub.com\/store\/produit\/tour-evenementielle-zig-zag-3-faces\/\",\"name\":\"Tour \u00e9v\u00e9nementielle ZIG ZAG 3 faces - Store Del\u00e9age\",\"isPartOf\":{\"@id\":\"https:\/\/www.stratallhub.com\/store\/#website\"},\"primaryImageOfPage\":{\"@id\":\"https:\/\/www.stratallhub.com\/store\/produit\/tour-evenementielle-zig-zag-3-faces\/#primaryimage\"},\"image\":{\"@id\":\"https:\/\/www.stratallhub.com\/store\/produit\/tour-evenementielle-zig-zag-3-faces\/#primaryimage\"},\"thumbnailUrl\":\"https:\/\/www.stratallhub.com\/store\/wp-content\/uploads\/2020\/07\/Tour-3-faces-6.jpg\",\"datePublished\":\"2020-07-21T10:35:24+00:00\",\"dateModified\":\"2024-06-27T09:57:32+00:00\",\"description\":\"D\u00e9couvrez notre Tour \u00e9v\u00e9nementielle ZIG ZAG 3 faces sur le Store Del\u00e9age. Livraison en France, devis en 24H\",\"breadcrumb\":{\"@id\":\"https:\/\/www.stratallhub.com\/store\/produit\/tour-evenementielle-zig-zag-3-faces\/#breadcrumb\"},\"inLanguage\":\"fr-FR\",\"potentialAction\":[{\"@type\":\"ReadAction\",\"target\":[\"https:\/\/www.stratallhub.com\/store\/produit\/tour-evenementielle-zig-zag-3-faces\/\"]}]},{\"@type\":\"ImageObject\",\"inLanguage\":\"fr-FR\",\"@id\":\"https:\/\/www.stratallhub.com\/store\/produit\/tour-evenementielle-zig-zag-3-faces\/#primaryimage\",\"url\":\"https:\/\/www.stratallhub.com\/store\/wp-content\/uploads\/2020\/07\/Tour-3-faces-6.jpg\",\"contentUrl\":\"https:\/\/www.stratallhub.com\/store\/wp-content\/uploads\/2020\/07\/Tour-3-faces-6.jpg\",\"width\":1200,\"height\":1200},{\"@type\":\"WebSite\",\"@id\":\"https:\/\/www.stratallhub.com\/store\/#website\",\"url\":\"https:\/\/www.stratallhub.com\/store\/\",\"name\":\"Store Del\u00e9age\",\"description\":\"Just another WordPress site\",\"publisher\":{\"@id\":\"https:\/\/www.stratallhub.com\/store\/#organization\"},\"potentialAction\":[{\"@type\":\"SearchAction\",\"target\":{\"@type\":\"EntryPoint\",\"urlTemplate\":\"https:\/\/www.stratallhub.com\/store\/?s={search_term_string}\"},\"query-input\":{\"@type\":\"PropertyValueSpecification\",\"valueRequired\":true,\"valueName\":\"search_term_string\"}}],\"inLanguage\":\"fr-FR\"},{\"@type\":\"Organization\",\"@id\":\"https:\/\/www.stratallhub.com\/store\/#organization\",\"name\":\"Del\u00e9age Expansion\",\"url\":\"https:\/\/www.stratallhub.com\/store\/\",\"logo\":{\"@type\":\"ImageObject\",\"inLanguage\":\"fr-FR\",\"@id\":\"https:\/\/www.stratallhub.com\/store\/#\/schema\/logo\/image\/\",\"url\":\"https:\/\/www.deleage.com\/store\/wp-content\/uploads\/2018\/04\/logo-violet.png\",\"contentUrl\":\"https:\/\/www.deleage.com\/store\/wp-content\/uploads\/2018\/04\/logo-violet.png\",\"width\":316,\"height\":275,\"caption\":\"Del\u00e9age Expansion\"},\"image\":{\"@id\":\"https:\/\/www.stratallhub.com\/store\/#\/schema\/logo\/image\/\"},\"sameAs\":[\"http:\/\/facebook.com\/deleageexpansion\"]}]}<\/script>\n<!-- \/ Yoast SEO plugin. -->","yoast_head_json":{"title":"Tour \u00e9v\u00e9nementielle ZIG ZAG 3 faces - Store Del\u00e9age","description":"D\u00e9couvrez notre Tour \u00e9v\u00e9nementielle ZIG ZAG 3 faces sur le Store Del\u00e9age. Livraison en France, devis en 24H","robots":{"index":"noindex","follow":"follow","max-snippet":"max-snippet:-1","max-image-preview":"max-image-preview:large","max-video-preview":"max-video-preview:-1"},"og_locale":"fr_FR","og_type":"article","og_title":"Tour \u00e9v\u00e9nementielle ZIG ZAG 3 faces - Store Del\u00e9age","og_description":"D\u00e9couvrez notre Tour \u00e9v\u00e9nementielle ZIG ZAG 3 faces sur le Store Del\u00e9age. Livraison en France, devis en 24H","og_url":"https:\/\/www.stratallhub.com\/store\/produit\/tour-evenementielle-zig-zag-3-faces\/","og_site_name":"Store Del\u00e9age","article_publisher":"http:\/\/facebook.com\/deleageexpansion","article_modified_time":"2024-06-27T09:57:32+00:00","og_image":[{"width":1200,"height":1200,"url":"https:\/\/www.stratallhub.com\/store\/wp-content\/uploads\/2020\/07\/Tour-3-faces-6.jpg","type":"image\/jpeg"}],"twitter_card":"summary_large_image","twitter_misc":{"Dur\u00e9e de lecture estim\u00e9e":"7 minutes"},"schema":{"@context":"https:\/\/schema.org","@graph":[{"@type":"WebPage","@id":"https:\/\/www.stratallhub.com\/store\/produit\/tour-evenementielle-zig-zag-3-faces\/","url":"https:\/\/www.stratallhub.com\/store\/produit\/tour-evenementielle-zig-zag-3-faces\/","name":"Tour \u00e9v\u00e9nementielle ZIG ZAG 3 faces - Store Del\u00e9age","isPartOf":{"@id":"https:\/\/www.stratallhub.com\/store\/#website"},"primaryImageOfPage":{"@id":"https:\/\/www.stratallhub.com\/store\/produit\/tour-evenementielle-zig-zag-3-faces\/#primaryimage"},"image":{"@id":"https:\/\/www.stratallhub.com\/store\/produit\/tour-evenementielle-zig-zag-3-faces\/#primaryimage"},"thumbnailUrl":"https:\/\/www.stratallhub.com\/store\/wp-content\/uploads\/2020\/07\/Tour-3-faces-6.jpg","datePublished":"2020-07-21T10:35:24+00:00","dateModified":"2024-06-27T09:57:32+00:00","description":"D\u00e9couvrez notre Tour \u00e9v\u00e9nementielle ZIG ZAG 3 faces sur le Store Del\u00e9age. Livraison en France, devis en 24H","breadcrumb":{"@id":"https:\/\/www.stratallhub.com\/store\/produit\/tour-evenementielle-zig-zag-3-faces\/#breadcrumb"},"inLanguage":"fr-FR","potentialAction":[{"@type":"ReadAction","target":["https:\/\/www.stratallhub.com\/store\/produit\/tour-evenementielle-zig-zag-3-faces\/"]}]},{"@type":"ImageObject","inLanguage":"fr-FR","@id":"https:\/\/www.stratallhub.com\/store\/produit\/tour-evenementielle-zig-zag-3-faces\/#primaryimage","url":"https:\/\/www.stratallhub.com\/store\/wp-content\/uploads\/2020\/07\/Tour-3-faces-6.jpg","contentUrl":"https:\/\/www.stratallhub.com\/store\/wp-content\/uploads\/2020\/07\/Tour-3-faces-6.jpg","width":1200,"height":1200},{"@type":"WebSite","@id":"https:\/\/www.stratallhub.com\/store\/#website","url":"https:\/\/www.stratallhub.com\/store\/","name":"Store Del\u00e9age","description":"Just another WordPress site","publisher":{"@id":"https:\/\/www.stratallhub.com\/store\/#organization"},"potentialAction":[{"@type":"SearchAction","target":{"@type":"EntryPoint","urlTemplate":"https:\/\/www.stratallhub.com\/store\/?s={search_term_string}"},"query-input":{"@type":"PropertyValueSpecification","valueRequired":true,"valueName":"search_term_string"}}],"inLanguage":"fr-FR"},{"@type":"Organization","@id":"https:\/\/www.stratallhub.com\/store\/#organization","name":"Del\u00e9age Expansion","url":"https:\/\/www.stratallhub.com\/store\/","logo":{"@type":"ImageObject","inLanguage":"fr-FR","@id":"https:\/\/www.stratallhub.com\/store\/#\/schema\/logo\/image\/","url":"https:\/\/www.deleage.com\/store\/wp-content\/uploads\/2018\/04\/logo-violet.png","contentUrl":"https:\/\/www.deleage.com\/store\/wp-content\/uploads\/2018\/04\/logo-violet.png","width":316,"height":275,"caption":"Del\u00e9age Expansion"},"image":{"@id":"https:\/\/www.stratallhub.com\/store\/#\/schema\/logo\/image\/"},"sameAs":["http:\/\/facebook.com\/deleageexpansion"]}]}},"wcpa_form_fields":{"wcpaData":{"product":{"product_price":212,"price_html":"\u00c0 partir de <span class=\"woocommerce-Price-amount amount\"><bdi>212<span class=\"woocommerce-Price-currencySymbol\"> \u20ac<\/span><\/bdi><\/span> <small class=\"woocommerce-price-suffix\">ht<\/small>","original_product_price":212,"price_including_tax":254.4,"price_excluding_tax":212,"product_id":{"parent":23678,"variation":false},"is_variable":true,"stock_status":"instock","stock_quantity":null,"parent_sku":"tourzigzag","product_attributes":{"taille":{"is_variation":true,"values":[]},"points-forts":{"is_variation":false,"values":["Modularit\u00e9, Simplicit\u00e9 du produit, L\u00e9g\u00e8ret\u00e9, R\u00e9utilisable \u00e0 volont\u00e9, Montage simple et rapide sans outil, Classement feu M1."]},"option-dimpression":{"is_variation":true,"values":[]}},"custom_fields":[],"is_taxable":true},"fields":{"sec_369e415c078628":{"extra":{"key":"sec_369e415c078628","section_id":"sec_369e415c078628","name":"Default","status":1,"cl_rule":"show","enableCl":false,"relations":[],"toggle":true,"title_tag":"h3","show_title":false,"showPrice":"default","form_id":49405,"form_rules":{"exclude_from_discount":false,"fee_label":"Fee","disp_hide_options_price":false,"disp_show_section_price":false,"disp_show_field_price":false,"layout_option":"standard","pric_use_as_fee":true,"process_fee_as":"woo_fee"},"layout_option":"standard"},"fields":[[{"type":"file","elementId":"wcpa-file-1684835325461","label":"T\u00e9l\u00e9chargez vos fichiers (Facultatif)","description":"type jpg, png, pdf, eps, maximum 128 Mo. Au del\u00e0 ou pour tout autre type de fichier, veuillez utiliser Wetransfer sur l\u2019adresse contact@stratallhub.com. La qualit\u00e9 du fichier sera contr\u00f4l\u00e9e et un BAT vous sera envoy\u00e9 pour validation. <strong>Pour envoyez plusieurs fichiers, veuillez effectuer une s\u00e9lection multiple.<\/strong>","pricingType":"fixed","ajax_upload":true,"multiple_upload":true,"uploadsize":"128","name":"file-1684835325461","showUploadPreview":true,"exts_supported":["jpg","jpeg","png","gif","JPG","JPEG","PNG","GIF"],"cl_rule":"show","col":"3","relations":false,"active":true,"tooltip":"","upload_type":"ajax","allowedFileTypes":".jpg,.jpeg,.png,.gif,.JPG,.JPEG,.PNG,.GIF","gt_translate_keys":["label","description","tooltip"],"price_dependency":false,"cl_dependency":false,"value":""}]]}},"config":{"price_override":"","enable_recaptcha":false,"bind_quantity":false,"quantity_bind_formula":"","disp_summ_show_option_price":false,"disp_summ_show_product_price":true,"disp_summ_show_total_price":false,"disp_summ_show_fee":false,"disp_summ_show_discount":false,"summary_title":"","options_total_label":"Options Price","total_label":"Total","options_product_label":"Product Price","fee_label":"Fee","discount_label":"Discount","has_price":true,"has_quantity_formula":false},"mc_unit":1,"tax_rate":1,"tax_rate_real":0.2,"discount":{"percentage":0,"fixed":0},"design":{"conf":{"LabelPosition":"above","DescPosition":"above","UploadField":"custom_1","QuantityFieldStyle":"default"},"css":{"LeftLabelWidth":"120px"}},"formulas":[],"clones":false,"cartKey":false}},"_links":{"self":[{"href":"https:\/\/www.stratallhub.com\/store\/wp-json\/wp\/v2\/product\/23678","targetHints":{"allow":["GET"]}}],"collection":[{"href":"https:\/\/www.stratallhub.com\/store\/wp-json\/wp\/v2\/product"}],"about":[{"href":"https:\/\/www.stratallhub.com\/store\/wp-json\/wp\/v2\/types\/product"}],"replies":[{"embeddable":true,"href":"https:\/\/www.stratallhub.com\/store\/wp-json\/wp\/v2\/comments?post=23678"}],"wp:featuredmedia":[{"embeddable":true,"href":"https:\/\/www.stratallhub.com\/store\/wp-json\/wp\/v2\/media\/23708"}],"wp:attachment":[{"href":"https:\/\/www.stratallhub.com\/store\/wp-json\/wp\/v2\/media?parent=23678"}],"wp:term":[{"taxonomy":"product_brand","embeddable":true,"href":"https:\/\/www.stratallhub.com\/store\/wp-json\/wp\/v2\/product_brand?post=23678"},{"taxonomy":"product_cat","embeddable":true,"href":"https:\/\/www.stratallhub.com\/store\/wp-json\/wp\/v2\/product_cat?post=23678"},{"taxonomy":"product_tag","embeddable":true,"href":"https:\/\/www.stratallhub.com\/store\/wp-json\/wp\/v2\/product_tag?post=23678"}],"curies":[{"name":"wp","href":"https:\/\/api.w.org\/{rel}","templated":true}]}}