{"id":6805,"date":"2019-03-07T19:06:48","date_gmt":"2019-03-07T18:06:48","guid":{"rendered":"http:\/\/prod.deleage.com\/store\/?page_id=6805"},"modified":"2025-09-14T08:58:52","modified_gmt":"2025-09-14T08:58:52","slug":"vinyle-conformable","status":"publish","type":"page","link":"https:\/\/www.stratallhub.com\/store\/impression\/supports-adhesifs\/vinyle-conformable\/","title":{"rendered":"Vinyle ext\u00e9rieur"},"content":{"rendered":"<div id='av_section_1'  class='avia-section av-av_section-8118409a20acebe2a1adc166152dd0c5 main_color avia-section-default avia-no-border-styling  avia-builder-el-0  el_before_av_slideshow_full  avia-builder-el-first  avia-bg-style-scroll container_wrap fullsize'  ><div class='container av-section-cont-open' ><main  role=\"main\" itemprop=\"mainContentOfPage\"  class='template-page content  av-content-full alpha units'><div class='post-entry post-entry-type-page post-entry-6805'><div class='entry-content-wrapper clearfix'><div  class='flex_column av-av_one_full-2a9015ff38129c418a3f2eafba3e9512 av_one_full first flex_column_div  '     ><section  class='av_textblock_section av-av_textblock-18ec860c7e07088d2c0a993b614e8019 '   itemscope=\"itemscope\" itemtype=\"https:\/\/schema.org\/CreativeWork\" ><div class='avia_textblock'  itemprop=\"text\" ><h2 style='text-align: center;'>Nos derni\u00e8res r\u00e9alisations<\/h2>\n<\/div><\/section><\/p><\/div>\n<\/div><\/div><\/main><!-- close content main element --><\/div><\/div>\n<style type=\"text\/css\" data-created_by=\"avia_inline_auto\" id=\"style-css-av-autxlh-1c11b6bbaf760015b1be6c60cc05bff8\">\n.avia-section.av-autxlh-1c11b6bbaf760015b1be6c60cc05bff8{\nbackground-color:#eaeaea;\nbackground-image:unset;\n}\n<\/style>\n<div id='test'  class='avia-section av-autxlh-1c11b6bbaf760015b1be6c60cc05bff8 main_color avia-section-default avia-no-border-styling avia-bg-style-scroll container_wrap fullsize'  ><div class='container av-section-cont-open' ><div class='template-page content  av-content-full alpha units'><div class='post-entry post-entry-type-page post-entry-6805'><div class='entry-content-wrapper clearfix'>\n\n<style type=\"text\/css\" data-created_by=\"avia_inline_auto\" id=\"style-css-av-9mppo5-b7e457f8ccc3b6b5cc4d931c71a805da\">\n.flex_column.av-9mppo5-b7e457f8ccc3b6b5cc4d931c71a805da{\nborder-radius:0px 0px 0px 0px;\npadding:0px 0px 0px 0px;\n}\n<\/style>\n<div  class='flex_column av-9mppo5-b7e457f8ccc3b6b5cc4d931c71a805da av_one_fifth first flex_column_div av-zero-column-padding  '     ><\/div>\n<style type=\"text\/css\" data-created_by=\"avia_inline_auto\" id=\"style-css-av-82njcl-7439f5c5b552ec38250cdd977c0b3ed4\">\n.flex_column.av-82njcl-7439f5c5b552ec38250cdd977c0b3ed4{\nborder-radius:0px 0px 0px 0px;\npadding:0px 0px 0px 0px;\n}\n<\/style>\n<div  class='flex_column av-82njcl-7439f5c5b552ec38250cdd977c0b3ed4 av_three_fifth flex_column_div av-zero-column-padding  '     ><section  class='av_textblock_section av-6coyf9-88b9a87a71dc38b39d28e1be6779ebb3 '   itemscope=\"itemscope\" itemtype=\"https:\/\/schema.org\/CreativeWork\" ><div class='avia_textblock'  itemprop=\"text\" ><h2 style=\"text-align: center;\">Demandez un \u00e9chantillon gratuit !<\/h2>\n<p style=\"text-align: center;\">Vous souhaitez obtenir un \u00e9chantillon de nos supports d&rsquo;impression avant de faire votre choix ?<br \/>\nRendez vous sur notre formulaire de demande d&rsquo;\u00e9chantillons<br \/>\net s\u00e9lectionnez jusqu&rsquo;\u00e0 4 \u00e9chantillons parmi notre liste disponible.<\/p>\n<\/div><\/section><br \/>\n<div  class='avia-button-wrap av-4uqfv9-29a9e505f29434abe1f8f57169e2defe-wrap avia-button-center '>\n<style type=\"text\/css\" data-created_by=\"avia_inline_auto\" id=\"style-css-av-4uqfv9-29a9e505f29434abe1f8f57169e2defe\">\n#top #wrap_all .avia-button.av-4uqfv9-29a9e505f29434abe1f8f57169e2defe{\nbackground-color:#ffffff;\nborder-color:#ffffff;\ncolor:#000000;\ntransition:all 0.4s ease-in-out;\n}\n#top #wrap_all .avia-button.av-4uqfv9-29a9e505f29434abe1f8f57169e2defe .avia-svg-icon svg:first-child{\nfill:#000000;\nstroke:#000000;\n}\n<\/style>\n<a href='https:\/\/www.stratallhub.com\/store\/demande-dechantillons\/'  class='avia-button av-4uqfv9-29a9e505f29434abe1f8f57169e2defe av-link-btn avia-icon_select-no avia-size-large avia-position-center'   aria-label=\"DEMANDE D\u2019ECHANTILLON\"><span class='avia_iconbox_title' >DEMANDE D\u2019ECHANTILLON<\/span><\/a><\/div><\/p><\/div>\n<style type=\"text\/css\" data-created_by=\"avia_inline_auto\" id=\"style-css-av-29wj85-fad0a778cf7dc5d70ebf9affda2bf8c1\">\n.flex_column.av-29wj85-fad0a778cf7dc5d70ebf9affda2bf8c1{\nborder-radius:0px 0px 0px 0px;\npadding:0px 0px 0px 0px;\n}\n<\/style>\n<div  class='flex_column av-29wj85-fad0a778cf7dc5d70ebf9affda2bf8c1 av_one_fifth flex_column_div av-zero-column-padding  '     ><\/div>\n\n<\/div><\/div><\/div><!-- close content main div --><\/div><\/div>\n<style type=\"text\/css\" data-created_by=\"avia_inline_auto\" id=\"style-css-av-jt9xxsxv-652d00629ff539841d5e4d7c09285133\">\n.avia-section.av-jt9xxsxv-652d00629ff539841d5e4d7c09285133{\nbackground-color:#fcdc00;\nbackground-image:unset;\n}\n<\/style>\n<div id='av_section_3'  class='avia-section av-jt9xxsxv-652d00629ff539841d5e4d7c09285133 main_color avia-section-small avia-no-border-styling avia-bg-style-scroll av-minimum-height av-minimum-height-custom av-height-custom  container_wrap fullsize'   data-av_minimum_height_px='310'><div class='container av-section-cont-open' style='height:310px'><div class='template-page content  av-content-full alpha units'><div class='post-entry post-entry-type-page post-entry-6805'><div class='entry-content-wrapper clearfix'>\n<div class='flex_column_table av-2i7mjr-096b2e0a81f44468341c809b2ae351a2 sc-av_one_half av-equal-height-column-flextable'>\n<style type=\"text\/css\" data-created_by=\"avia_inline_auto\" id=\"style-css-av-2i7mjr-096b2e0a81f44468341c809b2ae351a2\">\n.flex_column.av-2i7mjr-096b2e0a81f44468341c809b2ae351a2{\nborder-radius:0px 0px 0px 0px;\npadding:20px 0px 15px 0px;\n}\n<\/style>\n<div  class='flex_column av-2i7mjr-096b2e0a81f44468341c809b2ae351a2 av_one_half first flex_column_table_cell av-equal-height-column av-align-top  '     ><style type=\"text\/css\" data-created_by=\"avia_inline_auto\" id=\"style-css-av-jt9y1svk-bbd423171a156f14367c228ae70130ed\">\n#top .av_textblock_section.av-jt9y1svk-bbd423171a156f14367c228ae70130ed .avia_textblock{\ncolor:#ffffff;\n}\n<\/style>\n<section  class='av_textblock_section av-jt9y1svk-bbd423171a156f14367c228ae70130ed '   itemscope=\"itemscope\" itemtype=\"https:\/\/schema.org\/CreativeWork\" ><div class='avia_textblock av_inherit_color'  itemprop=\"text\" ><h2>Consultez notre e-catalogue Print<\/h2>\n<p>Solutions pour salons, expositions, events : stands modulaires complets, r\u00e9utilisables et portables.<br \/>\nLes exemples ci-contre pr\u00e9sentent des stands fabriqu\u00e9s dans<br \/>\nnos ateliers et con\u00e7us par nos clients agences et partenaires.<\/p>\n<p>Habillage de cloison, cerce, comptoir, kakemono, tour, vitrine, stand parapluie, stand r\u00e9utilisable \u2026<\/p>\n<\/div><\/section><br \/>\n<div  class='avia-button-wrap av-jt9y3e3w-7f8d993594a22df75bc09cd0eed63cbe-wrap avia-button-left '>\n<style type=\"text\/css\" data-created_by=\"avia_inline_auto\" id=\"style-css-av-jt9y3e3w-7f8d993594a22df75bc09cd0eed63cbe\">\n#top #wrap_all .avia-button.av-jt9y3e3w-7f8d993594a22df75bc09cd0eed63cbe{\nbackground-color:#ffffff;\nborder-color:#ffffff;\ncolor:#fcdc00;\ntransition:all 0.4s ease-in-out;\n}\n#top #wrap_all .avia-button.av-jt9y3e3w-7f8d993594a22df75bc09cd0eed63cbe .avia-svg-icon svg:first-child{\nfill:#fcdc00;\nstroke:#fcdc00;\n}\n<\/style>\n<a href='https:\/\/www.stratallhub.com\/store\/wp-content\/uploads\/2021\/02\/Plaquette-Print-2021.pdf'  class='avia-button av-jt9y3e3w-7f8d993594a22df75bc09cd0eed63cbe av-link-btn avia-icon_select-no avia-size-large avia-position-left'  target=\"_blank\"  rel=\"noopener noreferrer\"  aria-label=\"T\u00c9L\u00c9CHARGER \"><span class='avia_iconbox_title' >T\u00c9L\u00c9CHARGER <\/span><\/a><\/div><\/p><\/div><\/div><!--close column table wrapper. Autoclose: 1 --><div class='flex_column_table av-2i7mjr-1-73ffa5693a578dbf5a7ff7acf080c832 sc-av_one_half av-equal-height-column-flextable'><div class='av-flex-placeholder'><\/div>\n<style type=\"text\/css\" data-created_by=\"avia_inline_auto\" id=\"style-css-av-2i7mjr-1-73ffa5693a578dbf5a7ff7acf080c832\">\n.flex_column.av-2i7mjr-1-73ffa5693a578dbf5a7ff7acf080c832{\nborder-radius:0px 0px 0px 0px;\npadding:0px 0px 0px 0px;\nbackground:url(https:\/\/www.stratallhub.com\/store\/wp-content\/uploads\/2019\/04\/print.png) 100% 100% no-repeat scroll ;\n}\n<\/style>\n<div  class='flex_column av-2i7mjr-1-73ffa5693a578dbf5a7ff7acf080c832 av_one_half flex_column_table_cell av-equal-height-column av-align-top av-zero-column-padding  '     ><\/div><\/div><!--close column table wrapper. Autoclose: 1 -->\n\n","protected":false},"excerpt":{"rendered":"","protected":false},"author":686,"featured_media":35399,"parent":30544,"menu_order":13,"comment_status":"closed","ping_status":"closed","template":"","meta":{"_acf_changed":false,"footnotes":""},"class_list":["post-6805","page","type-page","status-publish","has-post-thumbnail","hentry"],"acf":[],"yoast_head":"<!-- This site is optimized with the Yoast SEO plugin v27.2 - https:\/\/yoast.com\/product\/yoast-seo-wordpress\/ -->\n<title>Votre impression sur vinyle conformable ou anti-graffiti - Store Del\u00e9age<\/title>\n<meta name=\"description\" content=\"D\u00e9couvrez nos vinyles adh\u00e9sifs ext\u00e9rieurs conformables et anti-graffiti, durables et \u00e9cologiques, pour signal\u00e9tique, covering v\u00e9hicules et d\u00e9coration fa\u00e7ades.\" \/>\n<meta name=\"robots\" content=\"noindex, follow, max-snippet:-1, max-image-preview:large, max-video-preview:-1\" \/>\n<meta property=\"og:locale\" content=\"fr_FR\" \/>\n<meta property=\"og:type\" content=\"article\" \/>\n<meta property=\"og:title\" content=\"Votre impression sur vinyle conformable ou anti-graffiti - Store Del\u00e9age\" \/>\n<meta property=\"og:description\" content=\"D\u00e9couvrez nos vinyles adh\u00e9sifs ext\u00e9rieurs conformables et anti-graffiti, durables et \u00e9cologiques, pour signal\u00e9tique, covering v\u00e9hicules et d\u00e9coration fa\u00e7ades.\" \/>\n<meta property=\"og:url\" content=\"https:\/\/www.stratallhub.com\/store\/impression\/supports-adhesifs\/vinyle-conformable\/\" \/>\n<meta property=\"og:site_name\" content=\"Store Del\u00e9age\" \/>\n<meta property=\"article:publisher\" content=\"http:\/\/facebook.com\/deleageexpansion\" \/>\n<meta property=\"article:modified_time\" content=\"2025-09-14T08:58:52+00:00\" \/>\n<meta property=\"og:image\" content=\"https:\/\/www.stratallhub.com\/store\/wp-content\/uploads\/2020\/11\/vitrophanie-ecologique-pose-alpiniste.jpg\" \/>\n\t<meta property=\"og:image:width\" content=\"600\" \/>\n\t<meta property=\"og:image:height\" content=\"600\" \/>\n\t<meta property=\"og:image:type\" content=\"image\/jpeg\" \/>\n<meta name=\"twitter:card\" content=\"summary_large_image\" \/>\n<meta name=\"twitter:label1\" content=\"Dur\u00e9e de lecture estim\u00e9e\" \/>\n\t<meta name=\"twitter:data1\" content=\"7 minutes\" \/>\n<script type=\"application\/ld+json\" class=\"yoast-schema-graph\">{\"@context\":\"https:\/\/schema.org\",\"@graph\":[{\"@type\":\"WebPage\",\"@id\":\"https:\/\/www.stratallhub.com\/store\/impression\/supports-adhesifs\/vinyle-conformable\/\",\"url\":\"https:\/\/www.stratallhub.com\/store\/impression\/supports-adhesifs\/vinyle-conformable\/\",\"name\":\"Votre impression sur vinyle conformable ou anti-graffiti - Store Del\u00e9age\",\"isPartOf\":{\"@id\":\"https:\/\/www.stratallhub.com\/store\/#website\"},\"primaryImageOfPage\":{\"@id\":\"https:\/\/www.stratallhub.com\/store\/impression\/supports-adhesifs\/vinyle-conformable\/#primaryimage\"},\"image\":{\"@id\":\"https:\/\/www.stratallhub.com\/store\/impression\/supports-adhesifs\/vinyle-conformable\/#primaryimage\"},\"thumbnailUrl\":\"https:\/\/www.stratallhub.com\/store\/wp-content\/uploads\/2020\/11\/vitrophanie-ecologique-pose-alpiniste.jpg\",\"datePublished\":\"2019-03-07T18:06:48+00:00\",\"dateModified\":\"2025-09-14T08:58:52+00:00\",\"description\":\"D\u00e9couvrez nos vinyles adh\u00e9sifs ext\u00e9rieurs conformables et anti-graffiti, durables et \u00e9cologiques, pour signal\u00e9tique, covering v\u00e9hicules et d\u00e9coration fa\u00e7ades.\",\"breadcrumb\":{\"@id\":\"https:\/\/www.stratallhub.com\/store\/impression\/supports-adhesifs\/vinyle-conformable\/#breadcrumb\"},\"inLanguage\":\"fr-FR\",\"potentialAction\":[{\"@type\":\"ReadAction\",\"target\":[\"https:\/\/www.stratallhub.com\/store\/impression\/supports-adhesifs\/vinyle-conformable\/\"]}]},{\"@type\":\"ImageObject\",\"inLanguage\":\"fr-FR\",\"@id\":\"https:\/\/www.stratallhub.com\/store\/impression\/supports-adhesifs\/vinyle-conformable\/#primaryimage\",\"url\":\"https:\/\/www.stratallhub.com\/store\/wp-content\/uploads\/2020\/11\/vitrophanie-ecologique-pose-alpiniste.jpg\",\"contentUrl\":\"https:\/\/www.stratallhub.com\/store\/wp-content\/uploads\/2020\/11\/vitrophanie-ecologique-pose-alpiniste.jpg\",\"width\":600,\"height\":600,\"caption\":\"3 VINYLE EXT\u00c9RIEUR\"},{\"@type\":\"WebSite\",\"@id\":\"https:\/\/www.stratallhub.com\/store\/#website\",\"url\":\"https:\/\/www.stratallhub.com\/store\/\",\"name\":\"Store Del\u00e9age\",\"description\":\"Just another WordPress site\",\"publisher\":{\"@id\":\"https:\/\/www.stratallhub.com\/store\/#organization\"},\"potentialAction\":[{\"@type\":\"SearchAction\",\"target\":{\"@type\":\"EntryPoint\",\"urlTemplate\":\"https:\/\/www.stratallhub.com\/store\/?s={search_term_string}\"},\"query-input\":{\"@type\":\"PropertyValueSpecification\",\"valueRequired\":true,\"valueName\":\"search_term_string\"}}],\"inLanguage\":\"fr-FR\"},{\"@type\":\"Organization\",\"@id\":\"https:\/\/www.stratallhub.com\/store\/#organization\",\"name\":\"Del\u00e9age Expansion\",\"url\":\"https:\/\/www.stratallhub.com\/store\/\",\"logo\":{\"@type\":\"ImageObject\",\"inLanguage\":\"fr-FR\",\"@id\":\"https:\/\/www.stratallhub.com\/store\/#\/schema\/logo\/image\/\",\"url\":\"https:\/\/www.deleage.com\/store\/wp-content\/uploads\/2018\/04\/logo-violet.png\",\"contentUrl\":\"https:\/\/www.deleage.com\/store\/wp-content\/uploads\/2018\/04\/logo-violet.png\",\"width\":316,\"height\":275,\"caption\":\"Del\u00e9age Expansion\"},\"image\":{\"@id\":\"https:\/\/www.stratallhub.com\/store\/#\/schema\/logo\/image\/\"},\"sameAs\":[\"http:\/\/facebook.com\/deleageexpansion\"]}]}<\/script>\n<!-- \/ Yoast SEO plugin. -->","yoast_head_json":{"title":"Votre impression sur vinyle conformable ou anti-graffiti - Store Del\u00e9age","description":"D\u00e9couvrez nos vinyles adh\u00e9sifs ext\u00e9rieurs conformables et anti-graffiti, durables et \u00e9cologiques, pour signal\u00e9tique, covering v\u00e9hicules et d\u00e9coration fa\u00e7ades.","robots":{"index":"noindex","follow":"follow","max-snippet":"max-snippet:-1","max-image-preview":"max-image-preview:large","max-video-preview":"max-video-preview:-1"},"og_locale":"fr_FR","og_type":"article","og_title":"Votre impression sur vinyle conformable ou anti-graffiti - Store Del\u00e9age","og_description":"D\u00e9couvrez nos vinyles adh\u00e9sifs ext\u00e9rieurs conformables et anti-graffiti, durables et \u00e9cologiques, pour signal\u00e9tique, covering v\u00e9hicules et d\u00e9coration fa\u00e7ades.","og_url":"https:\/\/www.stratallhub.com\/store\/impression\/supports-adhesifs\/vinyle-conformable\/","og_site_name":"Store Del\u00e9age","article_publisher":"http:\/\/facebook.com\/deleageexpansion","article_modified_time":"2025-09-14T08:58:52+00:00","og_image":[{"width":600,"height":600,"url":"https:\/\/www.stratallhub.com\/store\/wp-content\/uploads\/2020\/11\/vitrophanie-ecologique-pose-alpiniste.jpg","type":"image\/jpeg"}],"twitter_card":"summary_large_image","twitter_misc":{"Dur\u00e9e de lecture estim\u00e9e":"7 minutes"},"schema":{"@context":"https:\/\/schema.org","@graph":[{"@type":"WebPage","@id":"https:\/\/www.stratallhub.com\/store\/impression\/supports-adhesifs\/vinyle-conformable\/","url":"https:\/\/www.stratallhub.com\/store\/impression\/supports-adhesifs\/vinyle-conformable\/","name":"Votre impression sur vinyle conformable ou anti-graffiti - Store Del\u00e9age","isPartOf":{"@id":"https:\/\/www.stratallhub.com\/store\/#website"},"primaryImageOfPage":{"@id":"https:\/\/www.stratallhub.com\/store\/impression\/supports-adhesifs\/vinyle-conformable\/#primaryimage"},"image":{"@id":"https:\/\/www.stratallhub.com\/store\/impression\/supports-adhesifs\/vinyle-conformable\/#primaryimage"},"thumbnailUrl":"https:\/\/www.stratallhub.com\/store\/wp-content\/uploads\/2020\/11\/vitrophanie-ecologique-pose-alpiniste.jpg","datePublished":"2019-03-07T18:06:48+00:00","dateModified":"2025-09-14T08:58:52+00:00","description":"D\u00e9couvrez nos vinyles adh\u00e9sifs ext\u00e9rieurs conformables et anti-graffiti, durables et \u00e9cologiques, pour signal\u00e9tique, covering v\u00e9hicules et d\u00e9coration fa\u00e7ades.","breadcrumb":{"@id":"https:\/\/www.stratallhub.com\/store\/impression\/supports-adhesifs\/vinyle-conformable\/#breadcrumb"},"inLanguage":"fr-FR","potentialAction":[{"@type":"ReadAction","target":["https:\/\/www.stratallhub.com\/store\/impression\/supports-adhesifs\/vinyle-conformable\/"]}]},{"@type":"ImageObject","inLanguage":"fr-FR","@id":"https:\/\/www.stratallhub.com\/store\/impression\/supports-adhesifs\/vinyle-conformable\/#primaryimage","url":"https:\/\/www.stratallhub.com\/store\/wp-content\/uploads\/2020\/11\/vitrophanie-ecologique-pose-alpiniste.jpg","contentUrl":"https:\/\/www.stratallhub.com\/store\/wp-content\/uploads\/2020\/11\/vitrophanie-ecologique-pose-alpiniste.jpg","width":600,"height":600,"caption":"3 VINYLE EXT\u00c9RIEUR"},{"@type":"WebSite","@id":"https:\/\/www.stratallhub.com\/store\/#website","url":"https:\/\/www.stratallhub.com\/store\/","name":"Store Del\u00e9age","description":"Just another WordPress site","publisher":{"@id":"https:\/\/www.stratallhub.com\/store\/#organization"},"potentialAction":[{"@type":"SearchAction","target":{"@type":"EntryPoint","urlTemplate":"https:\/\/www.stratallhub.com\/store\/?s={search_term_string}"},"query-input":{"@type":"PropertyValueSpecification","valueRequired":true,"valueName":"search_term_string"}}],"inLanguage":"fr-FR"},{"@type":"Organization","@id":"https:\/\/www.stratallhub.com\/store\/#organization","name":"Del\u00e9age Expansion","url":"https:\/\/www.stratallhub.com\/store\/","logo":{"@type":"ImageObject","inLanguage":"fr-FR","@id":"https:\/\/www.stratallhub.com\/store\/#\/schema\/logo\/image\/","url":"https:\/\/www.deleage.com\/store\/wp-content\/uploads\/2018\/04\/logo-violet.png","contentUrl":"https:\/\/www.deleage.com\/store\/wp-content\/uploads\/2018\/04\/logo-violet.png","width":316,"height":275,"caption":"Del\u00e9age Expansion"},"image":{"@id":"https:\/\/www.stratallhub.com\/store\/#\/schema\/logo\/image\/"},"sameAs":["http:\/\/facebook.com\/deleageexpansion"]}]}},"_hostinger_reach_plugin_has_subscription_block":false,"_hostinger_reach_plugin_is_elementor":false,"_links":{"self":[{"href":"https:\/\/www.stratallhub.com\/store\/wp-json\/wp\/v2\/pages\/6805","targetHints":{"allow":["GET"]}}],"collection":[{"href":"https:\/\/www.stratallhub.com\/store\/wp-json\/wp\/v2\/pages"}],"about":[{"href":"https:\/\/www.stratallhub.com\/store\/wp-json\/wp\/v2\/types\/page"}],"author":[{"embeddable":true,"href":"https:\/\/www.stratallhub.com\/store\/wp-json\/wp\/v2\/users\/686"}],"replies":[{"embeddable":true,"href":"https:\/\/www.stratallhub.com\/store\/wp-json\/wp\/v2\/comments?post=6805"}],"version-history":[{"count":0,"href":"https:\/\/www.stratallhub.com\/store\/wp-json\/wp\/v2\/pages\/6805\/revisions"}],"up":[{"embeddable":true,"href":"https:\/\/www.stratallhub.com\/store\/wp-json\/wp\/v2\/pages\/30544"}],"wp:featuredmedia":[{"embeddable":true,"href":"https:\/\/www.stratallhub.com\/store\/wp-json\/wp\/v2\/media\/35399"}],"wp:attachment":[{"href":"https:\/\/www.stratallhub.com\/store\/wp-json\/wp\/v2\/media?parent=6805"}],"curies":[{"name":"wp","href":"https:\/\/api.w.org\/{rel}","templated":true}]}}