{"id":5933,"date":"2019-02-05T18:07:12","date_gmt":"2019-02-05T17:07:12","guid":{"rendered":"http:\/\/prod.deleage.com\/store\/?page_id=5933"},"modified":"2024-08-07T09:41:13","modified_gmt":"2024-08-07T09:41:13","slug":"oriflamme-et-drapeaux","status":"publish","type":"page","link":"https:\/\/www.stratallhub.com\/store\/outdoor\/evenementiel\/oriflamme-et-drapeaux\/","title":{"rendered":"Oriflamme et drapeaux"},"content":{"rendered":"<div id='av_section_1'  class='avia-section av-av_section-8118409a20acebe2a1adc166152dd0c5 main_color avia-section-default avia-no-border-styling  avia-builder-el-0  el_before_av_one_fourth  avia-builder-el-first  avia-bg-style-scroll container_wrap fullsize'  ><div class='container av-section-cont-open' ><main  role=\"main\" itemprop=\"mainContentOfPage\"  class='template-page content  av-content-full alpha units'><div class='post-entry post-entry-type-page post-entry-5933'><div class='entry-content-wrapper clearfix'><div  class='flex_column av-av_one_full-2a9015ff38129c418a3f2eafba3e9512 av_one_full first flex_column_div  '     ><section  class='av_textblock_section av-av_textblock-18ec860c7e07088d2c0a993b614e8019 '   itemscope=\"itemscope\" itemtype=\"https:\/\/schema.org\/CreativeWork\" ><div class='avia_textblock'  itemprop=\"text\" ><h2 style='text-align: center;'>Nos derni\u00e8res r\u00e9alisations<\/h2>\n<\/div><\/section><\/p><\/div><\/div><\/div><\/main><!-- close content main element --><\/div><\/div><div id='after_section_1'  class='main_color av_default_container_wrap container_wrap fullsize'  ><div class='container av-section-cont-open' ><div class='template-page content  av-content-full alpha units'><div class='post-entry post-entry-type-page post-entry-5933'><div class='entry-content-wrapper clearfix'>\n<\/div><\/div><\/div><!-- close content main div --><\/div><\/div>\n<style type=\"text\/css\" data-created_by=\"avia_inline_auto\" id=\"style-css-av-jt9xxsxv-2bce1c059c7c23a363b68be30df5330e\">\n.avia-section.av-jt9xxsxv-2bce1c059c7c23a363b68be30df5330e{\nbackground-color:#085a25;\nbackground-image:unset;\n}\n<\/style>\n<div id='av_section_2'  class='avia-section av-jt9xxsxv-2bce1c059c7c23a363b68be30df5330e main_color avia-section-small avia-no-border-styling avia-bg-style-scroll av-minimum-height av-minimum-height-custom av-height-custom  container_wrap fullsize'   data-av_minimum_height_px='310'><div class='container av-section-cont-open' style='height:310px'><div class='template-page content  av-content-full alpha units'><div class='post-entry post-entry-type-page post-entry-5933'><div class='entry-content-wrapper clearfix'>\n<div class='flex_column_table av-2i7mjr-096b2e0a81f44468341c809b2ae351a2 sc-av_one_half av-equal-height-column-flextable'>\n<style type=\"text\/css\" data-created_by=\"avia_inline_auto\" id=\"style-css-av-2i7mjr-096b2e0a81f44468341c809b2ae351a2\">\n.flex_column.av-2i7mjr-096b2e0a81f44468341c809b2ae351a2{\nborder-radius:0px 0px 0px 0px;\npadding:20px 0px 15px 0px;\n}\n<\/style>\n<div  class='flex_column av-2i7mjr-096b2e0a81f44468341c809b2ae351a2 av_one_half first flex_column_table_cell av-equal-height-column av-align-top  '     ><style type=\"text\/css\" data-created_by=\"avia_inline_auto\" id=\"style-css-av-jt9y1svk-bbd423171a156f14367c228ae70130ed\">\n#top .av_textblock_section.av-jt9y1svk-bbd423171a156f14367c228ae70130ed .avia_textblock{\ncolor:#ffffff;\n}\n<\/style>\n<section  class='av_textblock_section av-jt9y1svk-bbd423171a156f14367c228ae70130ed '   itemscope=\"itemscope\" itemtype=\"https:\/\/schema.org\/CreativeWork\" ><div class='avia_textblock av_inherit_color'  itemprop=\"text\" ><h2>Consultez notre e-catalogue outdoor<\/h2>\n<p>Solutions pour salons, expositions, events : stands modulaires complets, r\u00e9utilisables et portables.<br \/>\nLes exemples ci-contre pr\u00e9sentent des stands fabriqu\u00e9s dans<br \/>\nnos ateliers et con\u00e7us par nos clients agences et partenaires.<\/p>\n<p>Habillage de cloison, cerce, comptoir, kakemono, tour, vitrine, stand parapluie, stand r\u00e9utilisable \u2026<\/p>\n<\/div><\/section><br \/>\n<div  class='avia-button-wrap av-jt9y3e3w-48b0119267d23771938535f7b07e82ec-wrap avia-button-left '>\n<style type=\"text\/css\" data-created_by=\"avia_inline_auto\" id=\"style-css-av-jt9y3e3w-48b0119267d23771938535f7b07e82ec\">\n#top #wrap_all .avia-button.av-jt9y3e3w-48b0119267d23771938535f7b07e82ec{\nbackground-color:#ffffff;\nborder-color:#ffffff;\ncolor:#085a25;\ntransition:all 0.4s ease-in-out;\n}\n#top #wrap_all .avia-button.av-jt9y3e3w-48b0119267d23771938535f7b07e82ec .avia-svg-icon svg:first-child{\nfill:#085a25;\nstroke:#085a25;\n}\n<\/style>\n<a href='https:\/\/www.stratallhub.com\/store\/wp-content\/uploads\/2020\/11\/Plaquette-BD-Outdoor-2019.pdf'  class='avia-button av-jt9y3e3w-48b0119267d23771938535f7b07e82ec av-link-btn avia-icon_select-no avia-size-large avia-position-left'  target=\"_blank\"  rel=\"noopener noreferrer\"  aria-label=\"T\u00c9L\u00c9CHARGER \"><span class='avia_iconbox_title' >T\u00c9L\u00c9CHARGER <\/span><\/a><\/div><\/p><\/div><\/div><!--close column table wrapper. Autoclose: 1 --><div class='flex_column_table av-2i7mjr-1-6ea49d318fea81e554b943d73250c2c8 sc-av_one_half av-equal-height-column-flextable'><div class='av-flex-placeholder'><\/div>\n<style type=\"text\/css\" data-created_by=\"avia_inline_auto\" id=\"style-css-av-2i7mjr-1-6ea49d318fea81e554b943d73250c2c8\">\n.flex_column.av-2i7mjr-1-6ea49d318fea81e554b943d73250c2c8{\nborder-radius:0px 0px 0px 0px;\npadding:0px 0px 0px 0px;\nbackground:url(https:\/\/www.stratallhub.com\/store\/wp-content\/uploads\/2019\/04\/outdoor-1.png) 100% 100% no-repeat scroll ;\n}\n<\/style>\n<div  class='flex_column av-2i7mjr-1-6ea49d318fea81e554b943d73250c2c8 av_one_half flex_column_table_cell av-equal-height-column av-align-top av-zero-column-padding  '     ><\/div><\/div><!--close column table wrapper. Autoclose: 1 -->\n\n","protected":false},"excerpt":{"rendered":"","protected":false},"author":686,"featured_media":33878,"parent":5927,"menu_order":0,"comment_status":"closed","ping_status":"closed","template":"","meta":{"_acf_changed":false,"footnotes":""},"class_list":["post-5933","page","type-page","status-publish","has-post-thumbnail","hentry"],"acf":[],"yoast_head":"<!-- This site is optimized with the Yoast SEO plugin v27.2 - https:\/\/yoast.com\/product\/yoast-seo-wordpress\/ -->\n<title>Oriflamme et drapeau publicitaire - Store Del\u00e9age<\/title>\n<meta name=\"description\" content=\"Signalez votre pr\u00e9sence lors d\u2019un \u00e9v\u00e9nement ext\u00e9rieur de grande envergure gr\u00e2ce \u00e0 nos gammes d\u2019oriflammes et drapeaux publicitaires.\" \/>\n<meta name=\"robots\" content=\"noindex, follow, max-snippet:-1, max-image-preview:large, max-video-preview:-1\" \/>\n<meta property=\"og:locale\" content=\"fr_FR\" \/>\n<meta property=\"og:type\" content=\"article\" \/>\n<meta property=\"og:title\" content=\"Oriflamme et drapeau publicitaire - Store Del\u00e9age\" \/>\n<meta property=\"og:description\" content=\"Signalez votre pr\u00e9sence lors d\u2019un \u00e9v\u00e9nement ext\u00e9rieur de grande envergure gr\u00e2ce \u00e0 nos gammes d\u2019oriflammes et drapeaux publicitaires.\" \/>\n<meta property=\"og:url\" content=\"https:\/\/www.stratallhub.com\/store\/outdoor\/evenementiel\/oriflamme-et-drapeaux\/\" \/>\n<meta property=\"og:site_name\" content=\"Store Del\u00e9age\" \/>\n<meta property=\"article:publisher\" content=\"http:\/\/facebook.com\/deleageexpansion\" \/>\n<meta property=\"article:modified_time\" content=\"2024-08-07T09:41:13+00:00\" \/>\n<meta property=\"og:image\" content=\"https:\/\/www.stratallhub.com\/store\/wp-content\/uploads\/2020\/07\/oriflamme-forme-plume-11-2.jpeg\" \/>\n\t<meta property=\"og:image:width\" content=\"1200\" \/>\n\t<meta property=\"og:image:height\" content=\"1200\" \/>\n\t<meta property=\"og:image:type\" content=\"image\/jpeg\" \/>\n<meta name=\"twitter:card\" content=\"summary_large_image\" \/>\n<meta name=\"twitter:label1\" content=\"Dur\u00e9e de lecture estim\u00e9e\" \/>\n\t<meta name=\"twitter:data1\" content=\"17 minutes\" \/>\n<script type=\"application\/ld+json\" class=\"yoast-schema-graph\">{\"@context\":\"https:\/\/schema.org\",\"@graph\":[{\"@type\":\"WebPage\",\"@id\":\"https:\/\/www.stratallhub.com\/store\/outdoor\/evenementiel\/oriflamme-et-drapeaux\/\",\"url\":\"https:\/\/www.stratallhub.com\/store\/outdoor\/evenementiel\/oriflamme-et-drapeaux\/\",\"name\":\"Oriflamme et drapeau publicitaire - Store Del\u00e9age\",\"isPartOf\":{\"@id\":\"https:\/\/www.stratallhub.com\/store\/#website\"},\"primaryImageOfPage\":{\"@id\":\"https:\/\/www.stratallhub.com\/store\/outdoor\/evenementiel\/oriflamme-et-drapeaux\/#primaryimage\"},\"image\":{\"@id\":\"https:\/\/www.stratallhub.com\/store\/outdoor\/evenementiel\/oriflamme-et-drapeaux\/#primaryimage\"},\"thumbnailUrl\":\"https:\/\/www.stratallhub.com\/store\/wp-content\/uploads\/2020\/07\/oriflamme-forme-plume-11-2.jpeg\",\"datePublished\":\"2019-02-05T17:07:12+00:00\",\"dateModified\":\"2024-08-07T09:41:13+00:00\",\"description\":\"Signalez votre pr\u00e9sence lors d\u2019un \u00e9v\u00e9nement ext\u00e9rieur de grande envergure gr\u00e2ce \u00e0 nos gammes d\u2019oriflammes et drapeaux publicitaires.\",\"breadcrumb\":{\"@id\":\"https:\/\/www.stratallhub.com\/store\/outdoor\/evenementiel\/oriflamme-et-drapeaux\/#breadcrumb\"},\"inLanguage\":\"fr-FR\",\"potentialAction\":[{\"@type\":\"ReadAction\",\"target\":[\"https:\/\/www.stratallhub.com\/store\/outdoor\/evenementiel\/oriflamme-et-drapeaux\/\"]}]},{\"@type\":\"ImageObject\",\"inLanguage\":\"fr-FR\",\"@id\":\"https:\/\/www.stratallhub.com\/store\/outdoor\/evenementiel\/oriflamme-et-drapeaux\/#primaryimage\",\"url\":\"https:\/\/www.stratallhub.com\/store\/wp-content\/uploads\/2020\/07\/oriflamme-forme-plume-11-2.jpeg\",\"contentUrl\":\"https:\/\/www.stratallhub.com\/store\/wp-content\/uploads\/2020\/07\/oriflamme-forme-plume-11-2.jpeg\",\"width\":1200,\"height\":1200},{\"@type\":\"WebSite\",\"@id\":\"https:\/\/www.stratallhub.com\/store\/#website\",\"url\":\"https:\/\/www.stratallhub.com\/store\/\",\"name\":\"Store Del\u00e9age\",\"description\":\"Just another WordPress site\",\"publisher\":{\"@id\":\"https:\/\/www.stratallhub.com\/store\/#organization\"},\"potentialAction\":[{\"@type\":\"SearchAction\",\"target\":{\"@type\":\"EntryPoint\",\"urlTemplate\":\"https:\/\/www.stratallhub.com\/store\/?s={search_term_string}\"},\"query-input\":{\"@type\":\"PropertyValueSpecification\",\"valueRequired\":true,\"valueName\":\"search_term_string\"}}],\"inLanguage\":\"fr-FR\"},{\"@type\":\"Organization\",\"@id\":\"https:\/\/www.stratallhub.com\/store\/#organization\",\"name\":\"Del\u00e9age Expansion\",\"url\":\"https:\/\/www.stratallhub.com\/store\/\",\"logo\":{\"@type\":\"ImageObject\",\"inLanguage\":\"fr-FR\",\"@id\":\"https:\/\/www.stratallhub.com\/store\/#\/schema\/logo\/image\/\",\"url\":\"https:\/\/www.deleage.com\/store\/wp-content\/uploads\/2018\/04\/logo-violet.png\",\"contentUrl\":\"https:\/\/www.deleage.com\/store\/wp-content\/uploads\/2018\/04\/logo-violet.png\",\"width\":316,\"height\":275,\"caption\":\"Del\u00e9age Expansion\"},\"image\":{\"@id\":\"https:\/\/www.stratallhub.com\/store\/#\/schema\/logo\/image\/\"},\"sameAs\":[\"http:\/\/facebook.com\/deleageexpansion\"]}]}<\/script>\n<!-- \/ Yoast SEO plugin. -->","yoast_head_json":{"title":"Oriflamme et drapeau publicitaire - Store Del\u00e9age","description":"Signalez votre pr\u00e9sence lors d\u2019un \u00e9v\u00e9nement ext\u00e9rieur de grande envergure gr\u00e2ce \u00e0 nos gammes d\u2019oriflammes et drapeaux publicitaires.","robots":{"index":"noindex","follow":"follow","max-snippet":"max-snippet:-1","max-image-preview":"max-image-preview:large","max-video-preview":"max-video-preview:-1"},"og_locale":"fr_FR","og_type":"article","og_title":"Oriflamme et drapeau publicitaire - Store Del\u00e9age","og_description":"Signalez votre pr\u00e9sence lors d\u2019un \u00e9v\u00e9nement ext\u00e9rieur de grande envergure gr\u00e2ce \u00e0 nos gammes d\u2019oriflammes et drapeaux publicitaires.","og_url":"https:\/\/www.stratallhub.com\/store\/outdoor\/evenementiel\/oriflamme-et-drapeaux\/","og_site_name":"Store Del\u00e9age","article_publisher":"http:\/\/facebook.com\/deleageexpansion","article_modified_time":"2024-08-07T09:41:13+00:00","og_image":[{"width":1200,"height":1200,"url":"https:\/\/www.stratallhub.com\/store\/wp-content\/uploads\/2020\/07\/oriflamme-forme-plume-11-2.jpeg","type":"image\/jpeg"}],"twitter_card":"summary_large_image","twitter_misc":{"Dur\u00e9e de lecture estim\u00e9e":"17 minutes"},"schema":{"@context":"https:\/\/schema.org","@graph":[{"@type":"WebPage","@id":"https:\/\/www.stratallhub.com\/store\/outdoor\/evenementiel\/oriflamme-et-drapeaux\/","url":"https:\/\/www.stratallhub.com\/store\/outdoor\/evenementiel\/oriflamme-et-drapeaux\/","name":"Oriflamme et drapeau publicitaire - Store Del\u00e9age","isPartOf":{"@id":"https:\/\/www.stratallhub.com\/store\/#website"},"primaryImageOfPage":{"@id":"https:\/\/www.stratallhub.com\/store\/outdoor\/evenementiel\/oriflamme-et-drapeaux\/#primaryimage"},"image":{"@id":"https:\/\/www.stratallhub.com\/store\/outdoor\/evenementiel\/oriflamme-et-drapeaux\/#primaryimage"},"thumbnailUrl":"https:\/\/www.stratallhub.com\/store\/wp-content\/uploads\/2020\/07\/oriflamme-forme-plume-11-2.jpeg","datePublished":"2019-02-05T17:07:12+00:00","dateModified":"2024-08-07T09:41:13+00:00","description":"Signalez votre pr\u00e9sence lors d\u2019un \u00e9v\u00e9nement ext\u00e9rieur de grande envergure gr\u00e2ce \u00e0 nos gammes d\u2019oriflammes et drapeaux publicitaires.","breadcrumb":{"@id":"https:\/\/www.stratallhub.com\/store\/outdoor\/evenementiel\/oriflamme-et-drapeaux\/#breadcrumb"},"inLanguage":"fr-FR","potentialAction":[{"@type":"ReadAction","target":["https:\/\/www.stratallhub.com\/store\/outdoor\/evenementiel\/oriflamme-et-drapeaux\/"]}]},{"@type":"ImageObject","inLanguage":"fr-FR","@id":"https:\/\/www.stratallhub.com\/store\/outdoor\/evenementiel\/oriflamme-et-drapeaux\/#primaryimage","url":"https:\/\/www.stratallhub.com\/store\/wp-content\/uploads\/2020\/07\/oriflamme-forme-plume-11-2.jpeg","contentUrl":"https:\/\/www.stratallhub.com\/store\/wp-content\/uploads\/2020\/07\/oriflamme-forme-plume-11-2.jpeg","width":1200,"height":1200},{"@type":"WebSite","@id":"https:\/\/www.stratallhub.com\/store\/#website","url":"https:\/\/www.stratallhub.com\/store\/","name":"Store Del\u00e9age","description":"Just another WordPress site","publisher":{"@id":"https:\/\/www.stratallhub.com\/store\/#organization"},"potentialAction":[{"@type":"SearchAction","target":{"@type":"EntryPoint","urlTemplate":"https:\/\/www.stratallhub.com\/store\/?s={search_term_string}"},"query-input":{"@type":"PropertyValueSpecification","valueRequired":true,"valueName":"search_term_string"}}],"inLanguage":"fr-FR"},{"@type":"Organization","@id":"https:\/\/www.stratallhub.com\/store\/#organization","name":"Del\u00e9age Expansion","url":"https:\/\/www.stratallhub.com\/store\/","logo":{"@type":"ImageObject","inLanguage":"fr-FR","@id":"https:\/\/www.stratallhub.com\/store\/#\/schema\/logo\/image\/","url":"https:\/\/www.deleage.com\/store\/wp-content\/uploads\/2018\/04\/logo-violet.png","contentUrl":"https:\/\/www.deleage.com\/store\/wp-content\/uploads\/2018\/04\/logo-violet.png","width":316,"height":275,"caption":"Del\u00e9age Expansion"},"image":{"@id":"https:\/\/www.stratallhub.com\/store\/#\/schema\/logo\/image\/"},"sameAs":["http:\/\/facebook.com\/deleageexpansion"]}]}},"_hostinger_reach_plugin_has_subscription_block":false,"_hostinger_reach_plugin_is_elementor":false,"_links":{"self":[{"href":"https:\/\/www.stratallhub.com\/store\/wp-json\/wp\/v2\/pages\/5933","targetHints":{"allow":["GET"]}}],"collection":[{"href":"https:\/\/www.stratallhub.com\/store\/wp-json\/wp\/v2\/pages"}],"about":[{"href":"https:\/\/www.stratallhub.com\/store\/wp-json\/wp\/v2\/types\/page"}],"author":[{"embeddable":true,"href":"https:\/\/www.stratallhub.com\/store\/wp-json\/wp\/v2\/users\/686"}],"replies":[{"embeddable":true,"href":"https:\/\/www.stratallhub.com\/store\/wp-json\/wp\/v2\/comments?post=5933"}],"version-history":[{"count":0,"href":"https:\/\/www.stratallhub.com\/store\/wp-json\/wp\/v2\/pages\/5933\/revisions"}],"up":[{"embeddable":true,"href":"https:\/\/www.stratallhub.com\/store\/wp-json\/wp\/v2\/pages\/5927"}],"wp:featuredmedia":[{"embeddable":true,"href":"https:\/\/www.stratallhub.com\/store\/wp-json\/wp\/v2\/media\/33878"}],"wp:attachment":[{"href":"https:\/\/www.stratallhub.com\/store\/wp-json\/wp\/v2\/media?parent=5933"}],"curies":[{"name":"wp","href":"https:\/\/api.w.org\/{rel}","templated":true}]}}