{"id":5266,"date":"2018-12-20T15:48:34","date_gmt":"2018-12-20T14:48:34","guid":{"rendered":"http:\/\/prod.deleage.com\/store\/?page_id=5266"},"modified":"2025-02-11T08:24:28","modified_gmt":"2025-02-11T08:24:28","slug":"bache-mesh","status":"publish","type":"page","link":"https:\/\/www.stratallhub.com\/store\/impression\/supports-souples\/bache-mesh\/","title":{"rendered":"B\u00e2che Mesh"},"content":{"rendered":"<div id='av_section_1'  class='avia-section av-av_section-8118409a20acebe2a1adc166152dd0c5 main_color avia-section-default avia-no-border-styling  avia-builder-el-0  el_before_av_slideshow_full  avia-builder-el-first  avia-bg-style-scroll container_wrap fullsize'  ><div class='container av-section-cont-open' ><main  role=\"main\" itemprop=\"mainContentOfPage\"  class='template-page content  av-content-full alpha units'><div class='post-entry post-entry-type-page post-entry-5266'><div class='entry-content-wrapper clearfix'><div  class='flex_column av-av_one_full-2a9015ff38129c418a3f2eafba3e9512 av_one_full first flex_column_div  '     ><section  class='av_textblock_section av-av_textblock-18ec860c7e07088d2c0a993b614e8019 '   itemscope=\"itemscope\" itemtype=\"https:\/\/schema.org\/CreativeWork\" ><div class='avia_textblock'  itemprop=\"text\" ><h2 style='text-align: center;'>Nos derni\u00e8res r\u00e9alisations<\/h2>\n<\/div><\/section><\/p><\/div>\n<\/div><\/div><\/main><!-- close content main element --><\/div><\/div>\n<style type=\"text\/css\" data-created_by=\"avia_inline_auto\" id=\"style-css-av-bj9qsi-d4aa910061527579673b9b4e58f02fb6\">\n.avia-section.av-bj9qsi-d4aa910061527579673b9b4e58f02fb6{\nbackground-color:#eaeaea;\nbackground-image:unset;\n}\n<\/style>\n<div id='test'  class='avia-section av-bj9qsi-d4aa910061527579673b9b4e58f02fb6 main_color avia-section-default avia-no-border-styling avia-bg-style-scroll container_wrap fullsize'  ><div class='container av-section-cont-open' ><div class='template-page content  av-content-full alpha units'><div class='post-entry post-entry-type-page post-entry-5266'><div class='entry-content-wrapper clearfix'>\n\n<style type=\"text\/css\" data-created_by=\"avia_inline_auto\" id=\"style-css-av-9eqweq-ba8960c48f268ae08ce224535d8820da\">\n.flex_column.av-9eqweq-ba8960c48f268ae08ce224535d8820da{\nborder-radius:0px 0px 0px 0px;\npadding:0px 0px 0px 0px;\n}\n<\/style>\n<div  class='flex_column av-9eqweq-ba8960c48f268ae08ce224535d8820da av_one_fifth first flex_column_div av-zero-column-padding  '     ><\/div>\n<style type=\"text\/css\" data-created_by=\"avia_inline_auto\" id=\"style-css-av-6xgite-cb7b911e91b3aa8c7f1a95f43fd41eed\">\n.flex_column.av-6xgite-cb7b911e91b3aa8c7f1a95f43fd41eed{\nborder-radius:0px 0px 0px 0px;\npadding:0px 0px 0px 0px;\n}\n<\/style>\n<div  class='flex_column av-6xgite-cb7b911e91b3aa8c7f1a95f43fd41eed av_three_fifth flex_column_div av-zero-column-padding  '     ><section  class='av_textblock_section av-5n1s7m-ee494a400683cd47a7924bf07018c6b3 '   itemscope=\"itemscope\" itemtype=\"https:\/\/schema.org\/CreativeWork\" ><div class='avia_textblock'  itemprop=\"text\" ><h2 style=\"text-align: center;\">Demandez un \u00e9chantillon gratuit !<\/h2>\n<p style=\"text-align: center;\">Vous souhaitez obtenir un \u00e9chantillon de nos supports d&rsquo;impression avant de faire votre choix ?<br \/>\nRendez vous sur notre formulaire de demande d&rsquo;\u00e9chantillons<br \/>\net s\u00e9lectionnez jusqu&rsquo;\u00e0 4 \u00e9chantillons parmi notre liste disponible.<\/p>\n<\/div><\/section><br \/>\n<div  class='avia-button-wrap av-3qt2uq-168650facb45a65ab748f6904a807e5e-wrap avia-button-center '>\n<style type=\"text\/css\" data-created_by=\"avia_inline_auto\" id=\"style-css-av-3qt2uq-168650facb45a65ab748f6904a807e5e\">\n#top #wrap_all .avia-button.av-3qt2uq-168650facb45a65ab748f6904a807e5e{\nbackground-color:#ffffff;\nborder-color:#ffffff;\ncolor:#000000;\ntransition:all 0.4s ease-in-out;\n}\n#top #wrap_all .avia-button.av-3qt2uq-168650facb45a65ab748f6904a807e5e .avia-svg-icon svg:first-child{\nfill:#000000;\nstroke:#000000;\n}\n<\/style>\n<a href='https:\/\/www.stratallhub.com\/store\/demande-dechantillons\/'  class='avia-button av-3qt2uq-168650facb45a65ab748f6904a807e5e av-link-btn avia-icon_select-no avia-size-large avia-position-center'   aria-label=\"DEMANDE D\u2019ECHANTILLON\"><span class='avia_iconbox_title' >DEMANDE D\u2019ECHANTILLON<\/span><\/a><\/div><\/p><\/div>\n<style type=\"text\/css\" data-created_by=\"avia_inline_auto\" id=\"style-css-av-39yapu-9898e8eda8174f8c27d2e7f3541307df\">\n.flex_column.av-39yapu-9898e8eda8174f8c27d2e7f3541307df{\nborder-radius:0px 0px 0px 0px;\npadding:0px 0px 0px 0px;\n}\n<\/style>\n<div  class='flex_column av-39yapu-9898e8eda8174f8c27d2e7f3541307df av_one_fifth flex_column_div av-zero-column-padding  '     ><\/div>\n\n<\/div><\/div><\/div><!-- close content main div --><\/div><\/div>\n<style type=\"text\/css\" data-created_by=\"avia_inline_auto\" id=\"style-css-av-jt9xxsxv-652d00629ff539841d5e4d7c09285133\">\n.avia-section.av-jt9xxsxv-652d00629ff539841d5e4d7c09285133{\nbackground-color:#fcdc00;\nbackground-image:unset;\n}\n<\/style>\n<div id='av_section_3'  class='avia-section av-jt9xxsxv-652d00629ff539841d5e4d7c09285133 main_color avia-section-small avia-no-border-styling avia-bg-style-scroll av-minimum-height av-minimum-height-custom av-height-custom  container_wrap fullsize'   data-av_minimum_height_px='310'><div class='container av-section-cont-open' style='height:310px'><div class='template-page content  av-content-full alpha units'><div class='post-entry post-entry-type-page post-entry-5266'><div class='entry-content-wrapper clearfix'>\n<div class='flex_column_table av-2i7mjr-096b2e0a81f44468341c809b2ae351a2 sc-av_one_half av-equal-height-column-flextable'>\n<style type=\"text\/css\" data-created_by=\"avia_inline_auto\" id=\"style-css-av-2i7mjr-096b2e0a81f44468341c809b2ae351a2\">\n.flex_column.av-2i7mjr-096b2e0a81f44468341c809b2ae351a2{\nborder-radius:0px 0px 0px 0px;\npadding:20px 0px 15px 0px;\n}\n<\/style>\n<div  class='flex_column av-2i7mjr-096b2e0a81f44468341c809b2ae351a2 av_one_half first flex_column_table_cell av-equal-height-column av-align-top  '     ><style type=\"text\/css\" data-created_by=\"avia_inline_auto\" id=\"style-css-av-jt9y1svk-2-8ea88557a2ae449ca91f78bd73cd6eef\">\n#top .av_textblock_section.av-jt9y1svk-2-8ea88557a2ae449ca91f78bd73cd6eef .avia_textblock{\ncolor:#ffffff;\n}\n<\/style>\n<section  class='av_textblock_section av-jt9y1svk-2-8ea88557a2ae449ca91f78bd73cd6eef '   itemscope=\"itemscope\" itemtype=\"https:\/\/schema.org\/CreativeWork\" ><div class='avia_textblock av_inherit_color'  itemprop=\"text\" ><h2>Consultez notre e-catalogue Print<\/h2>\n<p>Solutions pour salons, expositions, events : stands modulaires complets, r\u00e9utilisables et portables.<br \/>\nLes exemples ci-contre pr\u00e9sentent des stands fabriqu\u00e9s dans<br \/>\nnos ateliers et con\u00e7us par nos clients agences et partenaires.<\/p>\n<p>Habillage de cloison, cerce, comptoir, kakemono, tour, vitrine, stand parapluie, stand r\u00e9utilisable \u2026<\/p>\n<\/div><\/section><br \/>\n<div  class='avia-button-wrap av-jt9y3e3w-7f8d993594a22df75bc09cd0eed63cbe-wrap avia-button-left '>\n<style type=\"text\/css\" data-created_by=\"avia_inline_auto\" id=\"style-css-av-jt9y3e3w-7f8d993594a22df75bc09cd0eed63cbe\">\n#top #wrap_all .avia-button.av-jt9y3e3w-7f8d993594a22df75bc09cd0eed63cbe{\nbackground-color:#ffffff;\nborder-color:#ffffff;\ncolor:#fcdc00;\ntransition:all 0.4s ease-in-out;\n}\n#top #wrap_all .avia-button.av-jt9y3e3w-7f8d993594a22df75bc09cd0eed63cbe .avia-svg-icon svg:first-child{\nfill:#fcdc00;\nstroke:#fcdc00;\n}\n<\/style>\n<a href='https:\/\/www.stratallhub.com\/store\/wp-content\/uploads\/2021\/02\/Plaquette-Print-2021.pdf'  class='avia-button av-jt9y3e3w-7f8d993594a22df75bc09cd0eed63cbe av-link-btn avia-icon_select-no avia-size-large avia-position-left'  target=\"_blank\"  rel=\"noopener noreferrer\"  aria-label=\"T\u00c9L\u00c9CHARGER \"><span class='avia_iconbox_title' >T\u00c9L\u00c9CHARGER <\/span><\/a><\/div><\/p><\/div><\/div><!--close column table wrapper. Autoclose: 1 --><div class='flex_column_table av-2i7mjr-1-73ffa5693a578dbf5a7ff7acf080c832 sc-av_one_half av-equal-height-column-flextable'><div class='av-flex-placeholder'><\/div>\n<style type=\"text\/css\" data-created_by=\"avia_inline_auto\" id=\"style-css-av-2i7mjr-1-73ffa5693a578dbf5a7ff7acf080c832\">\n.flex_column.av-2i7mjr-1-73ffa5693a578dbf5a7ff7acf080c832{\nborder-radius:0px 0px 0px 0px;\npadding:0px 0px 0px 0px;\nbackground:url(https:\/\/www.stratallhub.com\/store\/wp-content\/uploads\/2019\/04\/print.png) 100% 100% no-repeat scroll ;\n}\n<\/style>\n<div  class='flex_column av-2i7mjr-1-73ffa5693a578dbf5a7ff7acf080c832 av_one_half flex_column_table_cell av-equal-height-column av-align-top av-zero-column-padding  '     ><\/div><\/div><!--close column table wrapper. Autoclose: 1 -->\n\n","protected":false},"excerpt":{"rendered":"","protected":false},"author":686,"featured_media":35424,"parent":5981,"menu_order":1,"comment_status":"closed","ping_status":"closed","template":"","meta":{"_acf_changed":false,"footnotes":""},"class_list":["post-5266","page","type-page","status-publish","has-post-thumbnail","hentry"],"acf":[],"yoast_head":"<!-- This site is optimized with the Yoast SEO plugin v27.2 - https:\/\/yoast.com\/product\/yoast-seo-wordpress\/ -->\n<title>Impression sur b\u00e2che et banderole personnalis\u00e9e - Store Del\u00e9age<\/title>\n<meta name=\"description\" content=\"Du petit kakemono au d\u00e9cor monumental il n\u2019y a qu\u2019un pas ! Nos supports sont capables de tout\u2026 mpression sur b\u00e2che et banderole personnalis\u00e9e\" \/>\n<meta name=\"robots\" content=\"noindex, follow, max-snippet:-1, max-image-preview:large, max-video-preview:-1\" \/>\n<meta property=\"og:locale\" content=\"fr_FR\" \/>\n<meta property=\"og:type\" content=\"article\" \/>\n<meta property=\"og:title\" content=\"Impression sur b\u00e2che et banderole personnalis\u00e9e - Store Del\u00e9age\" \/>\n<meta property=\"og:description\" content=\"Du petit kakemono au d\u00e9cor monumental il n\u2019y a qu\u2019un pas ! Nos supports sont capables de tout\u2026 mpression sur b\u00e2che et banderole personnalis\u00e9e\" \/>\n<meta property=\"og:url\" content=\"https:\/\/www.stratallhub.com\/store\/impression\/supports-souples\/bache-mesh\/\" \/>\n<meta property=\"og:site_name\" content=\"Store Del\u00e9age\" \/>\n<meta property=\"article:publisher\" content=\"http:\/\/facebook.com\/deleageexpansion\" \/>\n<meta property=\"article:modified_time\" content=\"2025-02-11T08:24:28+00:00\" \/>\n<meta property=\"og:image\" content=\"https:\/\/www.stratallhub.com\/store\/wp-content\/uploads\/2020\/11\/trompe-loeil-bache-sur-echaffaudage.jpg\" \/>\n\t<meta property=\"og:image:width\" content=\"600\" \/>\n\t<meta property=\"og:image:height\" content=\"600\" \/>\n\t<meta property=\"og:image:type\" content=\"image\/jpeg\" \/>\n<meta name=\"twitter:card\" content=\"summary_large_image\" \/>\n<meta name=\"twitter:label1\" content=\"Dur\u00e9e de lecture estim\u00e9e\" \/>\n\t<meta name=\"twitter:data1\" content=\"12 minutes\" \/>\n<script type=\"application\/ld+json\" class=\"yoast-schema-graph\">{\"@context\":\"https:\/\/schema.org\",\"@graph\":[{\"@type\":\"WebPage\",\"@id\":\"https:\/\/www.stratallhub.com\/store\/impression\/supports-souples\/bache-mesh\/\",\"url\":\"https:\/\/www.stratallhub.com\/store\/impression\/supports-souples\/bache-mesh\/\",\"name\":\"Impression sur b\u00e2che et banderole personnalis\u00e9e - Store Del\u00e9age\",\"isPartOf\":{\"@id\":\"https:\/\/www.stratallhub.com\/store\/#website\"},\"primaryImageOfPage\":{\"@id\":\"https:\/\/www.stratallhub.com\/store\/impression\/supports-souples\/bache-mesh\/#primaryimage\"},\"image\":{\"@id\":\"https:\/\/www.stratallhub.com\/store\/impression\/supports-souples\/bache-mesh\/#primaryimage\"},\"thumbnailUrl\":\"https:\/\/www.stratallhub.com\/store\/wp-content\/uploads\/2020\/11\/trompe-loeil-bache-sur-echaffaudage.jpg\",\"datePublished\":\"2018-12-20T14:48:34+00:00\",\"dateModified\":\"2025-02-11T08:24:28+00:00\",\"description\":\"Du petit kakemono au d\u00e9cor monumental il n\u2019y a qu\u2019un pas ! Nos supports sont capables de tout\u2026 mpression sur b\u00e2che et banderole personnalis\u00e9e\",\"breadcrumb\":{\"@id\":\"https:\/\/www.stratallhub.com\/store\/impression\/supports-souples\/bache-mesh\/#breadcrumb\"},\"inLanguage\":\"fr-FR\",\"potentialAction\":[{\"@type\":\"ReadAction\",\"target\":[\"https:\/\/www.stratallhub.com\/store\/impression\/supports-souples\/bache-mesh\/\"]}]},{\"@type\":\"ImageObject\",\"inLanguage\":\"fr-FR\",\"@id\":\"https:\/\/www.stratallhub.com\/store\/impression\/supports-souples\/bache-mesh\/#primaryimage\",\"url\":\"https:\/\/www.stratallhub.com\/store\/wp-content\/uploads\/2020\/11\/trompe-loeil-bache-sur-echaffaudage.jpg\",\"contentUrl\":\"https:\/\/www.stratallhub.com\/store\/wp-content\/uploads\/2020\/11\/trompe-loeil-bache-sur-echaffaudage.jpg\",\"width\":600,\"height\":600,\"caption\":\"1 B\u00c2CHE \/ MESH \/ TOILE\"},{\"@type\":\"WebSite\",\"@id\":\"https:\/\/www.stratallhub.com\/store\/#website\",\"url\":\"https:\/\/www.stratallhub.com\/store\/\",\"name\":\"Store Del\u00e9age\",\"description\":\"Just another WordPress site\",\"publisher\":{\"@id\":\"https:\/\/www.stratallhub.com\/store\/#organization\"},\"potentialAction\":[{\"@type\":\"SearchAction\",\"target\":{\"@type\":\"EntryPoint\",\"urlTemplate\":\"https:\/\/www.stratallhub.com\/store\/?s={search_term_string}\"},\"query-input\":{\"@type\":\"PropertyValueSpecification\",\"valueRequired\":true,\"valueName\":\"search_term_string\"}}],\"inLanguage\":\"fr-FR\"},{\"@type\":\"Organization\",\"@id\":\"https:\/\/www.stratallhub.com\/store\/#organization\",\"name\":\"Del\u00e9age Expansion\",\"url\":\"https:\/\/www.stratallhub.com\/store\/\",\"logo\":{\"@type\":\"ImageObject\",\"inLanguage\":\"fr-FR\",\"@id\":\"https:\/\/www.stratallhub.com\/store\/#\/schema\/logo\/image\/\",\"url\":\"https:\/\/www.deleage.com\/store\/wp-content\/uploads\/2018\/04\/logo-violet.png\",\"contentUrl\":\"https:\/\/www.deleage.com\/store\/wp-content\/uploads\/2018\/04\/logo-violet.png\",\"width\":316,\"height\":275,\"caption\":\"Del\u00e9age Expansion\"},\"image\":{\"@id\":\"https:\/\/www.stratallhub.com\/store\/#\/schema\/logo\/image\/\"},\"sameAs\":[\"http:\/\/facebook.com\/deleageexpansion\"]}]}<\/script>\n<!-- \/ Yoast SEO plugin. -->","yoast_head_json":{"title":"Impression sur b\u00e2che et banderole personnalis\u00e9e - Store Del\u00e9age","description":"Du petit kakemono au d\u00e9cor monumental il n\u2019y a qu\u2019un pas ! Nos supports sont capables de tout\u2026 mpression sur b\u00e2che et banderole personnalis\u00e9e","robots":{"index":"noindex","follow":"follow","max-snippet":"max-snippet:-1","max-image-preview":"max-image-preview:large","max-video-preview":"max-video-preview:-1"},"og_locale":"fr_FR","og_type":"article","og_title":"Impression sur b\u00e2che et banderole personnalis\u00e9e - Store Del\u00e9age","og_description":"Du petit kakemono au d\u00e9cor monumental il n\u2019y a qu\u2019un pas ! Nos supports sont capables de tout\u2026 mpression sur b\u00e2che et banderole personnalis\u00e9e","og_url":"https:\/\/www.stratallhub.com\/store\/impression\/supports-souples\/bache-mesh\/","og_site_name":"Store Del\u00e9age","article_publisher":"http:\/\/facebook.com\/deleageexpansion","article_modified_time":"2025-02-11T08:24:28+00:00","og_image":[{"width":600,"height":600,"url":"https:\/\/www.stratallhub.com\/store\/wp-content\/uploads\/2020\/11\/trompe-loeil-bache-sur-echaffaudage.jpg","type":"image\/jpeg"}],"twitter_card":"summary_large_image","twitter_misc":{"Dur\u00e9e de lecture estim\u00e9e":"12 minutes"},"schema":{"@context":"https:\/\/schema.org","@graph":[{"@type":"WebPage","@id":"https:\/\/www.stratallhub.com\/store\/impression\/supports-souples\/bache-mesh\/","url":"https:\/\/www.stratallhub.com\/store\/impression\/supports-souples\/bache-mesh\/","name":"Impression sur b\u00e2che et banderole personnalis\u00e9e - Store Del\u00e9age","isPartOf":{"@id":"https:\/\/www.stratallhub.com\/store\/#website"},"primaryImageOfPage":{"@id":"https:\/\/www.stratallhub.com\/store\/impression\/supports-souples\/bache-mesh\/#primaryimage"},"image":{"@id":"https:\/\/www.stratallhub.com\/store\/impression\/supports-souples\/bache-mesh\/#primaryimage"},"thumbnailUrl":"https:\/\/www.stratallhub.com\/store\/wp-content\/uploads\/2020\/11\/trompe-loeil-bache-sur-echaffaudage.jpg","datePublished":"2018-12-20T14:48:34+00:00","dateModified":"2025-02-11T08:24:28+00:00","description":"Du petit kakemono au d\u00e9cor monumental il n\u2019y a qu\u2019un pas ! Nos supports sont capables de tout\u2026 mpression sur b\u00e2che et banderole personnalis\u00e9e","breadcrumb":{"@id":"https:\/\/www.stratallhub.com\/store\/impression\/supports-souples\/bache-mesh\/#breadcrumb"},"inLanguage":"fr-FR","potentialAction":[{"@type":"ReadAction","target":["https:\/\/www.stratallhub.com\/store\/impression\/supports-souples\/bache-mesh\/"]}]},{"@type":"ImageObject","inLanguage":"fr-FR","@id":"https:\/\/www.stratallhub.com\/store\/impression\/supports-souples\/bache-mesh\/#primaryimage","url":"https:\/\/www.stratallhub.com\/store\/wp-content\/uploads\/2020\/11\/trompe-loeil-bache-sur-echaffaudage.jpg","contentUrl":"https:\/\/www.stratallhub.com\/store\/wp-content\/uploads\/2020\/11\/trompe-loeil-bache-sur-echaffaudage.jpg","width":600,"height":600,"caption":"1 B\u00c2CHE \/ MESH \/ TOILE"},{"@type":"WebSite","@id":"https:\/\/www.stratallhub.com\/store\/#website","url":"https:\/\/www.stratallhub.com\/store\/","name":"Store Del\u00e9age","description":"Just another WordPress site","publisher":{"@id":"https:\/\/www.stratallhub.com\/store\/#organization"},"potentialAction":[{"@type":"SearchAction","target":{"@type":"EntryPoint","urlTemplate":"https:\/\/www.stratallhub.com\/store\/?s={search_term_string}"},"query-input":{"@type":"PropertyValueSpecification","valueRequired":true,"valueName":"search_term_string"}}],"inLanguage":"fr-FR"},{"@type":"Organization","@id":"https:\/\/www.stratallhub.com\/store\/#organization","name":"Del\u00e9age Expansion","url":"https:\/\/www.stratallhub.com\/store\/","logo":{"@type":"ImageObject","inLanguage":"fr-FR","@id":"https:\/\/www.stratallhub.com\/store\/#\/schema\/logo\/image\/","url":"https:\/\/www.deleage.com\/store\/wp-content\/uploads\/2018\/04\/logo-violet.png","contentUrl":"https:\/\/www.deleage.com\/store\/wp-content\/uploads\/2018\/04\/logo-violet.png","width":316,"height":275,"caption":"Del\u00e9age Expansion"},"image":{"@id":"https:\/\/www.stratallhub.com\/store\/#\/schema\/logo\/image\/"},"sameAs":["http:\/\/facebook.com\/deleageexpansion"]}]}},"_hostinger_reach_plugin_has_subscription_block":false,"_hostinger_reach_plugin_is_elementor":false,"_links":{"self":[{"href":"https:\/\/www.stratallhub.com\/store\/wp-json\/wp\/v2\/pages\/5266","targetHints":{"allow":["GET"]}}],"collection":[{"href":"https:\/\/www.stratallhub.com\/store\/wp-json\/wp\/v2\/pages"}],"about":[{"href":"https:\/\/www.stratallhub.com\/store\/wp-json\/wp\/v2\/types\/page"}],"author":[{"embeddable":true,"href":"https:\/\/www.stratallhub.com\/store\/wp-json\/wp\/v2\/users\/686"}],"replies":[{"embeddable":true,"href":"https:\/\/www.stratallhub.com\/store\/wp-json\/wp\/v2\/comments?post=5266"}],"version-history":[{"count":0,"href":"https:\/\/www.stratallhub.com\/store\/wp-json\/wp\/v2\/pages\/5266\/revisions"}],"up":[{"embeddable":true,"href":"https:\/\/www.stratallhub.com\/store\/wp-json\/wp\/v2\/pages\/5981"}],"wp:featuredmedia":[{"embeddable":true,"href":"https:\/\/www.stratallhub.com\/store\/wp-json\/wp\/v2\/media\/35424"}],"wp:attachment":[{"href":"https:\/\/www.stratallhub.com\/store\/wp-json\/wp\/v2\/media?parent=5266"}],"curies":[{"name":"wp","href":"https:\/\/api.w.org\/{rel}","templated":true}]}}