{"id":30011,"date":"2020-09-25T09:46:07","date_gmt":"2020-09-25T09:46:07","guid":{"rendered":"https:\/\/www.deleage.com\/store\/?page_id=30011"},"modified":"2025-09-14T08:22:05","modified_gmt":"2025-09-14T08:22:05","slug":"accessoires-dexposition","status":"publish","type":"page","link":"https:\/\/www.stratallhub.com\/store\/location\/location-pour-exposition\/accessoires-dexposition\/","title":{"rendered":"Accessoires d&rsquo;exposition"},"content":{"rendered":"<div id='av_section_1'  class='avia-section av-av_section-8118409a20acebe2a1adc166152dd0c5 main_color avia-section-default avia-no-border-styling  avia-builder-el-0  el_before_av_one_fourth  avia-builder-el-first  avia-bg-style-scroll container_wrap fullsize'  ><div class='container av-section-cont-open' ><main  role=\"main\" itemprop=\"mainContentOfPage\"  class='template-page content  av-content-full alpha units'><div class='post-entry post-entry-type-page post-entry-30011'><div class='entry-content-wrapper clearfix'><div  class='flex_column av-av_one_full-2a9015ff38129c418a3f2eafba3e9512 av_one_full first flex_column_div  '     ><section  class='av_textblock_section av-av_textblock-18ec860c7e07088d2c0a993b614e8019 '   itemscope=\"itemscope\" itemtype=\"https:\/\/schema.org\/CreativeWork\" ><div class='avia_textblock'  itemprop=\"text\" ><h2 style='text-align: center;'>Nos derni\u00e8res r\u00e9alisations<\/h2>\n<\/div><\/section><\/p><\/div><\/div><\/div><\/main><!-- close content main element --><\/div><\/div><div id='after_section_1'  class='main_color av_default_container_wrap container_wrap fullsize'  ><div class='container av-section-cont-open' ><div class='template-page content  av-content-full alpha units'><div class='post-entry post-entry-type-page post-entry-30011'><div class='entry-content-wrapper clearfix'>\n<\/div><\/div><\/div><!-- close content main div --><\/div><\/div>\n<style type=\"text\/css\" data-created_by=\"avia_inline_auto\" id=\"style-css-av-jt9xxsxv-89bfd7bef157de77a5ffd513e2dc4224\">\n.avia-section.av-jt9xxsxv-89bfd7bef157de77a5ffd513e2dc4224{\nbackground-color:#e2211c;\nbackground-image:unset;\n}\n<\/style>\n<div id='av_section_2'  class='avia-section av-jt9xxsxv-89bfd7bef157de77a5ffd513e2dc4224 main_color avia-section-small avia-no-border-styling avia-bg-style-scroll av-minimum-height av-minimum-height-custom av-height-custom  container_wrap fullsize'   data-av_minimum_height_px='310'><div class='container av-section-cont-open' style='height:310px'><div class='template-page content  av-content-full alpha units'><div class='post-entry post-entry-type-page post-entry-30011'><div class='entry-content-wrapper clearfix'>\n<div class='flex_column_table av-2i7mjr-096b2e0a81f44468341c809b2ae351a2 sc-av_one_half av-equal-height-column-flextable'>\n<style type=\"text\/css\" data-created_by=\"avia_inline_auto\" id=\"style-css-av-2i7mjr-096b2e0a81f44468341c809b2ae351a2\">\n.flex_column.av-2i7mjr-096b2e0a81f44468341c809b2ae351a2{\nborder-radius:0px 0px 0px 0px;\npadding:20px 0px 15px 0px;\n}\n<\/style>\n<div  class='flex_column av-2i7mjr-096b2e0a81f44468341c809b2ae351a2 av_one_half first flex_column_table_cell av-equal-height-column av-align-top  '     ><style type=\"text\/css\" data-created_by=\"avia_inline_auto\" id=\"style-css-av-jt9y1svk-bbd423171a156f14367c228ae70130ed\">\n#top .av_textblock_section.av-jt9y1svk-bbd423171a156f14367c228ae70130ed .avia_textblock{\ncolor:#ffffff;\n}\n<\/style>\n<section  class='av_textblock_section av-jt9y1svk-bbd423171a156f14367c228ae70130ed '   itemscope=\"itemscope\" itemtype=\"https:\/\/schema.org\/CreativeWork\" ><div class='avia_textblock av_inherit_color'  itemprop=\"text\" ><h2>Consultez notre e-catalogue location<\/h2>\n<p>Solutions pour salons, expositions, events : stands modulaires complets, r\u00e9utilisables et portables.<br \/>\nLes exemples ci-contre pr\u00e9sentent des stands fabriqu\u00e9s dans<br \/>\nnos ateliers et con\u00e7us par nos clients agences et partenaires.<\/p>\n<p>Habillage de cloison, cerce, comptoir, kakemono, tour, vitrine, stand parapluie, stand r\u00e9utilisable \u2026<\/p>\n<\/div><\/section><br \/>\n<div  class='avia-button-wrap av-jt9y3e3w-57394cb0b33c8d7d4b42c07b45edb577-wrap avia-button-left '>\n<style type=\"text\/css\" data-created_by=\"avia_inline_auto\" id=\"style-css-av-jt9y3e3w-57394cb0b33c8d7d4b42c07b45edb577\">\n#top #wrap_all .avia-button.av-jt9y3e3w-57394cb0b33c8d7d4b42c07b45edb577{\nbackground-color:#ffffff;\nborder-color:#ffffff;\ncolor:#8031a7;\ntransition:all 0.4s ease-in-out;\n}\n#top #wrap_all .avia-button.av-jt9y3e3w-57394cb0b33c8d7d4b42c07b45edb577 .avia-svg-icon svg:first-child{\nfill:#8031a7;\nstroke:#8031a7;\n}\n<\/style>\n<a href='https:\/\/www.stratallhub.com\/store\/wp-content\/uploads\/2020\/11\/Plaquette-BD-Location-2019.pdf'  class='avia-button av-jt9y3e3w-57394cb0b33c8d7d4b42c07b45edb577 av-link-btn avia-icon_select-no avia-size-large avia-position-left'  target=\"_blank\"  rel=\"noopener noreferrer\"  aria-label=\"T\u00c9L\u00c9CHARGER \"><span class='avia_iconbox_title' >T\u00c9L\u00c9CHARGER <\/span><\/a><\/div><\/p><\/div><\/div><!--close column table wrapper. Autoclose: 1 --><div class='flex_column_table av-2i7mjr-1-6d3789b487843a3fa1d35102c913cfab sc-av_one_half av-equal-height-column-flextable'><div class='av-flex-placeholder'><\/div>\n<style type=\"text\/css\" data-created_by=\"avia_inline_auto\" id=\"style-css-av-2i7mjr-1-6d3789b487843a3fa1d35102c913cfab\">\n.flex_column.av-2i7mjr-1-6d3789b487843a3fa1d35102c913cfab{\nborder-radius:0px 0px 0px 0px;\npadding:0px 0px 0px 0px;\nbackground:url(https:\/\/www.stratallhub.com\/store\/wp-content\/uploads\/2019\/04\/location.png) 100% 100% no-repeat scroll ;\n}\n<\/style>\n<div  class='flex_column av-2i7mjr-1-6d3789b487843a3fa1d35102c913cfab av_one_half flex_column_table_cell av-equal-height-column av-align-top av-zero-column-padding  '     ><\/div><\/div><!--close column table wrapper. Autoclose: 1 -->\n\n","protected":false},"excerpt":{"rendered":"","protected":false},"author":686,"featured_media":0,"parent":29098,"menu_order":4,"comment_status":"closed","ping_status":"closed","template":"","meta":{"_acf_changed":false,"footnotes":""},"class_list":["post-30011","page","type-page","status-publish","hentry"],"acf":[],"yoast_head":"<!-- This site is optimized with the Yoast SEO plugin v27.2 - https:\/\/yoast.com\/product\/yoast-seo-wordpress\/ -->\n<title>Location d&#039;accessoires d&#039;exposition - Store Del\u00e9age<\/title>\n<meta name=\"description\" content=\"Louez accessoires d\u2019exposition : cimaises, crochets, spots, embases pour stands, expos, \u00e9v\u00e9nements, solutions \u00e9co-responsables et \u00e9conomiques chez Deleage.\" \/>\n<meta name=\"robots\" content=\"noindex, follow, max-snippet:-1, max-image-preview:large, max-video-preview:-1\" \/>\n<meta property=\"og:locale\" content=\"fr_FR\" \/>\n<meta property=\"og:type\" content=\"article\" \/>\n<meta property=\"og:title\" content=\"Location d&#039;accessoires d&#039;exposition - Store Del\u00e9age\" \/>\n<meta property=\"og:description\" content=\"Louez accessoires d\u2019exposition : cimaises, crochets, spots, embases pour stands, expos, \u00e9v\u00e9nements, solutions \u00e9co-responsables et \u00e9conomiques chez Deleage.\" \/>\n<meta property=\"og:url\" content=\"https:\/\/www.stratallhub.com\/store\/location\/location-pour-exposition\/accessoires-dexposition\/\" \/>\n<meta property=\"og:site_name\" content=\"Store Del\u00e9age\" \/>\n<meta property=\"article:publisher\" content=\"http:\/\/facebook.com\/deleageexpansion\" \/>\n<meta property=\"article:modified_time\" content=\"2025-09-14T08:22:05+00:00\" \/>\n<meta name=\"twitter:card\" content=\"summary_large_image\" \/>\n<meta name=\"twitter:label1\" content=\"Dur\u00e9e de lecture estim\u00e9e\" \/>\n\t<meta name=\"twitter:data1\" content=\"4 minutes\" \/>\n<script type=\"application\/ld+json\" class=\"yoast-schema-graph\">{\"@context\":\"https:\/\/schema.org\",\"@graph\":[{\"@type\":\"WebPage\",\"@id\":\"https:\/\/www.stratallhub.com\/store\/location\/location-pour-exposition\/accessoires-dexposition\/\",\"url\":\"https:\/\/www.stratallhub.com\/store\/location\/location-pour-exposition\/accessoires-dexposition\/\",\"name\":\"Location d'accessoires d'exposition - Store Del\u00e9age\",\"isPartOf\":{\"@id\":\"https:\/\/www.stratallhub.com\/store\/#website\"},\"datePublished\":\"2020-09-25T09:46:07+00:00\",\"dateModified\":\"2025-09-14T08:22:05+00:00\",\"description\":\"Louez accessoires d\u2019exposition : cimaises, crochets, spots, embases pour stands, expos, \u00e9v\u00e9nements, solutions \u00e9co-responsables et \u00e9conomiques chez Deleage.\",\"breadcrumb\":{\"@id\":\"https:\/\/www.stratallhub.com\/store\/location\/location-pour-exposition\/accessoires-dexposition\/#breadcrumb\"},\"inLanguage\":\"fr-FR\",\"potentialAction\":[{\"@type\":\"ReadAction\",\"target\":[\"https:\/\/www.stratallhub.com\/store\/location\/location-pour-exposition\/accessoires-dexposition\/\"]}]},{\"@type\":\"WebSite\",\"@id\":\"https:\/\/www.stratallhub.com\/store\/#website\",\"url\":\"https:\/\/www.stratallhub.com\/store\/\",\"name\":\"Store Del\u00e9age\",\"description\":\"Just another WordPress site\",\"publisher\":{\"@id\":\"https:\/\/www.stratallhub.com\/store\/#organization\"},\"potentialAction\":[{\"@type\":\"SearchAction\",\"target\":{\"@type\":\"EntryPoint\",\"urlTemplate\":\"https:\/\/www.stratallhub.com\/store\/?s={search_term_string}\"},\"query-input\":{\"@type\":\"PropertyValueSpecification\",\"valueRequired\":true,\"valueName\":\"search_term_string\"}}],\"inLanguage\":\"fr-FR\"},{\"@type\":\"Organization\",\"@id\":\"https:\/\/www.stratallhub.com\/store\/#organization\",\"name\":\"Del\u00e9age Expansion\",\"url\":\"https:\/\/www.stratallhub.com\/store\/\",\"logo\":{\"@type\":\"ImageObject\",\"inLanguage\":\"fr-FR\",\"@id\":\"https:\/\/www.stratallhub.com\/store\/#\/schema\/logo\/image\/\",\"url\":\"https:\/\/www.deleage.com\/store\/wp-content\/uploads\/2018\/04\/logo-violet.png\",\"contentUrl\":\"https:\/\/www.deleage.com\/store\/wp-content\/uploads\/2018\/04\/logo-violet.png\",\"width\":316,\"height\":275,\"caption\":\"Del\u00e9age Expansion\"},\"image\":{\"@id\":\"https:\/\/www.stratallhub.com\/store\/#\/schema\/logo\/image\/\"},\"sameAs\":[\"http:\/\/facebook.com\/deleageexpansion\"]}]}<\/script>\n<!-- \/ Yoast SEO plugin. -->","yoast_head_json":{"title":"Location d'accessoires d'exposition - Store Del\u00e9age","description":"Louez accessoires d\u2019exposition : cimaises, crochets, spots, embases pour stands, expos, \u00e9v\u00e9nements, solutions \u00e9co-responsables et \u00e9conomiques chez Deleage.","robots":{"index":"noindex","follow":"follow","max-snippet":"max-snippet:-1","max-image-preview":"max-image-preview:large","max-video-preview":"max-video-preview:-1"},"og_locale":"fr_FR","og_type":"article","og_title":"Location d'accessoires d'exposition - Store Del\u00e9age","og_description":"Louez accessoires d\u2019exposition : cimaises, crochets, spots, embases pour stands, expos, \u00e9v\u00e9nements, solutions \u00e9co-responsables et \u00e9conomiques chez Deleage.","og_url":"https:\/\/www.stratallhub.com\/store\/location\/location-pour-exposition\/accessoires-dexposition\/","og_site_name":"Store Del\u00e9age","article_publisher":"http:\/\/facebook.com\/deleageexpansion","article_modified_time":"2025-09-14T08:22:05+00:00","twitter_card":"summary_large_image","twitter_misc":{"Dur\u00e9e de lecture estim\u00e9e":"4 minutes"},"schema":{"@context":"https:\/\/schema.org","@graph":[{"@type":"WebPage","@id":"https:\/\/www.stratallhub.com\/store\/location\/location-pour-exposition\/accessoires-dexposition\/","url":"https:\/\/www.stratallhub.com\/store\/location\/location-pour-exposition\/accessoires-dexposition\/","name":"Location d'accessoires d'exposition - Store Del\u00e9age","isPartOf":{"@id":"https:\/\/www.stratallhub.com\/store\/#website"},"datePublished":"2020-09-25T09:46:07+00:00","dateModified":"2025-09-14T08:22:05+00:00","description":"Louez accessoires d\u2019exposition : cimaises, crochets, spots, embases pour stands, expos, \u00e9v\u00e9nements, solutions \u00e9co-responsables et \u00e9conomiques chez Deleage.","breadcrumb":{"@id":"https:\/\/www.stratallhub.com\/store\/location\/location-pour-exposition\/accessoires-dexposition\/#breadcrumb"},"inLanguage":"fr-FR","potentialAction":[{"@type":"ReadAction","target":["https:\/\/www.stratallhub.com\/store\/location\/location-pour-exposition\/accessoires-dexposition\/"]}]},{"@type":"WebSite","@id":"https:\/\/www.stratallhub.com\/store\/#website","url":"https:\/\/www.stratallhub.com\/store\/","name":"Store Del\u00e9age","description":"Just another WordPress site","publisher":{"@id":"https:\/\/www.stratallhub.com\/store\/#organization"},"potentialAction":[{"@type":"SearchAction","target":{"@type":"EntryPoint","urlTemplate":"https:\/\/www.stratallhub.com\/store\/?s={search_term_string}"},"query-input":{"@type":"PropertyValueSpecification","valueRequired":true,"valueName":"search_term_string"}}],"inLanguage":"fr-FR"},{"@type":"Organization","@id":"https:\/\/www.stratallhub.com\/store\/#organization","name":"Del\u00e9age Expansion","url":"https:\/\/www.stratallhub.com\/store\/","logo":{"@type":"ImageObject","inLanguage":"fr-FR","@id":"https:\/\/www.stratallhub.com\/store\/#\/schema\/logo\/image\/","url":"https:\/\/www.deleage.com\/store\/wp-content\/uploads\/2018\/04\/logo-violet.png","contentUrl":"https:\/\/www.deleage.com\/store\/wp-content\/uploads\/2018\/04\/logo-violet.png","width":316,"height":275,"caption":"Del\u00e9age Expansion"},"image":{"@id":"https:\/\/www.stratallhub.com\/store\/#\/schema\/logo\/image\/"},"sameAs":["http:\/\/facebook.com\/deleageexpansion"]}]}},"_hostinger_reach_plugin_has_subscription_block":false,"_hostinger_reach_plugin_is_elementor":false,"_links":{"self":[{"href":"https:\/\/www.stratallhub.com\/store\/wp-json\/wp\/v2\/pages\/30011","targetHints":{"allow":["GET"]}}],"collection":[{"href":"https:\/\/www.stratallhub.com\/store\/wp-json\/wp\/v2\/pages"}],"about":[{"href":"https:\/\/www.stratallhub.com\/store\/wp-json\/wp\/v2\/types\/page"}],"author":[{"embeddable":true,"href":"https:\/\/www.stratallhub.com\/store\/wp-json\/wp\/v2\/users\/686"}],"replies":[{"embeddable":true,"href":"https:\/\/www.stratallhub.com\/store\/wp-json\/wp\/v2\/comments?post=30011"}],"version-history":[{"count":0,"href":"https:\/\/www.stratallhub.com\/store\/wp-json\/wp\/v2\/pages\/30011\/revisions"}],"up":[{"embeddable":true,"href":"https:\/\/www.stratallhub.com\/store\/wp-json\/wp\/v2\/pages\/29098"}],"wp:attachment":[{"href":"https:\/\/www.stratallhub.com\/store\/wp-json\/wp\/v2\/media?parent=30011"}],"curies":[{"name":"wp","href":"https:\/\/api.w.org\/{rel}","templated":true}]}}