{"id":1403,"date":"2018-12-11T10:23:44","date_gmt":"2018-12-11T09:23:44","guid":{"rendered":"http:\/\/prod.deleage.com\/store\/?page_id=1403"},"modified":"2024-02-29T15:54:09","modified_gmt":"2024-02-29T15:54:09","slug":"signaletique","status":"publish","type":"page","link":"https:\/\/www.stratallhub.com\/store\/signaletique\/","title":{"rendered":"signaletique"},"content":{"rendered":"<div id='av_section_1'  class='avia-section av-av_section-8118409a20acebe2a1adc166152dd0c5 main_color avia-section-default avia-no-border-styling  avia-builder-el-0  el_before_av_section  avia-builder-el-first  avia-bg-style-scroll container_wrap fullsize'  ><div class='container av-section-cont-open' ><main  role=\"main\" itemprop=\"mainContentOfPage\"  class='template-page content  av-content-full alpha units'><div class='post-entry post-entry-type-page post-entry-1403'><div class='entry-content-wrapper clearfix'><div  class='flex_column av-av_one_full-2a9015ff38129c418a3f2eafba3e9512 av_one_full first flex_column_div  '     ><section  class='av_textblock_section av-av_textblock-18ec860c7e07088d2c0a993b614e8019 '   itemscope=\"itemscope\" itemtype=\"https:\/\/schema.org\/CreativeWork\" ><div class='avia_textblock'  itemprop=\"text\" ><h2 style='text-align: center;'>Nos derni\u00e8res r\u00e9alisations<\/h2>\n<\/div><\/section><\/p><\/div>\n<\/div><\/div><\/main><!-- close content main element --><\/div><\/div>\n<style type=\"text\/css\" data-created_by=\"avia_inline_auto\" id=\"style-css-av-av_section-9bf5c2ea91c879e5b74b58e18d2286b2\">\n.avia-section.av-av_section-9bf5c2ea91c879e5b74b58e18d2286b2{\nbackground-color:#eaeaea;\nbackground-image:unset;\n}\n<\/style>\n<div id='av_section_2'  class='avia-section av-av_section-9bf5c2ea91c879e5b74b58e18d2286b2 main_color avia-section-default avia-no-border-styling  avia-builder-el-2  el_after_av_section  el_before_av_section  avia-bg-style-scroll av-minimum-height av-minimum-height-custom av-height-custom  container_wrap fullsize'   data-av_minimum_height_px='150'><div class='container av-section-cont-open' style='height:150px'><div class='template-page content  av-content-full alpha units'><div class='post-entry post-entry-type-page post-entry-1403'><div class='entry-content-wrapper clearfix'>\n<section  class='av_textblock_section av-av_textblock-1a7483ffac2cda6b64dd6ef4fdf7fef8 '   itemscope=\"itemscope\" itemtype=\"https:\/\/schema.org\/CreativeWork\" ><div class='avia_textblock'  itemprop=\"text\" ><h2 style=\"text-align: center;\"><span style=\"font-size: 30px;\">Nos guides, astuces, conseils<\/span><\/h2>\n<\/div><\/section>\n\n<\/div><\/div><\/div><!-- close content main div --><\/div><\/div><div id='sub_menu1'  class='av-submenu-container av-av_submenu-f90ff88e6f29d62c187a6b767c388897 main_color  submenu-style-3 container_wrap fullsize' style='z-index:301' ><div class='container av-menu-mobile-disabled av-submenu-pos-center'><ul id=\"menu-menu-block-principal\" class=\"av-subnav-menu\" role=\"menu\"><li role=\"menuitem\" id=\"menu-item-50196\" class=\"menu-item menu-item-type-custom menu-item-object-custom menu-item-top-level menu-item-top-level-1\"><a href=\"https:\/\/www.stratallhub.com\/stand\/\" itemprop=\"url\" tabindex=\"0\"><span class=\"avia-bullet\"><\/span><span class=\"avia-menu-text\">STAND<\/span><span class=\"avia-menu-fx\"><span class=\"avia-arrow-wrap\"><span class=\"avia-arrow\"><\/span><\/span><\/span><\/a><\/li>\n<li role=\"menuitem\" id=\"menu-item-50197\" class=\"menu-item menu-item-type-custom menu-item-object-custom menu-item-top-level menu-item-top-level-2\"><a href=\"https:\/\/www.stratallhub.com\/event\/\" itemprop=\"url\" tabindex=\"0\"><span class=\"avia-bullet\"><\/span><span class=\"avia-menu-text\">EVENT<\/span><span class=\"avia-menu-fx\"><span class=\"avia-arrow-wrap\"><span class=\"avia-arrow\"><\/span><\/span><\/span><\/a><\/li>\n<li role=\"menuitem\" id=\"menu-item-50198\" class=\"menu-item menu-item-type-custom menu-item-object-custom menu-item-top-level menu-item-top-level-3\"><a href=\"https:\/\/www.stratallhub.com\/deco\/\" itemprop=\"url\" tabindex=\"0\"><span class=\"avia-bullet\"><\/span><span class=\"avia-menu-text\">DECO<\/span><span class=\"avia-menu-fx\"><span class=\"avia-arrow-wrap\"><span class=\"avia-arrow\"><\/span><\/span><\/span><\/a><\/li>\n<li role=\"menuitem\" id=\"menu-item-50199\" class=\"menu-item menu-item-type-custom menu-item-object-custom menu-item-top-level menu-item-top-level-4\"><a href=\"https:\/\/www.stratallhub.com\/expo\/\" itemprop=\"url\" tabindex=\"0\"><span class=\"avia-bullet\"><\/span><span class=\"avia-menu-text\">EXPO<\/span><span class=\"avia-menu-fx\"><span class=\"avia-arrow-wrap\"><span class=\"avia-arrow\"><\/span><\/span><\/span><\/a><\/li>\n<li role=\"menuitem\" id=\"menu-item-50200\" class=\"menu-item menu-item-type-custom menu-item-object-custom menu-item-top-level menu-item-top-level-5\"><a href=\"https:\/\/www.stratallhub.com\/signaletique\/\" itemprop=\"url\" tabindex=\"0\"><span class=\"avia-bullet\"><\/span><span class=\"avia-menu-text\">SIGNA<\/span><span class=\"avia-menu-fx\"><span class=\"avia-arrow-wrap\"><span class=\"avia-arrow\"><\/span><\/span><\/span><\/a><\/li>\n<\/ul><\/div><\/div>\n<\/div><\/div><\/div><!-- close content main div --><\/div><\/div>\n<style type=\"text\/css\" data-created_by=\"avia_inline_auto\" id=\"style-css-av-jt9xxsxv-9-dbcb2a504de1fad376895a29aa960357\">\n.avia-section.av-jt9xxsxv-9-dbcb2a504de1fad376895a29aa960357{\nbackground-color:#9f9e9e;\nbackground-image:unset;\n}\n<\/style>\n<div id='av_section_3'  class='avia-section av-jt9xxsxv-9-dbcb2a504de1fad376895a29aa960357 main_color avia-section-small avia-no-border-styling avia-bg-style-scroll av-minimum-height av-minimum-height-custom av-height-custom  container_wrap fullsize'   data-av_minimum_height_px='350'><div class='container av-section-cont-open' style='height:350px'><div class='template-page content  av-content-full alpha units'><div class='post-entry post-entry-type-page post-entry-1403'><div class='entry-content-wrapper clearfix'>\n<div class='flex_column_table av-2i7mjr-5-42612b6c028acbac6541b2e4964388e9 sc-av_one_half av-equal-height-column-flextable'>\n<style type=\"text\/css\" data-created_by=\"avia_inline_auto\" id=\"style-css-av-2i7mjr-5-42612b6c028acbac6541b2e4964388e9\">\n.flex_column.av-2i7mjr-5-42612b6c028acbac6541b2e4964388e9{\nborder-radius:0px 0px 0px 0px;\npadding:20px 0px 15px 0px;\n}\n<\/style>\n<div  class='flex_column av-2i7mjr-5-42612b6c028acbac6541b2e4964388e9 av_one_half first flex_column_table_cell av-equal-height-column av-align-top  '     ><style type=\"text\/css\" data-created_by=\"avia_inline_auto\" id=\"style-css-av-jt9y1svk-4-da8896aad01d00992e2334a907eac67b\">\n#top .av_textblock_section.av-jt9y1svk-4-da8896aad01d00992e2334a907eac67b .avia_textblock{\ncolor:#ffffff;\n}\n<\/style>\n<section  class='av_textblock_section av-jt9y1svk-4-da8896aad01d00992e2334a907eac67b '   itemscope=\"itemscope\" itemtype=\"https:\/\/schema.org\/CreativeWork\" ><div class='avia_textblock av_inherit_color'  itemprop=\"text\" ><h2>Consultez notre e-catalogue signal\u00e9tique<\/h2>\n<p>Solutions pour salons, expositions, events : stands modulaires complets, r\u00e9utilisables et portables.<br \/>\nLes exemples ci-contre pr\u00e9sentent des stands fabriqu\u00e9s dans<br \/>\nnos ateliers et con\u00e7us par nos clients agences et partenaires.<\/p>\n<p>Habillage de cloison, cerce, comptoir, kakemono, tour, vitrine, stand parapluie, stand r\u00e9utilisable \u2026<\/p>\n<\/div><\/section><br \/>\n<div  class='avia-button-wrap av-jt9y3e3w-73be91ad099bb6f60d00e32122749d97-wrap avia-button-left '>\n<style type=\"text\/css\" data-created_by=\"avia_inline_auto\" id=\"style-css-av-jt9y3e3w-73be91ad099bb6f60d00e32122749d97\">\n#top #wrap_all .avia-button.av-jt9y3e3w-73be91ad099bb6f60d00e32122749d97{\nbackground-color:#ffffff;\nborder-color:#ffffff;\ncolor:#bababa;\ntransition:all 0.4s ease-in-out;\n}\n#top #wrap_all .avia-button.av-jt9y3e3w-73be91ad099bb6f60d00e32122749d97 .avia-svg-icon svg:first-child{\nfill:#bababa;\nstroke:#bababa;\n}\n<\/style>\n<a href='https:\/\/www.stratallhub.com\/store\/wp-content\/uploads\/2020\/11\/Plaquette-BD-Signaletique-2019.pdf'  class='avia-button av-jt9y3e3w-73be91ad099bb6f60d00e32122749d97 av-link-btn avia-icon_select-no avia-size-large avia-position-left'  target=\"_blank\"  rel=\"noopener noreferrer\"  aria-label=\"T\u00c9L\u00c9CHARGER \"><span class='avia_iconbox_title' >T\u00c9L\u00c9CHARGER <\/span><\/a><\/div><\/p><\/div><\/div><!--close column table wrapper. Autoclose: 1 --><div class='flex_column_table av-2i7mjr-3-493fd4b27ce1b97dd3e914f5aef67a3f sc-av_one_half av-equal-height-column-flextable'><div class='av-flex-placeholder'><\/div>\n<style type=\"text\/css\" data-created_by=\"avia_inline_auto\" id=\"style-css-av-2i7mjr-3-493fd4b27ce1b97dd3e914f5aef67a3f\">\n.flex_column.av-2i7mjr-3-493fd4b27ce1b97dd3e914f5aef67a3f{\nborder-radius:0px 0px 0px 0px;\npadding:0px 0px 0px 0px;\nbackground:url(https:\/\/www.stratallhub.com\/store\/wp-content\/uploads\/2019\/04\/signaletique.png) 100% 100% no-repeat scroll ;\n}\n<\/style>\n<div  class='flex_column av-2i7mjr-3-493fd4b27ce1b97dd3e914f5aef67a3f av_one_half flex_column_table_cell av-equal-height-column av-align-top av-zero-column-padding  '     ><\/div><\/div><!--close column table wrapper. Autoclose: 1 -->\n\n","protected":false},"excerpt":{"rendered":"","protected":false},"author":5,"featured_media":7906,"parent":0,"menu_order":3,"comment_status":"closed","ping_status":"closed","template":"","meta":{"_acf_changed":false,"footnotes":""},"class_list":["post-1403","page","type-page","status-publish","has-post-thumbnail","hentry"],"acf":[],"yoast_head":"<!-- This site is optimized with the Yoast SEO plugin v27.2 - https:\/\/yoast.com\/product\/yoast-seo-wordpress\/ -->\n<title>Signal\u00e9tique int\u00e9rieure et ext\u00e9rieure- Store Del\u00e9age<\/title>\n<meta name=\"description\" content=\"Del\u00e9age a s\u00e9lectionn\u00e9 des accessoires et des produits de signal\u00e9tique de bonnes factures utilisant des mat\u00e9riaux nobles tel que l\u2019inox, l\u2019aluminium, le verre\" \/>\n<meta name=\"robots\" content=\"noindex, follow, max-snippet:-1, max-image-preview:large, max-video-preview:-1\" \/>\n<meta property=\"og:locale\" content=\"fr_FR\" \/>\n<meta property=\"og:type\" content=\"article\" \/>\n<meta property=\"og:title\" content=\"Signal\u00e9tique int\u00e9rieure et ext\u00e9rieure- Store Del\u00e9age\" \/>\n<meta property=\"og:description\" content=\"Del\u00e9age a s\u00e9lectionn\u00e9 des accessoires et des produits de signal\u00e9tique de bonnes factures utilisant des mat\u00e9riaux nobles tel que l\u2019inox, l\u2019aluminium, le verre\" \/>\n<meta property=\"og:url\" content=\"https:\/\/www.stratallhub.com\/store\/signaletique\/\" \/>\n<meta property=\"og:site_name\" content=\"Store Del\u00e9age\" \/>\n<meta property=\"article:publisher\" content=\"http:\/\/facebook.com\/deleageexpansion\" \/>\n<meta property=\"article:modified_time\" content=\"2024-02-29T15:54:09+00:00\" \/>\n<meta property=\"og:image\" content=\"https:\/\/www.stratallhub.com\/store\/wp-content\/uploads\/2019\/05\/deleage-panneau-signale\u0301tique-plexi-dibond.jpg\" \/>\n\t<meta property=\"og:image:width\" content=\"1135\" \/>\n\t<meta property=\"og:image:height\" content=\"900\" \/>\n\t<meta property=\"og:image:type\" content=\"image\/jpeg\" \/>\n<meta name=\"twitter:card\" content=\"summary_large_image\" \/>\n<meta name=\"twitter:label1\" content=\"Dur\u00e9e de lecture estim\u00e9e\" \/>\n\t<meta name=\"twitter:data1\" content=\"5 minutes\" \/>\n<script type=\"application\/ld+json\" class=\"yoast-schema-graph\">{\"@context\":\"https:\/\/schema.org\",\"@graph\":[{\"@type\":\"WebPage\",\"@id\":\"https:\/\/www.stratallhub.com\/store\/signaletique\/\",\"url\":\"https:\/\/www.stratallhub.com\/store\/signaletique\/\",\"name\":\"Signal\u00e9tique int\u00e9rieure et ext\u00e9rieure- Store Del\u00e9age\",\"isPartOf\":{\"@id\":\"https:\/\/www.stratallhub.com\/store\/#website\"},\"primaryImageOfPage\":{\"@id\":\"https:\/\/www.stratallhub.com\/store\/signaletique\/#primaryimage\"},\"image\":{\"@id\":\"https:\/\/www.stratallhub.com\/store\/signaletique\/#primaryimage\"},\"thumbnailUrl\":\"https:\/\/www.stratallhub.com\/store\/wp-content\/uploads\/2019\/05\/deleage-panneau-signale\u0301tique-plexi-dibond.jpg\",\"datePublished\":\"2018-12-11T09:23:44+00:00\",\"dateModified\":\"2024-02-29T15:54:09+00:00\",\"description\":\"Del\u00e9age a s\u00e9lectionn\u00e9 des accessoires et des produits de signal\u00e9tique de bonnes factures utilisant des mat\u00e9riaux nobles tel que l\u2019inox, l\u2019aluminium, le verre\",\"breadcrumb\":{\"@id\":\"https:\/\/www.stratallhub.com\/store\/signaletique\/#breadcrumb\"},\"inLanguage\":\"fr-FR\",\"potentialAction\":[{\"@type\":\"ReadAction\",\"target\":[\"https:\/\/www.stratallhub.com\/store\/signaletique\/\"]}]},{\"@type\":\"ImageObject\",\"inLanguage\":\"fr-FR\",\"@id\":\"https:\/\/www.stratallhub.com\/store\/signaletique\/#primaryimage\",\"url\":\"https:\/\/www.stratallhub.com\/store\/wp-content\/uploads\/2019\/05\/deleage-panneau-signale\u0301tique-plexi-dibond.jpg\",\"contentUrl\":\"https:\/\/www.stratallhub.com\/store\/wp-content\/uploads\/2019\/05\/deleage-panneau-signale\u0301tique-plexi-dibond.jpg\",\"width\":1135,\"height\":900},{\"@type\":\"WebSite\",\"@id\":\"https:\/\/www.stratallhub.com\/store\/#website\",\"url\":\"https:\/\/www.stratallhub.com\/store\/\",\"name\":\"Store Del\u00e9age\",\"description\":\"Just another WordPress site\",\"publisher\":{\"@id\":\"https:\/\/www.stratallhub.com\/store\/#organization\"},\"potentialAction\":[{\"@type\":\"SearchAction\",\"target\":{\"@type\":\"EntryPoint\",\"urlTemplate\":\"https:\/\/www.stratallhub.com\/store\/?s={search_term_string}\"},\"query-input\":{\"@type\":\"PropertyValueSpecification\",\"valueRequired\":true,\"valueName\":\"search_term_string\"}}],\"inLanguage\":\"fr-FR\"},{\"@type\":\"Organization\",\"@id\":\"https:\/\/www.stratallhub.com\/store\/#organization\",\"name\":\"Del\u00e9age Expansion\",\"url\":\"https:\/\/www.stratallhub.com\/store\/\",\"logo\":{\"@type\":\"ImageObject\",\"inLanguage\":\"fr-FR\",\"@id\":\"https:\/\/www.stratallhub.com\/store\/#\/schema\/logo\/image\/\",\"url\":\"https:\/\/www.deleage.com\/store\/wp-content\/uploads\/2018\/04\/logo-violet.png\",\"contentUrl\":\"https:\/\/www.deleage.com\/store\/wp-content\/uploads\/2018\/04\/logo-violet.png\",\"width\":316,\"height\":275,\"caption\":\"Del\u00e9age Expansion\"},\"image\":{\"@id\":\"https:\/\/www.stratallhub.com\/store\/#\/schema\/logo\/image\/\"},\"sameAs\":[\"http:\/\/facebook.com\/deleageexpansion\"]}]}<\/script>\n<!-- \/ Yoast SEO plugin. -->","yoast_head_json":{"title":"Signal\u00e9tique int\u00e9rieure et ext\u00e9rieure- Store Del\u00e9age","description":"Del\u00e9age a s\u00e9lectionn\u00e9 des accessoires et des produits de signal\u00e9tique de bonnes factures utilisant des mat\u00e9riaux nobles tel que l\u2019inox, l\u2019aluminium, le verre","robots":{"index":"noindex","follow":"follow","max-snippet":"max-snippet:-1","max-image-preview":"max-image-preview:large","max-video-preview":"max-video-preview:-1"},"og_locale":"fr_FR","og_type":"article","og_title":"Signal\u00e9tique int\u00e9rieure et ext\u00e9rieure- Store Del\u00e9age","og_description":"Del\u00e9age a s\u00e9lectionn\u00e9 des accessoires et des produits de signal\u00e9tique de bonnes factures utilisant des mat\u00e9riaux nobles tel que l\u2019inox, l\u2019aluminium, le verre","og_url":"https:\/\/www.stratallhub.com\/store\/signaletique\/","og_site_name":"Store Del\u00e9age","article_publisher":"http:\/\/facebook.com\/deleageexpansion","article_modified_time":"2024-02-29T15:54:09+00:00","og_image":[{"width":1135,"height":900,"url":"https:\/\/www.stratallhub.com\/store\/wp-content\/uploads\/2019\/05\/deleage-panneau-signale\u0301tique-plexi-dibond.jpg","type":"image\/jpeg"}],"twitter_card":"summary_large_image","twitter_misc":{"Dur\u00e9e de lecture estim\u00e9e":"5 minutes"},"schema":{"@context":"https:\/\/schema.org","@graph":[{"@type":"WebPage","@id":"https:\/\/www.stratallhub.com\/store\/signaletique\/","url":"https:\/\/www.stratallhub.com\/store\/signaletique\/","name":"Signal\u00e9tique int\u00e9rieure et ext\u00e9rieure- Store Del\u00e9age","isPartOf":{"@id":"https:\/\/www.stratallhub.com\/store\/#website"},"primaryImageOfPage":{"@id":"https:\/\/www.stratallhub.com\/store\/signaletique\/#primaryimage"},"image":{"@id":"https:\/\/www.stratallhub.com\/store\/signaletique\/#primaryimage"},"thumbnailUrl":"https:\/\/www.stratallhub.com\/store\/wp-content\/uploads\/2019\/05\/deleage-panneau-signale\u0301tique-plexi-dibond.jpg","datePublished":"2018-12-11T09:23:44+00:00","dateModified":"2024-02-29T15:54:09+00:00","description":"Del\u00e9age a s\u00e9lectionn\u00e9 des accessoires et des produits de signal\u00e9tique de bonnes factures utilisant des mat\u00e9riaux nobles tel que l\u2019inox, l\u2019aluminium, le verre","breadcrumb":{"@id":"https:\/\/www.stratallhub.com\/store\/signaletique\/#breadcrumb"},"inLanguage":"fr-FR","potentialAction":[{"@type":"ReadAction","target":["https:\/\/www.stratallhub.com\/store\/signaletique\/"]}]},{"@type":"ImageObject","inLanguage":"fr-FR","@id":"https:\/\/www.stratallhub.com\/store\/signaletique\/#primaryimage","url":"https:\/\/www.stratallhub.com\/store\/wp-content\/uploads\/2019\/05\/deleage-panneau-signale\u0301tique-plexi-dibond.jpg","contentUrl":"https:\/\/www.stratallhub.com\/store\/wp-content\/uploads\/2019\/05\/deleage-panneau-signale\u0301tique-plexi-dibond.jpg","width":1135,"height":900},{"@type":"WebSite","@id":"https:\/\/www.stratallhub.com\/store\/#website","url":"https:\/\/www.stratallhub.com\/store\/","name":"Store Del\u00e9age","description":"Just another WordPress site","publisher":{"@id":"https:\/\/www.stratallhub.com\/store\/#organization"},"potentialAction":[{"@type":"SearchAction","target":{"@type":"EntryPoint","urlTemplate":"https:\/\/www.stratallhub.com\/store\/?s={search_term_string}"},"query-input":{"@type":"PropertyValueSpecification","valueRequired":true,"valueName":"search_term_string"}}],"inLanguage":"fr-FR"},{"@type":"Organization","@id":"https:\/\/www.stratallhub.com\/store\/#organization","name":"Del\u00e9age Expansion","url":"https:\/\/www.stratallhub.com\/store\/","logo":{"@type":"ImageObject","inLanguage":"fr-FR","@id":"https:\/\/www.stratallhub.com\/store\/#\/schema\/logo\/image\/","url":"https:\/\/www.deleage.com\/store\/wp-content\/uploads\/2018\/04\/logo-violet.png","contentUrl":"https:\/\/www.deleage.com\/store\/wp-content\/uploads\/2018\/04\/logo-violet.png","width":316,"height":275,"caption":"Del\u00e9age Expansion"},"image":{"@id":"https:\/\/www.stratallhub.com\/store\/#\/schema\/logo\/image\/"},"sameAs":["http:\/\/facebook.com\/deleageexpansion"]}]}},"_hostinger_reach_plugin_has_subscription_block":false,"_hostinger_reach_plugin_is_elementor":false,"_links":{"self":[{"href":"https:\/\/www.stratallhub.com\/store\/wp-json\/wp\/v2\/pages\/1403","targetHints":{"allow":["GET"]}}],"collection":[{"href":"https:\/\/www.stratallhub.com\/store\/wp-json\/wp\/v2\/pages"}],"about":[{"href":"https:\/\/www.stratallhub.com\/store\/wp-json\/wp\/v2\/types\/page"}],"author":[{"embeddable":true,"href":"https:\/\/www.stratallhub.com\/store\/wp-json\/wp\/v2\/users\/5"}],"replies":[{"embeddable":true,"href":"https:\/\/www.stratallhub.com\/store\/wp-json\/wp\/v2\/comments?post=1403"}],"version-history":[{"count":0,"href":"https:\/\/www.stratallhub.com\/store\/wp-json\/wp\/v2\/pages\/1403\/revisions"}],"wp:featuredmedia":[{"embeddable":true,"href":"https:\/\/www.stratallhub.com\/store\/wp-json\/wp\/v2\/media\/7906"}],"wp:attachment":[{"href":"https:\/\/www.stratallhub.com\/store\/wp-json\/wp\/v2\/media?parent=1403"}],"curies":[{"name":"wp","href":"https:\/\/api.w.org\/{rel}","templated":true}]}}